{"id":55904,"date":"2023-08-21T10:05:56","date_gmt":"2023-08-21T08:05:56","guid":{"rendered":"https:\/\/www.rmv-nederland.nl\/hotel-van-der-valk-gorinchem\/"},"modified":"2025-02-26T15:33:39","modified_gmt":"2025-02-26T14:33:39","slug":"hotel-van-der-valk-gorinchem","status":"publish","type":"page","link":"https:\/\/www.rmv-nederland.nl\/de\/hotel-van-der-valk-gorinchem\/","title":{"rendered":"Hotel van der Valk Gorinchem"},"content":{"rendered":"\t\t<div data-elementor-type=\"wp-page\" data-elementor-id=\"55904\" class=\"elementor elementor-55904 elementor-55889\" data-elementor-post-type=\"page\">\n\t\t\t\t\t\t<section class=\"elementor-section elementor-top-section elementor-element elementor-element-1dc6c22b elementor-section-boxed elementor-section-height-default elementor-section-height-default\" data-id=\"1dc6c22b\" data-element_type=\"section\">\n\t\t\t\t\t\t<div class=\"elementor-container elementor-column-gap-default\">\n\t\t\t\t\t<div class=\"elementor-column elementor-col-50 elementor-top-column elementor-element elementor-element-24e9c963\" data-id=\"24e9c963\" data-element_type=\"column\">\n\t\t\t<div class=\"elementor-widget-wrap elementor-element-populated\">\n\t\t\t\t\t\t<div class=\"elementor-element elementor-element-215c98cd elementor-widget elementor-widget-heading\" data-id=\"215c98cd\" data-element_type=\"widget\" data-widget_type=\"heading.default\">\n\t\t\t\t<div class=\"elementor-widget-container\">\n\t\t\t\t\t<h3 class=\"elementor-heading-title elementor-size-default\">\u00dcbernachten Sie im Hotel van der Valk Gorinchem<\/h3>\t\t\t\t<\/div>\n\t\t\t\t<\/div>\n\t\t\t\t<div class=\"elementor-element elementor-element-468b9b85 elementor-widget elementor-widget-text-editor\" data-id=\"468b9b85\" data-element_type=\"widget\" data-widget_type=\"text-editor.default\">\n\t\t\t\t<div class=\"elementor-widget-container\">\n\t\t\t\t\t\t\t\t\t<p>Sind Sie Aussteller oder Besucher des RMV Gorinchem und m\u00f6chten in der N\u00e4he \u00fcbernachten? Mit der Ankunft des Hotel van der Valk Gorinchem ist das viel einfacher geworden. Das neue Hotel liegt gegen\u00fcber der Evenementenhal und ist zu Fu\u00df in 5 Minuten erreichbar. Ideal zum \u00dcbernachten w\u00e4hrend RMV Gorinchem.<\/p>\n<p>Evenementenhal Gorinchem und Hotel van der Valk Gorinchem sind eine Partnerschaft eingegangen. Dies hat den Vorteil, dass Sie als Aussteller oder Besucher des RMV Gorinchem einen Aufenthalt im Hotel van der Valk Gorinchem mit einem Rabatt buchen k\u00f6nnen.<\/p>\n<p>Im Hotel stehen verschiedene Zimmer zur Verf\u00fcgung, au\u00dferdem besteht die M\u00f6glichkeit, das Fr\u00fchst\u00fcck inklusive oder exklusive zu buchen.<\/p>\n\t\t\t\t\t\t\t\t<\/div>\n\t\t\t\t<\/div>\n\t\t\t\t\t<\/div>\n\t\t<\/div>\n\t\t\t\t<div class=\"elementor-column elementor-col-50 elementor-top-column elementor-element elementor-element-257a7719\" data-id=\"257a7719\" data-element_type=\"column\">\n\t\t\t<div class=\"elementor-widget-wrap elementor-element-populated\">\n\t\t\t\t\t\t<div class=\"elementor-element elementor-element-7cb537f4 elementor-widget elementor-widget-image\" data-id=\"7cb537f4\" data-element_type=\"widget\" data-widget_type=\"image.default\">\n\t\t\t\t<div class=\"elementor-widget-container\">\n\t\t\t\t\t\t\t\t\t\t\t\t\t\t\t<img fetchpriority=\"high\" decoding=\"async\" width=\"600\" height=\"340\" src=\"https:\/\/easyfairsassets.com\/sites\/286\/2023\/08\/Van-der-Valk-Gorinchem-1.png\" class=\"attachment-full size-full wp-image-55893\" alt=\"\" srcset=\"https:\/\/easyfairsassets.com\/sites\/286\/2023\/08\/Van-der-Valk-Gorinchem-1.png 600w, https:\/\/easyfairsassets.com\/sites\/286\/2023\/08\/Van-der-Valk-Gorinchem-1-300x170.png 300w\" sizes=\"(max-width: 600px) 100vw, 600px\" \/>\t\t\t\t\t\t\t\t\t\t\t\t\t\t\t<\/div>\n\t\t\t\t<\/div>\n\t\t\t\t\t<\/div>\n\t\t<\/div>\n\t\t\t\t\t<\/div>\n\t\t<\/section>\n\t\t\t\t<section class=\"elementor-section elementor-top-section elementor-element elementor-element-474c1ace elementor-section-boxed elementor-section-height-default elementor-section-height-default\" data-id=\"474c1ace\" data-element_type=\"section\">\n\t\t\t\t\t\t<div class=\"elementor-container elementor-column-gap-default\">\n\t\t\t\t\t<div class=\"elementor-column elementor-col-100 elementor-top-column elementor-element elementor-element-5b199854\" data-id=\"5b199854\" data-element_type=\"column\">\n\t\t\t<div class=\"elementor-widget-wrap elementor-element-populated\">\n\t\t\t\t\t\t<div class=\"elementor-element elementor-element-21c5042e elementor-widget elementor-widget-heading\" data-id=\"21c5042e\" data-element_type=\"widget\" data-widget_type=\"heading.default\">\n\t\t\t\t<div class=\"elementor-widget-container\">\n\t\t\t\t\t<h3 class=\"elementor-heading-title elementor-size-default\">Bedingungen &amp; Reservierung<\/h3>\t\t\t\t<\/div>\n\t\t\t\t<\/div>\n\t\t\t\t<div class=\"elementor-element elementor-element-59606559 elementor-icon-list--layout-traditional elementor-list-item-link-full_width elementor-widget elementor-widget-icon-list\" data-id=\"59606559\" data-element_type=\"widget\" data-widget_type=\"icon-list.default\">\n\t\t\t\t<div class=\"elementor-widget-container\">\n\t\t\t\t\t\t\t<ul class=\"elementor-icon-list-items\">\n\t\t\t\t\t\t\t<li class=\"elementor-icon-list-item\">\n\t\t\t\t\t\t\t\t\t\t\t<span class=\"elementor-icon-list-icon\">\n\t\t\t\t\t\t\t<i aria-hidden=\"true\" class=\"fas fa-check\"><\/i>\t\t\t\t\t\t<\/span>\n\t\t\t\t\t\t\t\t\t\t<span class=\"elementor-icon-list-text\">Best available rate<\/span>\n\t\t\t\t\t\t\t\t\t<\/li>\n\t\t\t\t\t\t\t\t<li class=\"elementor-icon-list-item\">\n\t\t\t\t\t\t\t\t\t\t\t<span class=\"elementor-icon-list-icon\">\n\t\t\t\t\t\t\t<i aria-hidden=\"true\" class=\"fas fa-check\"><\/i>\t\t\t\t\t\t<\/span>\n\t\t\t\t\t\t\t\t\t\t<span class=\"elementor-icon-list-text\">Bezogen auf Verf\u00fcgbarkeit<\/span>\n\t\t\t\t\t\t\t\t\t<\/li>\n\t\t\t\t\t\t<\/ul>\n\t\t\t\t\t\t<\/div>\n\t\t\t\t<\/div>\n\t\t\t\t<div class=\"elementor-element elementor-element-53112ff4 elementor-widget elementor-widget-text-editor\" data-id=\"53112ff4\" data-element_type=\"widget\" data-widget_type=\"text-editor.default\">\n\t\t\t\t<div class=\"elementor-widget-container\">\n\t\t\t\t\t\t\t\t\t<p>Reservierungen k\u00f6nnen \u00fcber <a href=\"https:\/\/www.valkverrast.nl\/de\/aktionen\">www.valkverrast.nl\/de\/aktionen<\/a> mit dem Rabattcode GRC-EXPOSANTEN vorgenommen werden.<\/p>\n\t\t\t\t\t\t\t\t<\/div>\n\t\t\t\t<\/div>\n\t\t\t\t<div class=\"elementor-element elementor-element-4695706a elementor-widget elementor-widget-button\" data-id=\"4695706a\" data-element_type=\"widget\" data-widget_type=\"button.default\">\n\t\t\t\t<div class=\"elementor-widget-container\">\n\t\t\t\t\t\t\t\t\t<div class=\"elementor-button-wrapper\">\n\t\t\t\t\t<a class=\"elementor-button elementor-button-link elementor-size-sm\" href=\"http:\/\/www.valkverrast.nl\/de\/aktionen\" target=\"_blank\">\n\t\t\t\t\t\t<span class=\"elementor-button-content-wrapper\">\n\t\t\t\t\t\t\t\t\t<span class=\"elementor-button-text\">Buchen<\/span>\n\t\t\t\t\t<\/span>\n\t\t\t\t\t<\/a>\n\t\t\t\t<\/div>\n\t\t\t\t\t\t\t\t<\/div>\n\t\t\t\t<\/div>\n\t\t\t\t\t<\/div>\n\t\t<\/div>\n\t\t\t\t\t<\/div>\n\t\t<\/section>\n\t\t\t\t<\/div>\n\t\t","protected":false},"excerpt":{"rendered":"<p>\u00dcbernachten Sie im Hotel van der Valk Gorinchem Sind Sie Aussteller oder Besucher des RMV Gorinchem und m\u00f6chten in der N\u00e4he \u00fcbernachten? Mit der Ankunft des Hotel van der Valk Gorinchem ist das viel einfacher geworden. Das neue Hotel liegt gegen\u00fcber der Evenementenhal und ist zu Fu\u00df in 5 Minuten erreichbar. Ideal zum \u00dcbernachten w\u00e4hrend [&hellip;]<\/p>\n","protected":false},"author":300,"featured_media":0,"parent":0,"menu_order":0,"comment_status":"closed","ping_status":"closed","template":"","meta":{"_seopress_robots_primary_cat":"","_seopress_titles_title":"\u00dcbernachten Sie im Hotel van der Valk Gorinchem","_seopress_titles_desc":"","_seopress_robots_index":"","footnotes":""},"class_list":["post-55904","page","type-page","status-publish","hentry"],"_links":{"self":[{"href":"https:\/\/www.rmv-nederland.nl\/de\/wp-json\/wp\/v2\/pages\/55904","targetHints":{"allow":["GET"]}}],"collection":[{"href":"https:\/\/www.rmv-nederland.nl\/de\/wp-json\/wp\/v2\/pages"}],"about":[{"href":"https:\/\/www.rmv-nederland.nl\/de\/wp-json\/wp\/v2\/types\/page"}],"author":[{"embeddable":true,"href":"https:\/\/www.rmv-nederland.nl\/de\/wp-json\/wp\/v2\/users\/300"}],"replies":[{"embeddable":true,"href":"https:\/\/www.rmv-nederland.nl\/de\/wp-json\/wp\/v2\/comments?post=55904"}],"version-history":[{"count":5,"href":"https:\/\/www.rmv-nederland.nl\/de\/wp-json\/wp\/v2\/pages\/55904\/revisions"}],"predecessor-version":[{"id":128155,"href":"https:\/\/www.rmv-nederland.nl\/de\/wp-json\/wp\/v2\/pages\/55904\/revisions\/128155"}],"wp:attachment":[{"href":"https:\/\/www.rmv-nederland.nl\/de\/wp-json\/wp\/v2\/media?parent=55904"}],"curies":[{"name":"wp","href":"https:\/\/api.w.org\/{rel}","templated":true}]}}