{"id":50545,"date":"2023-06-27T14:10:38","date_gmt":"2023-06-27T12:10:38","guid":{"rendered":"https:\/\/www.rmv-nederland.nl\/warum-besuchen\/"},"modified":"2025-02-28T11:04:58","modified_gmt":"2025-02-28T10:04:58","slug":"warum-besuchen","status":"publish","type":"page","link":"https:\/\/www.rmv-nederland.nl\/de\/besucher\/warum-besuchen\/","title":{"rendered":"Warum besuchen?"},"content":{"rendered":"\t\t<div data-elementor-type=\"wp-post\" data-elementor-id=\"50545\" class=\"elementor elementor-50545 elementor-692\" data-elementor-post-type=\"page\">\n\t\t\t\t\t\t<section class=\"elementor-section elementor-top-section elementor-element elementor-element-4946233 elementor-section-boxed elementor-section-height-default elementor-section-height-default\" data-id=\"4946233\" data-element_type=\"section\">\n\t\t\t\t\t\t<div class=\"elementor-container elementor-column-gap-default\">\n\t\t\t\t\t<div class=\"elementor-column elementor-col-100 elementor-top-column elementor-element elementor-element-71aace2\" data-id=\"71aace2\" data-element_type=\"column\">\n\t\t\t<div class=\"elementor-widget-wrap elementor-element-populated\">\n\t\t\t\t\t\t<div class=\"elementor-element elementor-element-c8f37aa elementor-widget elementor-widget-heading\" data-id=\"c8f37aa\" data-element_type=\"widget\" data-widget_type=\"heading.default\">\n\t\t\t\t<div class=\"elementor-widget-container\">\n\t\t\t\t\t<h2 class=\"elementor-heading-title elementor-size-default\">Bereiten Sie sich auf die Zukunft vor<\/h2>\t\t\t\t<\/div>\n\t\t\t\t<\/div>\n\t\t\t\t<div class=\"elementor-element elementor-element-7f59103 elementor-widget elementor-widget-sp-breadcrumbs\" data-id=\"7f59103\" data-element_type=\"widget\" data-widget_type=\"sp-breadcrumbs.default\">\n\t\t\t\t<div class=\"elementor-widget-container\">\n\t\t\t\t\t<nav  aria-label=\"breadcrumb\"><ol class=\"breadcrumb\" itemscope itemtype=\"https:\/\/schema.org\/BreadcrumbList\"><li class=\"breadcrumb-item active\" aria-current=\"page\" itemprop=\"itemListElement\" itemscope itemtype=\"https:\/\/schema.org\/ListItem\"><span itemprop=\"name\">Home<\/span><meta itemprop=\"position\" content=\"1\"><\/li><\/ol><\/nav>\t\t\t\t<\/div>\n\t\t\t\t<\/div>\n\t\t\t\t<div class=\"elementor-element elementor-element-8f5966e elementor-widget elementor-widget-text-editor\" data-id=\"8f5966e\" data-element_type=\"widget\" data-widget_type=\"text-editor.default\">\n\t\t\t\t<div class=\"elementor-widget-container\">\n\t\t\t\t\t\t\t\t\t<p>RMV ist die Plattform, auf der die gesamte Rinderbranche zusammenkommt, um sich zu treffen, zu inspirieren und Wissen auszutauschen. Bei RMV finden Sie ein breites Spektrum an Produkten, Dienstleistungen und Innovationen, die Ihnen helfen, Ihr Unternehmen zukunftssicher zu machen. Entdecken Sie die neuesten Trends und Technologien, die Ihre Gesch\u00e4ftsabl\u00e4ufe beeinflussen, und gewinnen Sie neues Wissen in einer der Wissenssitzungen oder Praxisworkshops.<\/p>\n\t\t\t\t\t\t\t\t<\/div>\n\t\t\t\t<\/div>\n\t\t\t\t<section class=\"elementor-section elementor-inner-section elementor-element elementor-element-0dc9e92 elementor-section-boxed elementor-section-height-default elementor-section-height-default\" data-id=\"0dc9e92\" data-element_type=\"section\">\n\t\t\t\t\t\t<div class=\"elementor-container elementor-column-gap-default\">\n\t\t\t\t\t<div class=\"elementor-column elementor-col-50 elementor-inner-column elementor-element elementor-element-743b8e7\" data-id=\"743b8e7\" data-element_type=\"column\">\n\t\t\t<div class=\"elementor-widget-wrap elementor-element-populated\">\n\t\t\t\t\t\t<div class=\"elementor-element elementor-element-05957b3 elementor-widget elementor-widget-video\" data-id=\"05957b3\" data-element_type=\"widget\" data-settings=\"{&quot;youtube_url&quot;:&quot;https:\\\/\\\/youtu.be\\\/3gomH8dePkA?si=zhcrX5APMMhuWPfh&quot;,&quot;autoplay&quot;:&quot;yes&quot;,&quot;mute&quot;:&quot;yes&quot;,&quot;loop&quot;:&quot;yes&quot;,&quot;video_type&quot;:&quot;youtube&quot;,&quot;controls&quot;:&quot;yes&quot;}\" data-widget_type=\"video.default\">\n\t\t\t\t<div class=\"elementor-widget-container\">\n\t\t\t\t\t\t\t<div class=\"elementor-wrapper elementor-open-inline\">\n\t\t\t<div class=\"elementor-video\"><\/div>\t\t<\/div>\n\t\t\t\t\t\t<\/div>\n\t\t\t\t<\/div>\n\t\t\t\t\t<\/div>\n\t\t<\/div>\n\t\t\t\t<div class=\"elementor-column elementor-col-50 elementor-inner-column elementor-element elementor-element-f8b4dec\" data-id=\"f8b4dec\" data-element_type=\"column\">\n\t\t\t<div class=\"elementor-widget-wrap elementor-element-populated\">\n\t\t\t\t\t\t<div class=\"elementor-element elementor-element-7a65a62 elementor-widget elementor-widget-text-editor\" data-id=\"7a65a62\" data-element_type=\"widget\" data-widget_type=\"text-editor.default\">\n\t\t\t\t<div class=\"elementor-widget-container\">\n\t\t\t\t\t\t\t\t\t<p>Durch die ganzj\u00e4hrige Fokussierung auf die aktuellsten Branchenthemen wie \u201eBauernhof der Zukunft\u201c, \u201eZukunftslandwirtschaft\u201c und \u201eTiergesundheit\u201c bereitet Sie der RMV auf die Zukunft vor.<\/p>\n<p>RMV bringt Milchbauern, Ackerbauern, Lohnunternehmer und andere Fachleute aus der Agrarbranche zusammen. RMV bietet zahlreiche M\u00f6glichkeiten, Wissen zu erlangen, wertvolle Kontakte zu kn\u00fcpfen und \u00fcber die Zukunft der Branche zu diskutieren.<\/p>\n<p>RMV ist die Zeit, sich zu treffen und nach vorne zu blicken. Wir sind im Jahr 2025 wieder da: am 21., 22. und 23. Oktober in Hardenberg und am 25., 26. und 27. November in Gorinchem, also verpassen Sie es nicht!<\/p>\n\t\t\t\t\t\t\t\t<\/div>\n\t\t\t\t<\/div>\n\t\t\t\t\t<\/div>\n\t\t<\/div>\n\t\t\t\t\t<\/div>\n\t\t<\/section>\n\t\t\t\t\t<\/div>\n\t\t<\/div>\n\t\t\t\t\t<\/div>\n\t\t<\/section>\n\t\t\t\t<section class=\"elementor-section elementor-top-section elementor-element elementor-element-ed94eec elementor-section-boxed elementor-section-height-default elementor-section-height-default\" data-id=\"ed94eec\" data-element_type=\"section\">\n\t\t\t\t\t\t<div class=\"elementor-container elementor-column-gap-default\">\n\t\t\t\t\t<div class=\"elementor-column elementor-col-100 elementor-top-column elementor-element elementor-element-c1eadc9\" data-id=\"c1eadc9\" data-element_type=\"column\">\n\t\t\t<div class=\"elementor-widget-wrap elementor-element-populated\">\n\t\t\t\t\t\t<div class=\"elementor-element elementor-element-6e0cebc elementor-arrows-position-inside elementor-pagination-position-outside elementor-widget elementor-widget-image-carousel\" data-id=\"6e0cebc\" data-element_type=\"widget\" data-settings=\"{&quot;navigation&quot;:&quot;both&quot;,&quot;autoplay&quot;:&quot;yes&quot;,&quot;pause_on_hover&quot;:&quot;yes&quot;,&quot;pause_on_interaction&quot;:&quot;yes&quot;,&quot;autoplay_speed&quot;:5000,&quot;infinite&quot;:&quot;yes&quot;,&quot;speed&quot;:500}\" data-widget_type=\"image-carousel.default\">\n\t\t\t\t<div class=\"elementor-widget-container\">\n\t\t\t\t\t\t\t<div class=\"elementor-image-carousel-wrapper swiper\" role=\"region\" aria-roledescription=\"carousel\" aria-label=\"Bild Karussell\" dir=\"ltr\">\n\t\t\t<div class=\"elementor-image-carousel swiper-wrapper\" aria-live=\"off\">\n\t\t\t\t\t\t\t\t<div class=\"swiper-slide\" role=\"group\" aria-roledescription=\"slide\" aria-label=\"1 of 3\"><figure class=\"swiper-slide-inner\"><img decoding=\"async\" class=\"swiper-slide-image\" src=\"https:\/\/easyfairsassets.com\/sites\/286\/2024\/10\/Ontwerp-zonder-titel-9-150x150.png\" alt=\"Ontwerp zonder titel (9)\" \/><\/figure><\/div><div class=\"swiper-slide\" role=\"group\" aria-roledescription=\"slide\" aria-label=\"2 of 3\"><figure class=\"swiper-slide-inner\"><img decoding=\"async\" class=\"swiper-slide-image\" src=\"https:\/\/easyfairsassets.com\/sites\/286\/2024\/10\/Ontwerp-zonder-titel-7-1-150x150.png\" alt=\"Ontwerp zonder titel (7)\" \/><\/figure><\/div><div class=\"swiper-slide\" role=\"group\" aria-roledescription=\"slide\" aria-label=\"3 of 3\"><figure class=\"swiper-slide-inner\"><img decoding=\"async\" class=\"swiper-slide-image\" src=\"https:\/\/easyfairsassets.com\/sites\/286\/2025\/01\/unnamed-150x150.png\" alt=\"unnamed\" \/><\/figure><\/div>\t\t\t<\/div>\n\t\t\t\t\t\t\t\t\t\t\t\t<div class=\"elementor-swiper-button elementor-swiper-button-prev\" role=\"button\" tabindex=\"0\">\n\t\t\t\t\t\t<i aria-hidden=\"true\" class=\"eicon-chevron-left\"><\/i>\t\t\t\t\t<\/div>\n\t\t\t\t\t<div class=\"elementor-swiper-button elementor-swiper-button-next\" role=\"button\" tabindex=\"0\">\n\t\t\t\t\t\t<i aria-hidden=\"true\" class=\"eicon-chevron-right\"><\/i>\t\t\t\t\t<\/div>\n\t\t\t\t\n\t\t\t\t\t\t\t\t\t<div class=\"swiper-pagination\"><\/div>\n\t\t\t\t\t\t\t\t\t<\/div>\n\t\t\t\t\t\t<\/div>\n\t\t\t\t<\/div>\n\t\t\t\t\t<\/div>\n\t\t<\/div>\n\t\t\t\t\t<\/div>\n\t\t<\/section>\n\t\t\t\t<section class=\"elementor-section elementor-top-section elementor-element elementor-element-a7d898a elementor-section-boxed elementor-section-height-default elementor-section-height-default\" data-id=\"a7d898a\" data-element_type=\"section\" data-settings=\"{&quot;background_background&quot;:&quot;gradient&quot;}\">\n\t\t\t\t\t\t<div class=\"elementor-container elementor-column-gap-default\">\n\t\t\t\t\t<div class=\"elementor-column elementor-col-33 elementor-top-column elementor-element elementor-element-0b1be16 elementor-hidden-phone\" data-id=\"0b1be16\" data-element_type=\"column\">\n\t\t\t<div class=\"elementor-widget-wrap elementor-element-populated\">\n\t\t\t\t\t\t<div class=\"elementor-element elementor-element-b6aa5da elementor-widget elementor-widget-image\" data-id=\"b6aa5da\" data-element_type=\"widget\" data-widget_type=\"image.default\">\n\t\t\t\t<div class=\"elementor-widget-container\">\n\t\t\t\t\t\t\t\t\t\t\t\t\t\t\t<img fetchpriority=\"high\" decoding=\"async\" width=\"800\" height=\"1010\" src=\"https:\/\/easyfairsassets.com\/sites\/286\/2019\/11\/innovatiebemesting-icon_Tekengebied-1-811x1024.png\" class=\"attachment-large size-large wp-image-3204\" alt=\"\" srcset=\"https:\/\/easyfairsassets.com\/sites\/286\/2019\/11\/innovatiebemesting-icon_Tekengebied-1-811x1024.png 811w, https:\/\/easyfairsassets.com\/sites\/286\/2019\/11\/innovatiebemesting-icon_Tekengebied-1-238x300.png 238w, https:\/\/easyfairsassets.com\/sites\/286\/2019\/11\/innovatiebemesting-icon_Tekengebied-1-768x969.png 768w, https:\/\/easyfairsassets.com\/sites\/286\/2019\/11\/innovatiebemesting-icon_Tekengebied-1.png 965w\" sizes=\"(max-width: 800px) 100vw, 800px\" \/>\t\t\t\t\t\t\t\t\t\t\t\t\t\t\t<\/div>\n\t\t\t\t<\/div>\n\t\t\t\t\t<\/div>\n\t\t<\/div>\n\t\t\t\t<div class=\"elementor-column elementor-col-33 elementor-top-column elementor-element elementor-element-d31af7b\" data-id=\"d31af7b\" data-element_type=\"column\">\n\t\t\t<div class=\"elementor-widget-wrap elementor-element-populated\">\n\t\t\t\t\t\t<div class=\"elementor-element elementor-element-41f2e93 elementor-widget elementor-widget-heading\" data-id=\"41f2e93\" data-element_type=\"widget\" data-widget_type=\"heading.default\">\n\t\t\t\t<div class=\"elementor-widget-container\">\n\t\t\t\t\t<h3 class=\"elementor-heading-title elementor-size-default\">Besuchen Sie die Rundvee &amp; Mechanisatie Vakdagen<\/h3>\t\t\t\t<\/div>\n\t\t\t\t<\/div>\n\t\t\t\t<div class=\"elementor-element elementor-element-b5b8869 elementor-widget elementor-widget-text-editor\" data-id=\"b5b8869\" data-element_type=\"widget\" data-widget_type=\"text-editor.default\">\n\t\t\t\t<div class=\"elementor-widget-container\">\n\t\t\t\t\t\t\t\t\t<p>Die RMV ist die Veranstaltung, die Sie als Milchviehhalter, Ackerbauer, Lohnunternehmer oder andere Fachkraft aus der Landwirtschaftsbranche nicht verpassen sollten. Hier haben Sie die M\u00f6glichkeit, wertvolles Wissen zu erlangen, Ihr Netzwerk zu treffen und dabei eine Kleinigkeit zu essen und zu trinken. Zudem k\u00f6nnen Sie neue Kontakte kn\u00fcpfen.<\/p>\n\t\t\t\t\t\t\t\t<\/div>\n\t\t\t\t<\/div>\n\t\t\t\t\t<\/div>\n\t\t<\/div>\n\t\t\t\t<div class=\"elementor-column elementor-col-33 elementor-top-column elementor-element elementor-element-f07ced3 elementor-hidden-phone\" data-id=\"f07ced3\" data-element_type=\"column\">\n\t\t\t<div class=\"elementor-widget-wrap elementor-element-populated\">\n\t\t\t\t\t\t<div class=\"elementor-element elementor-element-0c51166 elementor-widget elementor-widget-image\" data-id=\"0c51166\" data-element_type=\"widget\" data-widget_type=\"image.default\">\n\t\t\t\t<div class=\"elementor-widget-container\">\n\t\t\t\t\t\t\t\t\t\t\t\t\t\t\t<img decoding=\"async\" width=\"800\" height=\"798\" src=\"https:\/\/easyfairsassets.com\/sites\/286\/2019\/11\/innovatiebemesting-icon-02-1024x1021.png\" class=\"attachment-large size-large wp-image-3206\" alt=\"\" srcset=\"https:\/\/easyfairsassets.com\/sites\/286\/2019\/11\/innovatiebemesting-icon-02-1024x1021.png 1024w, https:\/\/easyfairsassets.com\/sites\/286\/2019\/11\/innovatiebemesting-icon-02-150x150.png 150w, https:\/\/easyfairsassets.com\/sites\/286\/2019\/11\/innovatiebemesting-icon-02-300x300.png 300w, https:\/\/easyfairsassets.com\/sites\/286\/2019\/11\/innovatiebemesting-icon-02-768x765.png 768w, https:\/\/easyfairsassets.com\/sites\/286\/2019\/11\/innovatiebemesting-icon-02.png 1222w\" sizes=\"(max-width: 800px) 100vw, 800px\" \/>\t\t\t\t\t\t\t\t\t\t\t\t\t\t\t<\/div>\n\t\t\t\t<\/div>\n\t\t\t\t\t<\/div>\n\t\t<\/div>\n\t\t\t\t\t<\/div>\n\t\t<\/section>\n\t\t\t\t<section class=\"elementor-section elementor-top-section elementor-element elementor-element-b8c0d98 elementor-section-boxed elementor-section-height-default elementor-section-height-default\" data-id=\"b8c0d98\" data-element_type=\"section\">\n\t\t\t\t\t\t<div class=\"elementor-container elementor-column-gap-default\">\n\t\t\t\t\t<div class=\"elementor-column elementor-col-50 elementor-top-column elementor-element elementor-element-2b16c7e\" data-id=\"2b16c7e\" data-element_type=\"column\">\n\t\t\t<div class=\"elementor-widget-wrap elementor-element-populated\">\n\t\t\t\t\t\t<section class=\"elementor-section elementor-inner-section elementor-element elementor-element-e9c7bd4 elementor-section-boxed elementor-section-height-default elementor-section-height-default\" data-id=\"e9c7bd4\" data-element_type=\"section\">\n\t\t\t\t\t\t<div class=\"elementor-container elementor-column-gap-default\">\n\t\t\t\t\t<div class=\"elementor-column elementor-col-100 elementor-inner-column elementor-element elementor-element-526ca74\" data-id=\"526ca74\" data-element_type=\"column\">\n\t\t\t<div class=\"elementor-widget-wrap elementor-element-populated\">\n\t\t\t\t\t\t<div class=\"elementor-element elementor-element-033747a elementor-widget elementor-widget-heading\" data-id=\"033747a\" data-element_type=\"widget\" data-widget_type=\"heading.default\">\n\t\t\t\t<div class=\"elementor-widget-container\">\n\t\t\t\t\t<h3 class=\"elementor-heading-title elementor-size-default\">Entdecken Sie die besten Innovationen der Branche<\/h3>\t\t\t\t<\/div>\n\t\t\t\t<\/div>\n\t\t\t\t<div class=\"elementor-element elementor-element-e067972 elementor-widget elementor-widget-text-editor\" data-id=\"e067972\" data-element_type=\"widget\" data-widget_type=\"text-editor.default\">\n\t\t\t\t<div class=\"elementor-widget-container\">\n\t\t\t\t\t\t\t\t\t<p>Entdecken Sie die Zukunft der Rinderbranche beim RMV! W\u00e4hrend der RMV lernen Sie die besten Innovationen der Branche kennen, die Ihnen als Milchviehhalter weiterhelfen und Zukunftsperspektiven bieten.<\/p>\n<p>Im Jahr 2024 gewann Semex den National Innovation Award in der Kategorie Tier- und Bodengesundheit und Collie in der Kategorie Nachhaltigkeit und Technologie. Wer wei\u00df, welche Innovation dieses Jahr den Unterschied machen wird!<\/p>\n\t\t\t\t\t\t\t\t<\/div>\n\t\t\t\t<\/div>\n\t\t\t\t\t<\/div>\n\t\t<\/div>\n\t\t\t\t\t<\/div>\n\t\t<\/section>\n\t\t\t\t\t<\/div>\n\t\t<\/div>\n\t\t\t\t<div class=\"elementor-column elementor-col-50 elementor-top-column elementor-element elementor-element-d470a0c\" data-id=\"d470a0c\" data-element_type=\"column\">\n\t\t\t<div class=\"elementor-widget-wrap elementor-element-populated\">\n\t\t\t\t\t\t<div class=\"elementor-element elementor-element-cc08511 elementor-widget__width-initial elementor-widget elementor-widget-image\" data-id=\"cc08511\" data-element_type=\"widget\" data-widget_type=\"image.default\">\n\t\t\t\t<div class=\"elementor-widget-container\">\n\t\t\t\t\t\t\t\t\t\t\t\t\t\t\t<img decoding=\"async\" width=\"300\" height=\"200\" src=\"https:\/\/easyfairsassets.com\/sites\/286\/2025\/02\/Seijbel-Photography-0077-300x200.jpg\" class=\"attachment-medium size-medium wp-image-127901\" alt=\"\" srcset=\"https:\/\/easyfairsassets.com\/sites\/286\/2025\/02\/Seijbel-Photography-0077-300x200.jpg 300w, https:\/\/easyfairsassets.com\/sites\/286\/2025\/02\/Seijbel-Photography-0077-1024x683.jpg 1024w, https:\/\/easyfairsassets.com\/sites\/286\/2025\/02\/Seijbel-Photography-0077-768x512.jpg 768w, https:\/\/easyfairsassets.com\/sites\/286\/2025\/02\/Seijbel-Photography-0077-1536x1025.jpg 1536w, https:\/\/easyfairsassets.com\/sites\/286\/2025\/02\/Seijbel-Photography-0077.jpg 1920w\" sizes=\"(max-width: 300px) 100vw, 300px\" \/>\t\t\t\t\t\t\t\t\t\t\t\t\t\t\t<\/div>\n\t\t\t\t<\/div>\n\t\t\t\t<div class=\"elementor-element elementor-element-7a6b3ca elementor-widget__width-initial elementor-widget elementor-widget-image\" data-id=\"7a6b3ca\" data-element_type=\"widget\" data-widget_type=\"image.default\">\n\t\t\t\t<div class=\"elementor-widget-container\">\n\t\t\t\t\t\t\t\t\t\t\t\t\t\t\t<img loading=\"lazy\" decoding=\"async\" width=\"300\" height=\"200\" src=\"https:\/\/easyfairsassets.com\/sites\/286\/2025\/02\/image1-300x200.jpeg\" class=\"attachment-medium size-medium wp-image-127899\" alt=\"\" srcset=\"https:\/\/easyfairsassets.com\/sites\/286\/2025\/02\/image1-300x200.jpeg 300w, https:\/\/easyfairsassets.com\/sites\/286\/2025\/02\/image1-1024x683.jpeg 1024w, https:\/\/easyfairsassets.com\/sites\/286\/2025\/02\/image1-768x512.jpeg 768w, https:\/\/easyfairsassets.com\/sites\/286\/2025\/02\/image1-1536x1024.jpeg 1536w, https:\/\/easyfairsassets.com\/sites\/286\/2025\/02\/image1.jpeg 1620w\" sizes=\"(max-width: 300px) 100vw, 300px\" \/>\t\t\t\t\t\t\t\t\t\t\t\t\t\t\t<\/div>\n\t\t\t\t<\/div>\n\t\t\t\t\t<\/div>\n\t\t<\/div>\n\t\t\t\t\t<\/div>\n\t\t<\/section>\n\t\t\t\t<section class=\"elementor-section elementor-top-section elementor-element elementor-element-67c5481 elementor-section-boxed elementor-section-height-default elementor-section-height-default\" data-id=\"67c5481\" data-element_type=\"section\">\n\t\t\t\t\t\t<div class=\"elementor-container elementor-column-gap-default\">\n\t\t\t\t\t<div class=\"elementor-column elementor-col-100 elementor-top-column elementor-element elementor-element-5791d33\" data-id=\"5791d33\" data-element_type=\"column\">\n\t\t\t<div class=\"elementor-widget-wrap elementor-element-populated\">\n\t\t\t\t\t\t<div class=\"elementor-element elementor-element-fadc595 elementor-widget elementor-widget-spacer\" data-id=\"fadc595\" data-element_type=\"widget\" data-widget_type=\"spacer.default\">\n\t\t\t\t<div class=\"elementor-widget-container\">\n\t\t\t\t\t\t\t<div class=\"elementor-spacer\">\n\t\t\t<div class=\"elementor-spacer-inner\"><\/div>\n\t\t<\/div>\n\t\t\t\t\t\t<\/div>\n\t\t\t\t<\/div>\n\t\t\t\t\t<\/div>\n\t\t<\/div>\n\t\t\t\t\t<\/div>\n\t\t<\/section>\n\t\t\t\t<section class=\"elementor-section elementor-top-section elementor-element elementor-element-81d5b0d elementor-section-boxed elementor-section-height-default elementor-section-height-default\" data-id=\"81d5b0d\" data-element_type=\"section\">\n\t\t\t\t\t\t<div class=\"elementor-container elementor-column-gap-default\">\n\t\t\t\t\t<div class=\"elementor-column elementor-col-100 elementor-top-column elementor-element elementor-element-56e6f1b\" data-id=\"56e6f1b\" data-element_type=\"column\">\n\t\t\t<div class=\"elementor-widget-wrap elementor-element-populated\">\n\t\t\t\t\t\t<div class=\"elementor-element elementor-element-914776a elementor-arrows-position-inside elementor-pagination-position-outside elementor-widget elementor-widget-image-carousel\" data-id=\"914776a\" data-element_type=\"widget\" data-settings=\"{&quot;navigation&quot;:&quot;both&quot;,&quot;autoplay&quot;:&quot;yes&quot;,&quot;pause_on_hover&quot;:&quot;yes&quot;,&quot;pause_on_interaction&quot;:&quot;yes&quot;,&quot;autoplay_speed&quot;:5000,&quot;infinite&quot;:&quot;yes&quot;,&quot;speed&quot;:500}\" data-widget_type=\"image-carousel.default\">\n\t\t\t\t<div class=\"elementor-widget-container\">\n\t\t\t\t\t\t\t<div class=\"elementor-image-carousel-wrapper swiper\" role=\"region\" aria-roledescription=\"carousel\" aria-label=\"Bild Karussell\" dir=\"ltr\">\n\t\t\t<div class=\"elementor-image-carousel swiper-wrapper\" aria-live=\"off\">\n\t\t\t\t\t\t\t\t<div class=\"swiper-slide\" role=\"group\" aria-roledescription=\"slide\" aria-label=\"1 of 5\"><figure class=\"swiper-slide-inner\"><img decoding=\"async\" class=\"swiper-slide-image\" src=\"https:\/\/easyfairsassets.com\/sites\/286\/2025\/01\/20241023-EASYFAIRS-RMV-BEURS-LR-454-768x512.jpg\" alt=\"20241023-EASYFAIRS-RMV-BEURS-LR-454\" \/><\/figure><\/div><div class=\"swiper-slide\" role=\"group\" aria-roledescription=\"slide\" aria-label=\"2 of 5\"><figure class=\"swiper-slide-inner\"><img decoding=\"async\" class=\"swiper-slide-image\" src=\"https:\/\/easyfairsassets.com\/sites\/286\/2025\/01\/20241023-EASYFAIRS-RMV-BEURS-LR-442-768x512.jpg\" alt=\"20241023-EASYFAIRS-RMV-BEURS-LR-442\" \/><\/figure><\/div><div class=\"swiper-slide\" role=\"group\" aria-roledescription=\"slide\" aria-label=\"3 of 5\"><figure class=\"swiper-slide-inner\"><img decoding=\"async\" class=\"swiper-slide-image\" src=\"https:\/\/easyfairsassets.com\/sites\/286\/2025\/01\/20241023-EASYFAIRS-RMV-BEURS-LR-443-768x512.jpg\" alt=\"20241023-EASYFAIRS-RMV-BEURS-LR-443\" \/><\/figure><\/div><div class=\"swiper-slide\" role=\"group\" aria-roledescription=\"slide\" aria-label=\"4 of 5\"><figure class=\"swiper-slide-inner\"><img decoding=\"async\" class=\"swiper-slide-image\" src=\"https:\/\/easyfairsassets.com\/sites\/286\/2025\/01\/20241023-EASYFAIRS-RMV-BEURS-LR-456-768x512.jpg\" alt=\"20241023-EASYFAIRS-RMV-BEURS-LR-456\" \/><\/figure><\/div><div class=\"swiper-slide\" role=\"group\" aria-roledescription=\"slide\" aria-label=\"5 of 5\"><figure class=\"swiper-slide-inner\"><img decoding=\"async\" class=\"swiper-slide-image\" src=\"https:\/\/easyfairsassets.com\/sites\/286\/2025\/01\/20241023-EASYFAIRS-RMV-BEURS-LR-458-768x512.jpg\" alt=\"20241023-EASYFAIRS-RMV-BEURS-LR-458\" \/><\/figure><\/div>\t\t\t<\/div>\n\t\t\t\t\t\t\t\t\t\t\t\t<div class=\"elementor-swiper-button elementor-swiper-button-prev\" role=\"button\" tabindex=\"0\">\n\t\t\t\t\t\t<i aria-hidden=\"true\" class=\"eicon-chevron-left\"><\/i>\t\t\t\t\t<\/div>\n\t\t\t\t\t<div class=\"elementor-swiper-button elementor-swiper-button-next\" role=\"button\" tabindex=\"0\">\n\t\t\t\t\t\t<i aria-hidden=\"true\" class=\"eicon-chevron-right\"><\/i>\t\t\t\t\t<\/div>\n\t\t\t\t\n\t\t\t\t\t\t\t\t\t<div class=\"swiper-pagination\"><\/div>\n\t\t\t\t\t\t\t\t\t<\/div>\n\t\t\t\t\t\t<\/div>\n\t\t\t\t<\/div>\n\t\t\t\t\t<\/div>\n\t\t<\/div>\n\t\t\t\t\t<\/div>\n\t\t<\/section>\n\t\t\t\t<section class=\"elementor-section elementor-top-section elementor-element elementor-element-a3ab6dd elementor-section-boxed elementor-section-height-default elementor-section-height-default\" data-id=\"a3ab6dd\" data-element_type=\"section\">\n\t\t\t\t\t\t<div class=\"elementor-container elementor-column-gap-default\">\n\t\t\t\t\t<div class=\"elementor-column elementor-col-100 elementor-top-column elementor-element elementor-element-bbf309c\" data-id=\"bbf309c\" data-element_type=\"column\">\n\t\t\t<div class=\"elementor-widget-wrap elementor-element-populated\">\n\t\t\t\t\t\t<div class=\"elementor-element elementor-element-cfc239f elementor-blockquote--skin-quotation elementor-widget elementor-widget-blockquote\" data-id=\"cfc239f\" data-element_type=\"widget\" data-widget_type=\"blockquote.default\">\n\t\t\t\t<div class=\"elementor-widget-container\">\n\t\t\t\t\t\t\t<blockquote class=\"elementor-blockquote\">\n\t\t\t<p class=\"elementor-blockquote__content\">\n\t\t\t\t\"Die RMV ist der richtige Ort f\u00fcr Sie als Milchviehhalter, Ackerbauer, Lohnunternehmer oder Experte aus dem Agrarsektor, wo Sie wertvolles Wissen erwerben, Ihr Netzwerk treffen und neue Kontakte kn\u00fcpfen k\u00f6nnen. Verpassen Sie sie nicht!\"\t\t\t<\/p>\n\t\t\t\t\t\t\t<div class=\"e-q-footer\">\n\t\t\t\t\t\t\t\t\t\t\t<cite class=\"elementor-blockquote__author\">Bezoeker - Mark Bosman (Melkveehouder - Bosman Hoeve)<\/cite>\n\t\t\t\t\t\t\t\t\t\t\t\t\t\t<\/div>\n\t\t\t\t\t<\/blockquote>\n\t\t\t\t\t\t<\/div>\n\t\t\t\t<\/div>\n\t\t\t\t<div class=\"elementor-element elementor-element-51dbb79 elementor-widget elementor-widget-spacer\" data-id=\"51dbb79\" data-element_type=\"widget\" data-widget_type=\"spacer.default\">\n\t\t\t\t<div class=\"elementor-widget-container\">\n\t\t\t\t\t\t\t<div class=\"elementor-spacer\">\n\t\t\t<div class=\"elementor-spacer-inner\"><\/div>\n\t\t<\/div>\n\t\t\t\t\t\t<\/div>\n\t\t\t\t<\/div>\n\t\t\t\t\t<\/div>\n\t\t<\/div>\n\t\t\t\t\t<\/div>\n\t\t<\/section>\n\t\t\t\t<\/div>\n\t\t","protected":false},"excerpt":{"rendered":"<p>Bereiten Sie sich auf die Zukunft vor Home RMV ist die Plattform, auf der die gesamte Rinderbranche zusammenkommt, um sich zu treffen, zu inspirieren und Wissen auszutauschen. Bei RMV finden Sie ein breites Spektrum an Produkten, Dienstleistungen und Innovationen, die Ihnen helfen, Ihr Unternehmen zukunftssicher zu machen. Entdecken Sie die neuesten Trends und Technologien, die [&hellip;]<\/p>\n","protected":false},"author":376,"featured_media":2528,"parent":50570,"menu_order":0,"comment_status":"closed","ping_status":"closed","template":"","meta":{"_seopress_robots_primary_cat":"","_seopress_titles_title":"","_seopress_titles_desc":"","_seopress_robots_index":"","footnotes":""},"class_list":["post-50545","page","type-page","status-publish","has-post-thumbnail","hentry"],"_links":{"self":[{"href":"https:\/\/www.rmv-nederland.nl\/de\/wp-json\/wp\/v2\/pages\/50545","targetHints":{"allow":["GET"]}}],"collection":[{"href":"https:\/\/www.rmv-nederland.nl\/de\/wp-json\/wp\/v2\/pages"}],"about":[{"href":"https:\/\/www.rmv-nederland.nl\/de\/wp-json\/wp\/v2\/types\/page"}],"author":[{"embeddable":true,"href":"https:\/\/www.rmv-nederland.nl\/de\/wp-json\/wp\/v2\/users\/376"}],"replies":[{"embeddable":true,"href":"https:\/\/www.rmv-nederland.nl\/de\/wp-json\/wp\/v2\/comments?post=50545"}],"version-history":[{"count":5,"href":"https:\/\/www.rmv-nederland.nl\/de\/wp-json\/wp\/v2\/pages\/50545\/revisions"}],"predecessor-version":[{"id":128404,"href":"https:\/\/www.rmv-nederland.nl\/de\/wp-json\/wp\/v2\/pages\/50545\/revisions\/128404"}],"up":[{"embeddable":true,"href":"https:\/\/www.rmv-nederland.nl\/de\/wp-json\/wp\/v2\/pages\/50570"}],"wp:featuredmedia":[{"embeddable":true,"href":"https:\/\/www.rmv-nederland.nl\/de\/wp-json\/wp\/v2\/media\/2528"}],"wp:attachment":[{"href":"https:\/\/www.rmv-nederland.nl\/de\/wp-json\/wp\/v2\/media?parent=50545"}],"curies":[{"name":"wp","href":"https:\/\/api.w.org\/{rel}","templated":true}]}}