{"id":50519,"date":"2023-06-27T12:15:14","date_gmt":"2023-06-27T10:15:14","guid":{"rendered":"https:\/\/www.rmv-nederland.nl\/wie-koennen-sie-ihre-teilnahme-bewerben\/"},"modified":"2025-03-06T12:03:47","modified_gmt":"2025-03-06T11:03:47","slug":"wie-koennen-sie-ihre-teilnahme-bewerben","status":"publish","type":"page","link":"https:\/\/www.rmv-nederland.nl\/de\/ich-bin-aussteller\/wie-koennen-sie-ihre-teilnahme-bewerben\/","title":{"rendered":"Wie k\u00f6nnen Sie Ihre Teilnahme bewerben?"},"content":{"rendered":"\t\t<div data-elementor-type=\"wp-post\" data-elementor-id=\"50519\" class=\"elementor elementor-50519 elementor-602\" data-elementor-post-type=\"page\">\n\t\t\t\t\t\t<section class=\"elementor-section elementor-top-section elementor-element elementor-element-13569e3 elementor-section-boxed elementor-section-height-default elementor-section-height-default\" data-id=\"13569e3\" data-element_type=\"section\">\n\t\t\t\t\t\t<div class=\"elementor-container elementor-column-gap-default\">\n\t\t\t\t\t<div class=\"elementor-column elementor-col-100 elementor-top-column elementor-element elementor-element-e67efa1\" data-id=\"e67efa1\" data-element_type=\"column\">\n\t\t\t<div class=\"elementor-widget-wrap elementor-element-populated\">\n\t\t\t\t\t\t<div class=\"elementor-element elementor-element-af015c9 elementor-widget elementor-widget-sp-breadcrumbs\" data-id=\"af015c9\" data-element_type=\"widget\" data-widget_type=\"sp-breadcrumbs.default\">\n\t\t\t\t<div class=\"elementor-widget-container\">\n\t\t\t\t\t<nav  aria-label=\"breadcrumb\"><ol class=\"breadcrumb\" itemscope itemtype=\"https:\/\/schema.org\/BreadcrumbList\"><li class=\"breadcrumb-item active\" aria-current=\"page\" itemprop=\"itemListElement\" itemscope itemtype=\"https:\/\/schema.org\/ListItem\"><span itemprop=\"name\">Home<\/span><meta itemprop=\"position\" content=\"1\"><\/li><\/ol><\/nav>\t\t\t\t<\/div>\n\t\t\t\t<\/div>\n\t\t\t\t\t<\/div>\n\t\t<\/div>\n\t\t\t\t\t<\/div>\n\t\t<\/section>\n\t\t\t\t<section class=\"elementor-section elementor-top-section elementor-element elementor-element-5ef7314 elementor-section-boxed elementor-section-height-default elementor-section-height-default\" data-id=\"5ef7314\" data-element_type=\"section\">\n\t\t\t\t\t\t<div class=\"elementor-container elementor-column-gap-default\">\n\t\t\t\t\t<div class=\"elementor-column elementor-col-100 elementor-top-column elementor-element elementor-element-5e24d0a\" data-id=\"5e24d0a\" data-element_type=\"column\">\n\t\t\t<div class=\"elementor-widget-wrap elementor-element-populated\">\n\t\t\t\t\t\t<div class=\"elementor-element elementor-element-384eeae elementor-widget elementor-widget-heading\" data-id=\"384eeae\" data-element_type=\"widget\" data-widget_type=\"heading.default\">\n\t\t\t\t<div class=\"elementor-widget-container\">\n\t\t\t\t\t<h2 class=\"elementor-heading-title elementor-size-default\">Machen Sie Ihre Messeteilnahme bekannt.<\/h2>\t\t\t\t<\/div>\n\t\t\t\t<\/div>\n\t\t\t\t<div class=\"elementor-element elementor-element-601550c elementor-widget elementor-widget-text-editor\" data-id=\"601550c\" data-element_type=\"widget\" data-widget_type=\"text-editor.default\">\n\t\t\t\t<div class=\"elementor-widget-container\">\n\t\t\t\t\t\t\t\t\t<p>Im Vorfeld der Messe ist es wichtig, dass Sie Ihre Teilnahme in Ihrem Netzwerk bekannt machen. Gemeinsam mit Ihnen als Aussteller wollen wir eine Messe voller qualitativ hochwertiger Besucher organisieren! Wir bieten verschiedene Tools, mit denen Sie Ihre Messeteilnahme auf m\u00f6glichst vielen Kan\u00e4len bekannt machen k\u00f6nnen. So machen Sie Werbung f\u00fcr sich selbst und Ihre Teilnahme wird ein noch gr\u00f6\u00dferer Erfolg.<\/p>\n\t\t\t\t\t\t\t\t<\/div>\n\t\t\t\t<\/div>\n\t\t\t\t<div class=\"elementor-element elementor-element-7f2f599 elementor-widget elementor-widget-heading\" data-id=\"7f2f599\" data-element_type=\"widget\" data-widget_type=\"heading.default\">\n\t\t\t\t<div class=\"elementor-widget-container\">\n\t\t\t\t\t<h3 class=\"elementor-heading-title elementor-size-default\">Personalisierte Social-Media-Banner mit kostenlosem Registrierungslink<\/h3>\t\t\t\t<\/div>\n\t\t\t\t<\/div>\n\t\t\t\t<div class=\"elementor-element elementor-element-eb96d4d elementor-widget elementor-widget-text-editor\" data-id=\"eb96d4d\" data-element_type=\"widget\" data-widget_type=\"text-editor.default\">\n\t\t\t\t<div class=\"elementor-widget-container\">\n\t\t\t\t\t\t\t\t\t<p>Sobald die Ticketregistrierung f\u00fcr Besucher Anfang September ge\u00f6ffnet ist, erhalten Sie als Aussteller per E-Mail einen Link zu einem personalisierten Banner mit Ihrem Firmennamen und Ihrer Standnummer. Sie k\u00f6nnen dieses Banner auf allen Social-Media-Kan\u00e4len teilen. Darin ist Ihr pers\u00f6nlicher Registrierungslink verlinkt, sodass sich alle Ihre Gesch\u00e4ftspartner durch einen Klick auf das Banner kostenlos f\u00fcr den Messebesuch anmelden k\u00f6nnen. In Ihrer My Easyfairs-Umgebung k\u00f6nnen Sie \u00fcber Ihren Link sofort sehen, welche Ihrer Gesch\u00e4ftspartner sich registriert haben.<\/p>\n\t\t\t\t\t\t\t\t<\/div>\n\t\t\t\t<\/div>\n\t\t\t\t\t<\/div>\n\t\t<\/div>\n\t\t\t\t\t<\/div>\n\t\t<\/section>\n\t\t\t\t<section class=\"elementor-section elementor-top-section elementor-element elementor-element-5e9e053 elementor-section-boxed elementor-section-height-default elementor-section-height-default\" data-id=\"5e9e053\" data-element_type=\"section\" data-settings=\"{&quot;background_background&quot;:&quot;classic&quot;}\">\n\t\t\t\t\t\t<div class=\"elementor-container elementor-column-gap-default\">\n\t\t\t\t\t<div class=\"elementor-column elementor-col-33 elementor-top-column elementor-element elementor-element-f0cf3a5\" data-id=\"f0cf3a5\" data-element_type=\"column\">\n\t\t\t<div class=\"elementor-widget-wrap elementor-element-populated\">\n\t\t\t\t\t\t<div class=\"elementor-element elementor-element-e5e76a8 elementor-widget elementor-widget-heading\" data-id=\"e5e76a8\" data-element_type=\"widget\" data-widget_type=\"heading.default\">\n\t\t\t\t<div class=\"elementor-widget-container\">\n\t\t\t\t\t<h3 class=\"elementor-heading-title elementor-size-default\">Marketingmaterial<\/h3>\t\t\t\t<\/div>\n\t\t\t\t<\/div>\n\t\t\t\t<div class=\"elementor-element elementor-element-3a8297d elementor-widget elementor-widget-text-editor\" data-id=\"3a8297d\" data-element_type=\"widget\" data-widget_type=\"text-editor.default\">\n\t\t\t\t<div class=\"elementor-widget-container\">\n\t\t\t\t\t\t\t\t\t<p>Bei My Easyfairs gibt es eine F\u00fclle verschiedener Marketingmaterialien. Schauen Sie in den Ordner \u201eMarketingmaterial\u201c unter \u201eKunden &amp; Prospects einladen\u201c. Der Ordner enth\u00e4lt derzeit das Messelogo und mehrere Banner. Verwenden Sie das Logo und die Banner in den verschiedenen Marketingma\u00dfnahmen, die Sie im Vorfeld der Messe geplant haben (sowohl in gedruckter als auch in digitaler Form). So k\u00f6nnen Sie Ihre Teilnahme \u00fcber verschiedene Kan\u00e4le bei einer m\u00f6glichst breit gef\u00e4cherten Zielgruppe bekannt machen.<\/p>\n\t\t\t\t\t\t\t\t<\/div>\n\t\t\t\t<\/div>\n\t\t\t\t<div class=\"elementor-element elementor-element-6b8fb5c elementor-align-left elementor-widget elementor-widget-button\" data-id=\"6b8fb5c\" data-element_type=\"widget\" data-widget_type=\"button.default\">\n\t\t\t\t<div class=\"elementor-widget-container\">\n\t\t\t\t\t\t\t\t\t<div class=\"elementor-button-wrapper\">\n\t\t\t\t\t<a class=\"elementor-button elementor-button-link elementor-size-sm\" href=\"https:\/\/my.easyfairs.com\/#\/login\" target=\"_blank\">\n\t\t\t\t\t\t<span class=\"elementor-button-content-wrapper\">\n\t\t\t\t\t\t<span class=\"elementor-button-icon\">\n\t\t\t\t<i aria-hidden=\"true\" class=\"fas fa-download\"><\/i>\t\t\t<\/span>\n\t\t\t\t\t\t\t\t\t<span class=\"elementor-button-text\">My Easyfairs<\/span>\n\t\t\t\t\t<\/span>\n\t\t\t\t\t<\/a>\n\t\t\t\t<\/div>\n\t\t\t\t\t\t\t\t<\/div>\n\t\t\t\t<\/div>\n\t\t\t\t<div class=\"elementor-element elementor-element-fa9874c elementor-widget elementor-widget-text-editor\" data-id=\"fa9874c\" data-element_type=\"widget\" data-widget_type=\"text-editor.default\">\n\t\t\t\t<div class=\"elementor-widget-container\">\n\t\t\t\t\t\t\t\t\t<p><strong>Tipp:<\/strong>\u00a0Sie k\u00f6nnen die Marketingmaterialien auf Ihrer Website, in Ihrer E-Mail-Signatur oder in digitalen Newslettern verwenden. In Ihrer Online-Kommunikation k\u00f6nnen Sie auf die Website oder das Registrierungsportal verweisen.<\/p>\n\t\t\t\t\t\t\t\t<\/div>\n\t\t\t\t<\/div>\n\t\t\t\t<section class=\"elementor-section elementor-inner-section elementor-element elementor-element-56879c9 elementor-section-boxed elementor-section-height-default elementor-section-height-default\" data-id=\"56879c9\" data-element_type=\"section\">\n\t\t\t\t\t\t<div class=\"elementor-container elementor-column-gap-default\">\n\t\t\t\t\t<div class=\"elementor-column elementor-col-100 elementor-inner-column elementor-element elementor-element-a4bed29\" data-id=\"a4bed29\" data-element_type=\"column\">\n\t\t\t<div class=\"elementor-widget-wrap elementor-element-populated\">\n\t\t\t\t\t\t<div class=\"elementor-element elementor-element-42e7d31 elementor-widget elementor-widget-image\" data-id=\"42e7d31\" data-element_type=\"widget\" data-widget_type=\"image.default\">\n\t\t\t\t<div class=\"elementor-widget-container\">\n\t\t\t\t\t\t\t\t\t\t\t\t\t\t\t<img fetchpriority=\"high\" decoding=\"async\" width=\"600\" height=\"150\" src=\"https:\/\/easyfairsassets.com\/sites\/286\/2025\/03\/rmv-banner-email-1.jpg\" class=\"attachment-large size-large wp-image-128431\" alt=\"\" srcset=\"https:\/\/easyfairsassets.com\/sites\/286\/2025\/03\/rmv-banner-email-1.jpg 600w, https:\/\/easyfairsassets.com\/sites\/286\/2025\/03\/rmv-banner-email-1-300x75.jpg 300w\" sizes=\"(max-width: 600px) 100vw, 600px\" \/>\t\t\t\t\t\t\t\t\t\t\t\t\t\t\t<\/div>\n\t\t\t\t<\/div>\n\t\t\t\t\t<\/div>\n\t\t<\/div>\n\t\t\t\t\t<\/div>\n\t\t<\/section>\n\t\t\t\t\t<\/div>\n\t\t<\/div>\n\t\t\t\t<div class=\"elementor-column elementor-col-33 elementor-top-column elementor-element elementor-element-fc968f1\" data-id=\"fc968f1\" data-element_type=\"column\">\n\t\t\t<div class=\"elementor-widget-wrap\">\n\t\t\t\t\t\t\t<\/div>\n\t\t<\/div>\n\t\t\t\t<div class=\"elementor-column elementor-col-33 elementor-top-column elementor-element elementor-element-301b85d\" data-id=\"301b85d\" data-element_type=\"column\">\n\t\t\t<div class=\"elementor-widget-wrap elementor-element-populated\">\n\t\t\t\t\t\t<div class=\"elementor-element elementor-element-b24f648 elementor-widget elementor-widget-image\" data-id=\"b24f648\" data-element_type=\"widget\" data-widget_type=\"image.default\">\n\t\t\t\t<div class=\"elementor-widget-container\">\n\t\t\t\t\t\t\t\t\t\t\t\t\t\t\t<img decoding=\"async\" width=\"800\" height=\"800\" src=\"https:\/\/easyfairsassets.com\/sites\/286\/2025\/03\/RMV-GO-insta-1024x1024.jpg\" class=\"attachment-large size-large wp-image-128427\" alt=\"\" srcset=\"https:\/\/easyfairsassets.com\/sites\/286\/2025\/03\/RMV-GO-insta-1024x1024.jpg 1024w, https:\/\/easyfairsassets.com\/sites\/286\/2025\/03\/RMV-GO-insta-300x300.jpg 300w, https:\/\/easyfairsassets.com\/sites\/286\/2025\/03\/RMV-GO-insta-150x150.jpg 150w, https:\/\/easyfairsassets.com\/sites\/286\/2025\/03\/RMV-GO-insta-768x768.jpg 768w, https:\/\/easyfairsassets.com\/sites\/286\/2025\/03\/RMV-GO-insta.jpg 1080w\" sizes=\"(max-width: 800px) 100vw, 800px\" \/>\t\t\t\t\t\t\t\t\t\t\t\t\t\t\t<\/div>\n\t\t\t\t<\/div>\n\t\t\t\t\t<\/div>\n\t\t<\/div>\n\t\t\t\t\t<\/div>\n\t\t<\/section>\n\t\t\t\t<section class=\"elementor-section elementor-top-section elementor-element elementor-element-749f3b6 elementor-section-boxed elementor-section-height-default elementor-section-height-default\" data-id=\"749f3b6\" data-element_type=\"section\">\n\t\t\t\t\t\t<div class=\"elementor-container elementor-column-gap-default\">\n\t\t\t\t\t<div class=\"elementor-column elementor-col-100 elementor-top-column elementor-element elementor-element-9a76ece\" data-id=\"9a76ece\" data-element_type=\"column\">\n\t\t\t<div class=\"elementor-widget-wrap elementor-element-populated\">\n\t\t\t\t\t\t<div class=\"elementor-element elementor-element-f344001 elementor-widget elementor-widget-heading\" data-id=\"f344001\" data-element_type=\"widget\" data-widget_type=\"heading.default\">\n\t\t\t\t<div class=\"elementor-widget-container\">\n\t\t\t\t\t<h2 class=\"elementor-heading-title elementor-size-default\">Steigern Sie Ihre Sichtbarkeit mit unseren Werbepaketen<\/h2>\t\t\t\t<\/div>\n\t\t\t\t<\/div>\n\t\t\t\t\t<\/div>\n\t\t<\/div>\n\t\t\t\t\t<\/div>\n\t\t<\/section>\n\t\t\t\t<section class=\"elementor-section elementor-top-section elementor-element elementor-element-7819be2 elementor-section-boxed elementor-section-height-default elementor-section-height-default\" data-id=\"7819be2\" data-element_type=\"section\">\n\t\t\t\t\t\t<div class=\"elementor-container elementor-column-gap-default\">\n\t\t\t\t\t<div class=\"elementor-column elementor-col-100 elementor-top-column elementor-element elementor-element-2a18b36\" data-id=\"2a18b36\" data-element_type=\"column\">\n\t\t\t<div class=\"elementor-widget-wrap elementor-element-populated\">\n\t\t\t\t\t\t<div class=\"elementor-element elementor-element-aff6a2d elementor-widget elementor-widget-text-editor\" data-id=\"aff6a2d\" data-element_type=\"widget\" data-widget_type=\"text-editor.default\">\n\t\t\t\t<div class=\"elementor-widget-container\">\n\t\t\t\t\t\t\t\t\t<p>In Verbindung mit Ihrem EasyGo-Paket k\u00f6nnen Sie zus\u00e4tzliche Werbepakete hinzuf\u00fcgen, um noch mehr Werbung f\u00fcr Ihr Unternehmen zu machen. Steigern Sie Ihre Reichweite und locken Sie die richtigen Besucher an Ihren Stand.<\/p>\n<p>In Verbindung mit Ihrem EasyGo-Paket k\u00f6nnen Sie mit weiteren Aktionspaketen noch mehr Aufmerksamkeit auf Ihr Unternehmen lenken. Erweitern Sie Ihre Reichweite und empfangen Sie die richtigen Besucher an Ihrem Stand. Sehen Sie sich unten die Optionen pro Ausstellungsort an. M\u00f6chten Sie mehr wissen? Kontaktieren Sie uns, wir denken gerne mit Ihnen mit.<\/p>\n\t\t\t\t\t\t\t\t<\/div>\n\t\t\t\t<\/div>\n\t\t\t\t\t<\/div>\n\t\t<\/div>\n\t\t\t\t\t<\/div>\n\t\t<\/section>\n\t\t\t\t<section class=\"elementor-section elementor-top-section elementor-element elementor-element-078e234 elementor-section-boxed elementor-section-height-default elementor-section-height-default\" data-id=\"078e234\" data-element_type=\"section\">\n\t\t\t\t\t\t<div class=\"elementor-container elementor-column-gap-default\">\n\t\t\t\t\t<div class=\"elementor-column elementor-col-100 elementor-top-column elementor-element elementor-element-c42c0fc\" data-id=\"c42c0fc\" data-element_type=\"column\">\n\t\t\t<div class=\"elementor-widget-wrap elementor-element-populated\">\n\t\t\t\t\t\t<div class=\"elementor-element elementor-element-1f2eca7 elementor-widget elementor-widget-button\" data-id=\"1f2eca7\" data-element_type=\"widget\" data-widget_type=\"button.default\">\n\t\t\t\t<div class=\"elementor-widget-container\">\n\t\t\t\t\t\t\t\t\t<div class=\"elementor-button-wrapper\">\n\t\t\t\t\t<a class=\"elementor-button elementor-button-link elementor-size-sm\" href=\"https:\/\/www.rmv-nederland.nl\/contact\/\">\n\t\t\t\t\t\t<span class=\"elementor-button-content-wrapper\">\n\t\t\t\t\t\t\t\t\t<span class=\"elementor-button-text\">Weitere Informationen<\/span>\n\t\t\t\t\t<\/span>\n\t\t\t\t\t<\/a>\n\t\t\t\t<\/div>\n\t\t\t\t\t\t\t\t<\/div>\n\t\t\t\t<\/div>\n\t\t\t\t\t<\/div>\n\t\t<\/div>\n\t\t\t\t\t<\/div>\n\t\t<\/section>\n\t\t\t\t<section class=\"elementor-section elementor-top-section elementor-element elementor-element-ff9f4ef elementor-section-boxed elementor-section-height-default elementor-section-height-default\" data-id=\"ff9f4ef\" data-element_type=\"section\">\n\t\t\t\t\t\t<div class=\"elementor-container elementor-column-gap-default\">\n\t\t\t\t\t<div class=\"elementor-column elementor-col-50 elementor-top-column elementor-element elementor-element-45fd229\" data-id=\"45fd229\" data-element_type=\"column\">\n\t\t\t<div class=\"elementor-widget-wrap elementor-element-populated\">\n\t\t\t\t\t\t<div class=\"elementor-element elementor-element-f7ad76b elementor-widget elementor-widget-heading\" data-id=\"f7ad76b\" data-element_type=\"widget\" data-widget_type=\"heading.default\">\n\t\t\t\t<div class=\"elementor-widget-container\">\n\t\t\t\t\t<h3 class=\"elementor-heading-title elementor-size-default\">Werbepaket RMV Hardenberg<\/h3>\t\t\t\t<\/div>\n\t\t\t\t<\/div>\n\t\t\t\t\t<\/div>\n\t\t<\/div>\n\t\t\t\t<div class=\"elementor-column elementor-col-50 elementor-top-column elementor-element elementor-element-be9ba22\" data-id=\"be9ba22\" data-element_type=\"column\">\n\t\t\t<div class=\"elementor-widget-wrap elementor-element-populated\">\n\t\t\t\t\t\t<div class=\"elementor-element elementor-element-10e0cc3 elementor-widget elementor-widget-heading\" data-id=\"10e0cc3\" data-element_type=\"widget\" data-widget_type=\"heading.default\">\n\t\t\t\t<div class=\"elementor-widget-container\">\n\t\t\t\t\t<h3 class=\"elementor-heading-title elementor-size-default\">Werbepaket RMV Gorinchem<\/h3>\t\t\t\t<\/div>\n\t\t\t\t<\/div>\n\t\t\t\t\t<\/div>\n\t\t<\/div>\n\t\t\t\t\t<\/div>\n\t\t<\/section>\n\t\t\t\t<section class=\"elementor-section elementor-top-section elementor-element elementor-element-dd7f519 elementor-section-boxed elementor-section-height-default elementor-section-height-default\" data-id=\"dd7f519\" data-element_type=\"section\">\n\t\t\t\t\t\t<div class=\"elementor-container elementor-column-gap-default\">\n\t\t\t\t\t<div class=\"elementor-column elementor-col-50 elementor-top-column elementor-element elementor-element-a565133\" data-id=\"a565133\" data-element_type=\"column\">\n\t\t\t<div class=\"elementor-widget-wrap elementor-element-populated\">\n\t\t\t\t\t\t<div class=\"elementor-element elementor-element-eafa90e elementor-widget elementor-widget-image\" data-id=\"eafa90e\" data-element_type=\"widget\" data-widget_type=\"image.default\">\n\t\t\t\t<div class=\"elementor-widget-container\">\n\t\t\t\t\t\t\t\t\t\t\t\t\t\t\t\t<a href=\"https:\/\/easyfairsassets.com\/sites\/286\/2025\/02\/Promo-Pakketten-definitief.pdf\">\n\t\t\t\t\t\t\t<img decoding=\"async\" width=\"800\" height=\"862\" src=\"https:\/\/easyfairsassets.com\/sites\/286\/2025\/02\/1-1-950x1024.png\" class=\"attachment-large size-large wp-image-128298\" alt=\"\" srcset=\"https:\/\/easyfairsassets.com\/sites\/286\/2025\/02\/1-1-950x1024.png 950w, https:\/\/easyfairsassets.com\/sites\/286\/2025\/02\/1-1-278x300.png 278w, https:\/\/easyfairsassets.com\/sites\/286\/2025\/02\/1-1-768x827.png 768w, https:\/\/easyfairsassets.com\/sites\/286\/2025\/02\/1-1-1426x1536.png 1426w, https:\/\/easyfairsassets.com\/sites\/286\/2025\/02\/1-1.png 1782w\" sizes=\"(max-width: 800px) 100vw, 800px\" \/>\t\t\t\t\t\t\t\t<\/a>\n\t\t\t\t\t\t\t\t\t\t\t\t\t\t\t<\/div>\n\t\t\t\t<\/div>\n\t\t\t\t\t<\/div>\n\t\t<\/div>\n\t\t\t\t<div class=\"elementor-column elementor-col-50 elementor-top-column elementor-element elementor-element-4461f09\" data-id=\"4461f09\" data-element_type=\"column\">\n\t\t\t<div class=\"elementor-widget-wrap elementor-element-populated\">\n\t\t\t\t\t\t<div class=\"elementor-element elementor-element-a6f6ab7 elementor-widget elementor-widget-image\" data-id=\"a6f6ab7\" data-element_type=\"widget\" data-widget_type=\"image.default\">\n\t\t\t\t<div class=\"elementor-widget-container\">\n\t\t\t\t\t\t\t\t\t\t\t\t\t\t\t\t<a href=\"https:\/\/easyfairsassets.com\/sites\/286\/2025\/02\/Promo-Pakketten-definitief-1.pdf\">\n\t\t\t\t\t\t\t<img loading=\"lazy\" decoding=\"async\" width=\"800\" height=\"862\" src=\"https:\/\/easyfairsassets.com\/sites\/286\/2025\/02\/4-950x1024.png\" class=\"attachment-large size-large wp-image-128296\" alt=\"\" srcset=\"https:\/\/easyfairsassets.com\/sites\/286\/2025\/02\/4-950x1024.png 950w, https:\/\/easyfairsassets.com\/sites\/286\/2025\/02\/4-278x300.png 278w, https:\/\/easyfairsassets.com\/sites\/286\/2025\/02\/4-768x827.png 768w, https:\/\/easyfairsassets.com\/sites\/286\/2025\/02\/4-1426x1536.png 1426w, https:\/\/easyfairsassets.com\/sites\/286\/2025\/02\/4.png 1782w\" sizes=\"(max-width: 800px) 100vw, 800px\" \/>\t\t\t\t\t\t\t\t<\/a>\n\t\t\t\t\t\t\t\t\t\t\t\t\t\t\t<\/div>\n\t\t\t\t<\/div>\n\t\t\t\t\t<\/div>\n\t\t<\/div>\n\t\t\t\t\t<\/div>\n\t\t<\/section>\n\t\t\t\t<section class=\"elementor-section elementor-top-section elementor-element elementor-element-be22dda elementor-section-boxed elementor-section-height-default elementor-section-height-default\" data-id=\"be22dda\" data-element_type=\"section\">\n\t\t\t\t\t\t<div class=\"elementor-container elementor-column-gap-default\">\n\t\t\t\t\t<div class=\"elementor-column elementor-col-100 elementor-top-column elementor-element elementor-element-37c36c0\" data-id=\"37c36c0\" data-element_type=\"column\">\n\t\t\t<div class=\"elementor-widget-wrap elementor-element-populated\">\n\t\t\t\t\t\t<div class=\"elementor-element elementor-element-7ff9d09 elementor-widget elementor-widget-spacer\" data-id=\"7ff9d09\" data-element_type=\"widget\" data-widget_type=\"spacer.default\">\n\t\t\t\t<div class=\"elementor-widget-container\">\n\t\t\t\t\t\t\t<div class=\"elementor-spacer\">\n\t\t\t<div class=\"elementor-spacer-inner\"><\/div>\n\t\t<\/div>\n\t\t\t\t\t\t<\/div>\n\t\t\t\t<\/div>\n\t\t\t\t\t<\/div>\n\t\t<\/div>\n\t\t\t\t\t<\/div>\n\t\t<\/section>\n\t\t\t\t<section class=\"elementor-section elementor-top-section elementor-element elementor-element-6fde3ef elementor-section-boxed elementor-section-height-default elementor-section-height-default\" data-id=\"6fde3ef\" data-element_type=\"section\">\n\t\t\t\t\t\t<div class=\"elementor-container elementor-column-gap-default\">\n\t\t\t\t\t<div class=\"elementor-column elementor-col-100 elementor-top-column elementor-element elementor-element-1612c4c\" data-id=\"1612c4c\" data-element_type=\"column\">\n\t\t\t<div class=\"elementor-widget-wrap\">\n\t\t\t\t\t\t\t<\/div>\n\t\t<\/div>\n\t\t\t\t\t<\/div>\n\t\t<\/section>\n\t\t\t\t<\/div>\n\t\t","protected":false},"excerpt":{"rendered":"<p>Home Machen Sie Ihre Messeteilnahme bekannt. Im Vorfeld der Messe ist es wichtig, dass Sie Ihre Teilnahme in Ihrem Netzwerk bekannt machen. Gemeinsam mit Ihnen als Aussteller wollen wir eine Messe voller qualitativ hochwertiger Besucher organisieren! Wir bieten verschiedene Tools, mit denen Sie Ihre Messeteilnahme auf m\u00f6glichst vielen Kan\u00e4len bekannt machen k\u00f6nnen. So machen Sie [&hellip;]<\/p>\n","protected":false},"author":376,"featured_media":122960,"parent":50568,"menu_order":0,"comment_status":"closed","ping_status":"closed","template":"","meta":{"_seopress_robots_primary_cat":"","_seopress_titles_title":"","_seopress_titles_desc":"","_seopress_robots_index":"","footnotes":""},"class_list":["post-50519","page","type-page","status-publish","has-post-thumbnail","hentry"],"_links":{"self":[{"href":"https:\/\/www.rmv-nederland.nl\/de\/wp-json\/wp\/v2\/pages\/50519","targetHints":{"allow":["GET"]}}],"collection":[{"href":"https:\/\/www.rmv-nederland.nl\/de\/wp-json\/wp\/v2\/pages"}],"about":[{"href":"https:\/\/www.rmv-nederland.nl\/de\/wp-json\/wp\/v2\/types\/page"}],"author":[{"embeddable":true,"href":"https:\/\/www.rmv-nederland.nl\/de\/wp-json\/wp\/v2\/users\/376"}],"replies":[{"embeddable":true,"href":"https:\/\/www.rmv-nederland.nl\/de\/wp-json\/wp\/v2\/comments?post=50519"}],"version-history":[{"count":5,"href":"https:\/\/www.rmv-nederland.nl\/de\/wp-json\/wp\/v2\/pages\/50519\/revisions"}],"predecessor-version":[{"id":128629,"href":"https:\/\/www.rmv-nederland.nl\/de\/wp-json\/wp\/v2\/pages\/50519\/revisions\/128629"}],"up":[{"embeddable":true,"href":"https:\/\/www.rmv-nederland.nl\/de\/wp-json\/wp\/v2\/pages\/50568"}],"wp:featuredmedia":[{"embeddable":true,"href":"https:\/\/www.rmv-nederland.nl\/de\/wp-json\/wp\/v2\/media\/122960"}],"wp:attachment":[{"href":"https:\/\/www.rmv-nederland.nl\/de\/wp-json\/wp\/v2\/media?parent=50519"}],"curies":[{"name":"wp","href":"https:\/\/api.w.org\/{rel}","templated":true}]}}