{"id":50516,"date":"2023-06-27T12:11:24","date_gmt":"2023-06-27T10:11:24","guid":{"rendered":"https:\/\/www.rmv-nederland.nl\/mit-uns-wird-ihre-teilnahme-easy\/"},"modified":"2025-03-06T12:01:35","modified_gmt":"2025-03-06T11:01:35","slug":"mit-uns-wird-ihre-teilnahme-easy","status":"publish","type":"page","link":"https:\/\/www.rmv-nederland.nl\/de\/ich-bin-aussteller\/mit-uns-wird-ihre-teilnahme-easy\/","title":{"rendered":"Mit uns wird Ihre Teilnahme \u201eEasy\u201c"},"content":{"rendered":"\t\t<div data-elementor-type=\"wp-post\" data-elementor-id=\"50516\" class=\"elementor elementor-50516 elementor-592\" data-elementor-post-type=\"page\">\n\t\t\t\t\t\t<section class=\"elementor-section elementor-top-section elementor-element elementor-element-ea4d71c elementor-section-boxed elementor-section-height-default elementor-section-height-default\" data-id=\"ea4d71c\" data-element_type=\"section\">\n\t\t\t\t\t\t<div class=\"elementor-container elementor-column-gap-default\">\n\t\t\t\t\t<div class=\"elementor-column elementor-col-100 elementor-top-column elementor-element elementor-element-2056eb2\" data-id=\"2056eb2\" data-element_type=\"column\">\n\t\t\t<div class=\"elementor-widget-wrap elementor-element-populated\">\n\t\t\t\t\t\t<div class=\"elementor-element elementor-element-57d5651 elementor-widget elementor-widget-sp-breadcrumbs\" data-id=\"57d5651\" data-element_type=\"widget\" data-widget_type=\"sp-breadcrumbs.default\">\n\t\t\t\t<div class=\"elementor-widget-container\">\n\t\t\t\t\t<nav  aria-label=\"breadcrumb\"><ol class=\"breadcrumb\" itemscope itemtype=\"https:\/\/schema.org\/BreadcrumbList\"><li class=\"breadcrumb-item active\" aria-current=\"page\" itemprop=\"itemListElement\" itemscope itemtype=\"https:\/\/schema.org\/ListItem\"><span itemprop=\"name\">Home<\/span><meta itemprop=\"position\" content=\"1\"><\/li><\/ol><\/nav>\t\t\t\t<\/div>\n\t\t\t\t<\/div>\n\t\t\t\t\t<\/div>\n\t\t<\/div>\n\t\t\t\t\t<\/div>\n\t\t<\/section>\n\t\t\t\t<section class=\"elementor-section elementor-top-section elementor-element elementor-element-1a6a62c elementor-section-boxed elementor-section-height-default elementor-section-height-default\" data-id=\"1a6a62c\" data-element_type=\"section\">\n\t\t\t\t\t\t<div class=\"elementor-container elementor-column-gap-default\">\n\t\t\t\t\t<div class=\"elementor-column elementor-col-100 elementor-top-column elementor-element elementor-element-fb854bb\" data-id=\"fb854bb\" data-element_type=\"column\">\n\t\t\t<div class=\"elementor-widget-wrap elementor-element-populated\">\n\t\t\t\t\t\t<div class=\"elementor-element elementor-element-3ed5027 elementor-widget elementor-widget-text-editor\" data-id=\"3ed5027\" data-element_type=\"widget\" data-widget_type=\"text-editor.default\">\n\t\t\t\t<div class=\"elementor-widget-container\">\n\t\t\t\t\t\t\t\t\t<p>Es ist \u201eEasy\u201c, einen Stand zu buchen. Mit uns wird es auch \u201eEasy\u201c, Ihre Produkte und Dienstleistungen auf der Messe attraktiv zu pr\u00e4sentieren, mit Interessenten und Kunden in Kontakt zu treten und Gesch\u00e4fte zu machen. Wenn Sie Aussteller auf den Rundvee &amp; Mechanisatie Vakdagen sind, brauchen Sie sich nur auf die Teilnahme an der Messe zu konzentrieren. Den Rest? Den erledigen wir!<\/p>\n\t\t\t\t\t\t\t\t<\/div>\n\t\t\t\t<\/div>\n\t\t\t\t<div class=\"elementor-element elementor-element-192419f elementor-widget elementor-widget-video\" data-id=\"192419f\" data-element_type=\"widget\" data-settings=\"{&quot;youtube_url&quot;:&quot;https:\\\/\\\/www.youtube.com\\\/watch?v=LuSRPFcGpEU&quot;,&quot;video_type&quot;:&quot;youtube&quot;,&quot;controls&quot;:&quot;yes&quot;}\" data-widget_type=\"video.default\">\n\t\t\t\t<div class=\"elementor-widget-container\">\n\t\t\t\t\t\t\t<div class=\"elementor-wrapper elementor-open-inline\">\n\t\t\t<div class=\"elementor-video\"><\/div>\t\t<\/div>\n\t\t\t\t\t\t<\/div>\n\t\t\t\t<\/div>\n\t\t\t\t\t<\/div>\n\t\t<\/div>\n\t\t\t\t\t<\/div>\n\t\t<\/section>\n\t\t\t\t<section class=\"elementor-section elementor-top-section elementor-element elementor-element-3d5cc55 elementor-section-boxed elementor-section-height-default elementor-section-height-default\" data-id=\"3d5cc55\" data-element_type=\"section\" data-settings=\"{&quot;background_background&quot;:&quot;gradient&quot;}\">\n\t\t\t\t\t\t<div class=\"elementor-container elementor-column-gap-default\">\n\t\t\t\t\t<div class=\"elementor-column elementor-col-33 elementor-top-column elementor-element elementor-element-4fded58\" data-id=\"4fded58\" data-element_type=\"column\">\n\t\t\t<div class=\"elementor-widget-wrap\">\n\t\t\t\t\t\t\t<\/div>\n\t\t<\/div>\n\t\t\t\t<div class=\"elementor-column elementor-col-33 elementor-top-column elementor-element elementor-element-c99a942\" data-id=\"c99a942\" data-element_type=\"column\">\n\t\t\t<div class=\"elementor-widget-wrap elementor-element-populated\">\n\t\t\t\t\t\t<div class=\"elementor-element elementor-element-4718476 elementor-widget elementor-widget-heading\" data-id=\"4718476\" data-element_type=\"widget\" data-widget_type=\"heading.default\">\n\t\t\t\t<div class=\"elementor-widget-container\">\n\t\t\t\t\t<h3 class=\"elementor-heading-title elementor-size-default\">Was k\u00f6nnen Sie von dem Service erwarten, den Easyfairs Ihnen als Aussteller bietet?<\/h3>\t\t\t\t<\/div>\n\t\t\t\t<\/div>\n\t\t\t\t<div class=\"elementor-element elementor-element-2d029f4 elementor-icon-list--layout-traditional elementor-list-item-link-full_width elementor-widget elementor-widget-icon-list\" data-id=\"2d029f4\" data-element_type=\"widget\" data-widget_type=\"icon-list.default\">\n\t\t\t\t<div class=\"elementor-widget-container\">\n\t\t\t\t\t\t\t<ul class=\"elementor-icon-list-items\">\n\t\t\t\t\t\t\t<li class=\"elementor-icon-list-item\">\n\t\t\t\t\t\t\t\t\t\t\t<span class=\"elementor-icon-list-icon\">\n\t\t\t\t\t\t\t<i aria-hidden=\"true\" class=\"fas fa-check\"><\/i>\t\t\t\t\t\t<\/span>\n\t\t\t\t\t\t\t\t\t\t<span class=\"elementor-icon-list-text\">Als Veranstaltungsort ist Easyfairs Gastgeber f\u00fcr Besucher von Rundvee &amp; Tage des Mechanisierungshandels. Als Aussteller m\u00f6chten Sie w\u00e4hrend Ihrer Messeteilnahme Gesch\u00e4fte machen, Menschen treffen und Beziehungen pflegen und darauf m\u00fcssen Sie sich voll und ganz konzentrieren. Aus diesem Grund ist die Organisation von Rundvee &amp; Mechanisierungs-Handelstage so weit wie m\u00f6glich von Ihren H\u00e4nden, damit Sie sich auf Ihre Ziele konzentrieren k\u00f6nnen. Dazu investieren Sie in die Beteiligung an Cattle &amp; Tage des Mechanisierungshandels.<\/span>\n\t\t\t\t\t\t\t\t\t<\/li>\n\t\t\t\t\t\t\t\t<li class=\"elementor-icon-list-item\">\n\t\t\t\t\t\t\t\t\t\t\t<span class=\"elementor-icon-list-icon\">\n\t\t\t\t\t\t\t<i aria-hidden=\"true\" class=\"fas fa-check\"><\/i>\t\t\t\t\t\t<\/span>\n\t\t\t\t\t\t\t\t\t\t<span class=\"elementor-icon-list-text\">Bei Easyfairs wissen wir, wie wir Ihnen die Dinge erleichtern k\u00f6nnen. Wir bieten nicht nur eine professionelle Event-Location, sondern unterst\u00fctzen Sie dabei, selbst als gute\/r Gastgeber\/in aufzutreten. Dies ist unsere St\u00e4rke und unsere Motivation.<\/span>\n\t\t\t\t\t\t\t\t\t<\/li>\n\t\t\t\t\t\t\t\t<li class=\"elementor-icon-list-item\">\n\t\t\t\t\t\t\t\t\t\t\t<span class=\"elementor-icon-list-icon\">\n\t\t\t\t\t\t\t<i aria-hidden=\"true\" class=\"fas fa-check\"><\/i>\t\t\t\t\t\t<\/span>\n\t\t\t\t\t\t\t\t\t\t<span class=\"elementor-icon-list-text\">Im Vorfeld Ihrer Teilnahme werden Sie dem Event Services-Team vorgestellt. Sie teilen gerne ihr Wissen, um den Wert Ihrer Teilnahme zu steigern. Um Ihren Stand noch besser auf Ihre W\u00fcnsche abzustimmen, werden verschiedene Dienstleistungen und Produkte angeboten. Die Mitarbeiter des Event Services-Teams unterst\u00fctzen Sie vor und w\u00e4hrend der Messe. Dies kann unter anderem anhand des Ausstellerhandbuchs erfolgen, aber nat\u00fcrlich auch bei kurzfristigen Bestellungen oder Fragen.<\/span>\n\t\t\t\t\t\t\t\t\t<\/li>\n\t\t\t\t\t\t<\/ul>\n\t\t\t\t\t\t<\/div>\n\t\t\t\t<\/div>\n\t\t\t\t\t<\/div>\n\t\t<\/div>\n\t\t\t\t<div class=\"elementor-column elementor-col-33 elementor-top-column elementor-element elementor-element-9f83763\" data-id=\"9f83763\" data-element_type=\"column\">\n\t\t\t<div class=\"elementor-widget-wrap\">\n\t\t\t\t\t\t\t<\/div>\n\t\t<\/div>\n\t\t\t\t\t<\/div>\n\t\t<\/section>\n\t\t\t\t<section class=\"elementor-section elementor-top-section elementor-element elementor-element-8fe33a8 elementor-section-boxed elementor-section-height-default elementor-section-height-default\" data-id=\"8fe33a8\" data-element_type=\"section\" data-settings=\"{&quot;background_background&quot;:&quot;classic&quot;}\">\n\t\t\t\t\t\t<div class=\"elementor-container elementor-column-gap-default\">\n\t\t\t\t\t<div class=\"elementor-column elementor-col-100 elementor-top-column elementor-element elementor-element-54375d8\" data-id=\"54375d8\" data-element_type=\"column\">\n\t\t\t<div class=\"elementor-widget-wrap elementor-element-populated\">\n\t\t\t\t\t\t<div class=\"elementor-element elementor-element-27f563f elementor-widget elementor-widget-heading\" data-id=\"27f563f\" data-element_type=\"widget\" data-widget_type=\"heading.default\">\n\t\t\t\t<div class=\"elementor-widget-container\">\n\t\t\t\t\t<h2 class=\"elementor-heading-title elementor-size-default\">Alle Leistungsbestandteile auf einen Blick<\/h2>\t\t\t\t<\/div>\n\t\t\t\t<\/div>\n\t\t\t\t\t<\/div>\n\t\t<\/div>\n\t\t\t\t\t<\/div>\n\t\t<\/section>\n\t\t\t\t<section class=\"elementor-section elementor-top-section elementor-element elementor-element-6bc86a3 elementor-section-boxed elementor-section-height-default elementor-section-height-default\" data-id=\"6bc86a3\" data-element_type=\"section\" data-settings=\"{&quot;background_background&quot;:&quot;classic&quot;}\">\n\t\t\t\t\t\t<div class=\"elementor-container elementor-column-gap-default\">\n\t\t\t\t\t<div class=\"elementor-column elementor-col-50 elementor-top-column elementor-element elementor-element-de3c952\" data-id=\"de3c952\" data-element_type=\"column\">\n\t\t\t<div class=\"elementor-widget-wrap elementor-element-populated\">\n\t\t\t\t\t\t<div class=\"elementor-element elementor-element-9481d64 elementor-icon-list--layout-traditional elementor-list-item-link-full_width elementor-widget elementor-widget-icon-list\" data-id=\"9481d64\" data-element_type=\"widget\" data-widget_type=\"icon-list.default\">\n\t\t\t\t<div class=\"elementor-widget-container\">\n\t\t\t\t\t\t\t<ul class=\"elementor-icon-list-items\">\n\t\t\t\t\t\t\t<li class=\"elementor-icon-list-item\">\n\t\t\t\t\t\t\t\t\t\t\t<span class=\"elementor-icon-list-icon\">\n\t\t\t\t\t\t\t<i aria-hidden=\"true\" class=\"far fa-dot-circle\"><\/i>\t\t\t\t\t\t<\/span>\n\t\t\t\t\t\t\t\t\t\t<span class=\"elementor-icon-list-text\">Die Messeorganisation steht Ihnen jederzeit zur Verf\u00fcgung und hilft Ihnen gerne beim Aufbau, der Veranstaltung und dem Abbau.<\/span>\n\t\t\t\t\t\t\t\t\t<\/li>\n\t\t\t\t\t\t\t\t<li class=\"elementor-icon-list-item\">\n\t\t\t\t\t\t\t\t\t\t\t<span class=\"elementor-icon-list-icon\">\n\t\t\t\t\t\t\t<i aria-hidden=\"true\" class=\"far fa-dot-circle\"><\/i>\t\t\t\t\t\t<\/span>\n\t\t\t\t\t\t\t\t\t\t<span class=\"elementor-icon-list-text\">Nutzen Sie den Messebau von Easyfairs? Dann erhalten Sie als Aussteller eine komplett aufgebaute, fertiggestellte und gereinigte Standeinheit: Bodenfl\u00e4che, W\u00e4nde, Leiste mit Namensbeschriftung, Beleuchtung durch Duo-Strahler und Bodenbelag.<\/span>\n\t\t\t\t\t\t\t\t\t<\/li>\n\t\t\t\t\t\t\t\t<li class=\"elementor-icon-list-item\">\n\t\t\t\t\t\t\t\t\t\t\t<span class=\"elementor-icon-list-icon\">\n\t\t\t\t\t\t\t<i aria-hidden=\"true\" class=\"far fa-dot-circle\"><\/i>\t\t\t\t\t\t<\/span>\n\t\t\t\t\t\t\t\t\t\t<span class=\"elementor-icon-list-text\">Als Teilnehmer k\u00f6nnen Sie das Cateringangebot auf dem Messegel\u00e4nde mit Ihren Gesch\u00e4ftskunden kostenlos nutzen.<\/span>\n\t\t\t\t\t\t\t\t\t<\/li>\n\t\t\t\t\t\t\t\t<li class=\"elementor-icon-list-item\">\n\t\t\t\t\t\t\t\t\t\t\t<span class=\"elementor-icon-list-icon\">\n\t\t\t\t\t\t\t<i aria-hidden=\"true\" class=\"far fa-dot-circle\"><\/i>\t\t\t\t\t\t<\/span>\n\t\t\t\t\t\t\t\t\t\t<span class=\"elementor-icon-list-text\">Ausreichend Parkm\u00f6glichkeiten f\u00fcr Sie und Ihre Gesch\u00e4ftspartner auf unserem Parkplatz.<\/span>\n\t\t\t\t\t\t\t\t\t<\/li>\n\t\t\t\t\t\t<\/ul>\n\t\t\t\t\t\t<\/div>\n\t\t\t\t<\/div>\n\t\t\t\t\t<\/div>\n\t\t<\/div>\n\t\t\t\t<div class=\"elementor-column elementor-col-50 elementor-top-column elementor-element elementor-element-36fb92f\" data-id=\"36fb92f\" data-element_type=\"column\">\n\t\t\t<div class=\"elementor-widget-wrap elementor-element-populated\">\n\t\t\t\t\t\t<div class=\"elementor-element elementor-element-ad95421 elementor-icon-list--layout-traditional elementor-list-item-link-full_width elementor-widget elementor-widget-icon-list\" data-id=\"ad95421\" data-element_type=\"widget\" data-widget_type=\"icon-list.default\">\n\t\t\t\t<div class=\"elementor-widget-container\">\n\t\t\t\t\t\t\t<ul class=\"elementor-icon-list-items\">\n\t\t\t\t\t\t\t<li class=\"elementor-icon-list-item\">\n\t\t\t\t\t\t\t\t\t\t\t<span class=\"elementor-icon-list-icon\">\n\t\t\t\t\t\t\t<i aria-hidden=\"true\" class=\"far fa-dot-circle\"><\/i>\t\t\t\t\t\t<\/span>\n\t\t\t\t\t\t\t\t\t\t<span class=\"elementor-icon-list-text\">Im Vorfeld Ihrer Teilnahme bietet die Organisation der Rundvee &amp; Mechanisatie Vakdagen verschiedene M\u00f6glichkeiten, um f\u00fcr Ihre Messeteilnahme zu werben, damit Sie w\u00e4hrend der Veranstaltung die richtige Zielgruppe treffen.<\/span>\n\t\t\t\t\t\t\t\t\t<\/li>\n\t\t\t\t\t\t\t\t<li class=\"elementor-icon-list-item\">\n\t\t\t\t\t\t\t\t\t\t\t<span class=\"elementor-icon-list-icon\">\n\t\t\t\t\t\t\t<i aria-hidden=\"true\" class=\"far fa-dot-circle\"><\/i>\t\t\t\t\t\t<\/span>\n\t\t\t\t\t\t\t\t\t\t<span class=\"elementor-icon-list-text\">Kostenloser Einladungsservice: Mehr als die H\u00e4lfte der Besucher der RMV kommt aufgrund des Einladungsservices von Easyfairs. Die Zeit und die Kosten (f\u00fcr Design und Druck), die Sie normalerweise f\u00fcr Einladungskarten aufwenden, k\u00f6nnen Sie sich sparen! In der postalischen Einladung wird Ihr Firmenname angegeben. Dadurch wird Ihren Kunden klar kommuniziert, dass Sie sie pers\u00f6nlich einladen. Gesch\u00e4ftskontakte, die auch in unserer E-Mail-Datenbank abgespeichert sind, erhalten keine Einladung per Post, sondern eine E-Mail mit einmaligem Registrierungscode. Auch in dieser E-Mail wird Ihr Firmenname gut zu sehen sein.<\/span>\n\t\t\t\t\t\t\t\t\t<\/li>\n\t\t\t\t\t\t<\/ul>\n\t\t\t\t\t\t<\/div>\n\t\t\t\t<\/div>\n\t\t\t\t\t<\/div>\n\t\t<\/div>\n\t\t\t\t\t<\/div>\n\t\t<\/section>\n\t\t\t\t<\/div>\n\t\t","protected":false},"excerpt":{"rendered":"<p>Home Es ist \u201eEasy\u201c, einen Stand zu buchen. Mit uns wird es auch \u201eEasy\u201c, Ihre Produkte und Dienstleistungen auf der Messe attraktiv zu pr\u00e4sentieren, mit Interessenten und Kunden in Kontakt zu treten und Gesch\u00e4fte zu machen. Wenn Sie Aussteller auf den Rundvee &amp; Mechanisatie Vakdagen sind, brauchen Sie sich nur auf die Teilnahme an der [&hellip;]<\/p>\n","protected":false},"author":376,"featured_media":2528,"parent":50568,"menu_order":0,"comment_status":"closed","ping_status":"closed","template":"","meta":{"_seopress_robots_primary_cat":"","_seopress_titles_title":"","_seopress_titles_desc":"","_seopress_robots_index":"","footnotes":""},"class_list":["post-50516","page","type-page","status-publish","has-post-thumbnail","hentry"],"_links":{"self":[{"href":"https:\/\/www.rmv-nederland.nl\/de\/wp-json\/wp\/v2\/pages\/50516","targetHints":{"allow":["GET"]}}],"collection":[{"href":"https:\/\/www.rmv-nederland.nl\/de\/wp-json\/wp\/v2\/pages"}],"about":[{"href":"https:\/\/www.rmv-nederland.nl\/de\/wp-json\/wp\/v2\/types\/page"}],"author":[{"embeddable":true,"href":"https:\/\/www.rmv-nederland.nl\/de\/wp-json\/wp\/v2\/users\/376"}],"replies":[{"embeddable":true,"href":"https:\/\/www.rmv-nederland.nl\/de\/wp-json\/wp\/v2\/comments?post=50516"}],"version-history":[{"count":5,"href":"https:\/\/www.rmv-nederland.nl\/de\/wp-json\/wp\/v2\/pages\/50516\/revisions"}],"predecessor-version":[{"id":128627,"href":"https:\/\/www.rmv-nederland.nl\/de\/wp-json\/wp\/v2\/pages\/50516\/revisions\/128627"}],"up":[{"embeddable":true,"href":"https:\/\/www.rmv-nederland.nl\/de\/wp-json\/wp\/v2\/pages\/50568"}],"wp:featuredmedia":[{"embeddable":true,"href":"https:\/\/www.rmv-nederland.nl\/de\/wp-json\/wp\/v2\/media\/2528"}],"wp:attachment":[{"href":"https:\/\/www.rmv-nederland.nl\/de\/wp-json\/wp\/v2\/media?parent=50516"}],"curies":[{"name":"wp","href":"https:\/\/api.w.org\/{rel}","templated":true}]}}