{"id":135063,"date":"2025-06-16T14:58:29","date_gmt":"2025-06-16T12:58:29","guid":{"rendered":"https:\/\/www.rmv-nederland.nl\/nachbestellungen\/"},"modified":"2025-06-16T15:51:54","modified_gmt":"2025-06-16T13:51:54","slug":"nachbestellungen","status":"publish","type":"page","link":"https:\/\/www.rmv-nederland.nl\/de\/ich-bin-aussteller\/praktische-informationen-fuer-aussteller\/nachbestellungen\/","title":{"rendered":"Nachbestellungen"},"content":{"rendered":"\t\t<div data-elementor-type=\"wp-page\" data-elementor-id=\"135063\" class=\"elementor elementor-135063 elementor-133377\" data-elementor-post-type=\"page\">\n\t\t\t\t\t\t<section class=\"elementor-section elementor-top-section elementor-element elementor-element-d006af8 elementor-section-boxed elementor-section-height-default elementor-section-height-default\" data-id=\"d006af8\" data-element_type=\"section\">\n\t\t\t\t\t\t<div class=\"elementor-container elementor-column-gap-default\">\n\t\t\t\t\t<div class=\"elementor-column elementor-col-100 elementor-top-column elementor-element elementor-element-2eda298e\" data-id=\"2eda298e\" data-element_type=\"column\">\n\t\t\t<div class=\"elementor-widget-wrap elementor-element-populated\">\n\t\t\t\t\t\t<div class=\"elementor-element elementor-element-6a29662a elementor-widget elementor-widget-heading\" data-id=\"6a29662a\" data-element_type=\"widget\" data-widget_type=\"heading.default\">\n\t\t\t\t<div class=\"elementor-widget-container\">\n\t\t\t\t\t<h1 class=\"elementor-heading-title elementor-size-default\">Nachbestellungen<\/h1>\t\t\t\t<\/div>\n\t\t\t\t<\/div>\n\t\t\t\t<div class=\"elementor-element elementor-element-1dc34c01 elementor-widget elementor-widget-seopress-breadcrumbs\" data-id=\"1dc34c01\" data-element_type=\"widget\" data-widget_type=\"seopress-breadcrumbs.default\">\n\t\t\t\t<div class=\"elementor-widget-container\">\n\t\t\t\t\t<span ><nav  aria-label=\"breadcrumb\"><ol class=\"breadcrumb\" itemscope itemtype=\"https:\/\/schema.org\/BreadcrumbList\"><li class=\"breadcrumb-item active\" aria-current=\"page\" itemprop=\"itemListElement\" itemscope itemtype=\"https:\/\/schema.org\/ListItem\"><span itemprop=\"name\">Home<\/span><meta itemprop=\"position\" content=\"1\"><\/li><\/ol><\/nav><\/span>\t\t\t\t<\/div>\n\t\t\t\t<\/div>\n\t\t\t\t<div class=\"elementor-element elementor-element-7ffd1ac6 elementor-widget elementor-widget-text-editor\" data-id=\"7ffd1ac6\" data-element_type=\"widget\" data-widget_type=\"text-editor.default\">\n\t\t\t\t<div class=\"elementor-widget-container\">\n\t\t\t\t\t\t\t\t\t<p data-start=\"38\" data-end=\"399\">Alles, was du brauchst, um deinen Stand einzurichten oder besser zur Geltung zu bringen, kannst du ganz einfach bei uns bestellen. Event Services von Easyfairs bietet dir ein gro\u00dfes Sortiment an M\u00f6beln, Dekoration, Drucksachen, AV-Technik, Eyecatchern und mehr. Lass dich rundum entlasten und bestelle \u00fcber den Webshop oder fordere ein <a href=\"https:\/\/www.rmv-nederland.nl\/wp\/wp-admin\/admin.php?page=tm%2Fmenu%2Ftranslations-queue.php&amp;return_url=%2Fwp%2Fwp-admin%2Fedit.php%3Fpost_type%3Dpage%26orderby%3Ddate%26order%3Ddesc%26lang%3Dnl&amp;lang=nl&amp;trid=698706&amp;language_code=de&amp;source_language_code=nl#offerte\">individuelles Angebot<\/a> an.<\/p>\n<p data-start=\"401\" data-end=\"520\" data-is-last-node=\"\" data-is-only-node=\"\">Nachbestellungen bei Event Services von Easyfairs zu t\u00e4tigen ist nicht nur einfach, sondern auch eine nachhaltige Wahl.<\/p>\n\t\t\t\t\t\t\t\t<\/div>\n\t\t\t\t<\/div>\n\t\t\t\t\t<\/div>\n\t\t<\/div>\n\t\t\t\t\t<\/div>\n\t\t<\/section>\n\t\t\t\t<section class=\"elementor-section elementor-top-section elementor-element elementor-element-15c7f116 elementor-section-boxed elementor-section-height-default elementor-section-height-default\" data-id=\"15c7f116\" data-element_type=\"section\">\n\t\t\t\t\t\t<div class=\"elementor-container elementor-column-gap-default\">\n\t\t\t\t\t<div class=\"elementor-column elementor-col-100 elementor-top-column elementor-element elementor-element-5429e5cf\" data-id=\"5429e5cf\" data-element_type=\"column\">\n\t\t\t<div class=\"elementor-widget-wrap elementor-element-populated\">\n\t\t\t\t\t\t<div class=\"elementor-element elementor-element-2249871a elementor-widget elementor-widget-heading\" data-id=\"2249871a\" data-element_type=\"widget\" data-widget_type=\"heading.default\">\n\t\t\t\t<div class=\"elementor-widget-container\">\n\t\t\t\t\t<h2 class=\"elementor-heading-title elementor-size-default\">Webshop<\/h2>\t\t\t\t<\/div>\n\t\t\t\t<\/div>\n\t\t\t\t<div class=\"elementor-element elementor-element-7c1d612b elementor-widget-divider--view-line elementor-widget elementor-widget-divider\" data-id=\"7c1d612b\" data-element_type=\"widget\" data-widget_type=\"divider.default\">\n\t\t\t\t<div class=\"elementor-widget-container\">\n\t\t\t\t\t\t\t<div class=\"elementor-divider\">\n\t\t\t<span class=\"elementor-divider-separator\">\n\t\t\t\t\t\t<\/span>\n\t\t<\/div>\n\t\t\t\t\t\t<\/div>\n\t\t\t\t<\/div>\n\t\t\t\t<section class=\"elementor-section elementor-inner-section elementor-element elementor-element-19ba35fa elementor-section-boxed elementor-section-height-default elementor-section-height-default\" data-id=\"19ba35fa\" data-element_type=\"section\">\n\t\t\t\t\t\t<div class=\"elementor-container elementor-column-gap-default\">\n\t\t\t\t\t<div class=\"elementor-column elementor-col-50 elementor-inner-column elementor-element elementor-element-42f17c1b\" data-id=\"42f17c1b\" data-element_type=\"column\">\n\t\t\t<div class=\"elementor-widget-wrap elementor-element-populated\">\n\t\t\t\t\t\t<div class=\"elementor-element elementor-element-5714838a elementor-widget elementor-widget-text-editor\" data-id=\"5714838a\" data-element_type=\"widget\" data-widget_type=\"text-editor.default\">\n\t\t\t\t<div class=\"elementor-widget-container\">\n\t\t\t\t\t\t\t\t\t<p data-start=\"0\" data-end=\"36\">Hier is de vertaling naar het Duits:<\/p>\n<p data-start=\"38\" data-end=\"138\">Besuche unseren Webshop \u00fcber My Easyfairs, um alles zu bestellen, was du f\u00fcr deinen Stand ben\u00f6tigst:<\/p>\n<ul data-start=\"140\" data-end=\"398\" data-is-last-node=\"\" data-is-only-node=\"\">\n<li data-start=\"140\" data-end=\"160\">\n<p data-start=\"142\" data-end=\"160\">Standbauoptionen<\/p>\n<\/li>\n<li data-start=\"140\" data-end=\"160\">\n<p data-start=\"142\" data-end=\"160\">Hochb\u00f6den und verschiedene Teppichfarben<\/p>\n<\/li>\n<li data-start=\"206\" data-end=\"215\">\n<p data-start=\"208\" data-end=\"215\">M\u00f6bel<\/p>\n<\/li>\n<li data-start=\"216\" data-end=\"226\">\n<p data-start=\"218\" data-end=\"226\">Theken<\/p>\n<\/li>\n<li data-start=\"227\" data-end=\"239\">\n<p data-start=\"229\" data-end=\"239\">Vitrinen<\/p>\n<\/li>\n<li data-start=\"240\" data-end=\"255\">\n<p data-start=\"242\" data-end=\"255\">Drucksachen<\/p>\n<\/li>\n<li data-start=\"256\" data-end=\"286\">\n<p data-start=\"258\" data-end=\"286\">Gr\u00fcn- und Blumendekoration<\/p>\n<\/li>\n<li data-start=\"287\" data-end=\"315\">\n<p data-start=\"289\" data-end=\"315\">Technische Einrichtungen<\/p>\n<ul data-start=\"140\" data-end=\"398\" data-is-last-node=\"\" data-is-only-node=\"\">\n<li data-start=\"316\" data-end=\"328\">\n<p data-start=\"318\" data-end=\"328\">Elektrik<\/p>\n<\/li>\n<li data-start=\"329\" data-end=\"339\">\n<p data-start=\"331\" data-end=\"339\">Wasser<\/p>\n<\/li>\n<li data-start=\"340\" data-end=\"353\">\n<p data-start=\"342\" data-end=\"353\">Druckluft<\/p>\n<\/li>\n<li data-start=\"354\" data-end=\"366\">\n<p data-start=\"356\" data-end=\"366\">Internet<\/p>\n<\/li>\n<\/ul>\n<\/li>\n<li data-start=\"367\" data-end=\"387\">\n<p data-start=\"369\" data-end=\"387\">Hostess-Services<\/p>\n<\/li>\n<li data-start=\"388\" data-end=\"398\" data-is-last-node=\"\">\n<p data-start=\"390\" data-end=\"398\" data-is-last-node=\"\">Catering<\/p>\n<\/li>\n<\/ul>\n\t\t\t\t\t\t\t\t<\/div>\n\t\t\t\t<\/div>\n\t\t\t\t\t<\/div>\n\t\t<\/div>\n\t\t\t\t<div class=\"elementor-column elementor-col-50 elementor-inner-column elementor-element elementor-element-1778d2d2\" data-id=\"1778d2d2\" data-element_type=\"column\">\n\t\t\t<div class=\"elementor-widget-wrap elementor-element-populated\">\n\t\t\t\t\t\t<div class=\"elementor-element elementor-element-33a4c06d elementor-widget elementor-widget-video\" data-id=\"33a4c06d\" data-element_type=\"widget\" data-settings=\"{&quot;youtube_url&quot;:&quot;https:\\\/\\\/www.youtube.com\\\/watch?v=uS4lDhGoEZ0&quot;,&quot;video_type&quot;:&quot;youtube&quot;,&quot;controls&quot;:&quot;yes&quot;}\" data-widget_type=\"video.default\">\n\t\t\t\t<div class=\"elementor-widget-container\">\n\t\t\t\t\t\t\t<div class=\"elementor-wrapper elementor-open-inline\">\n\t\t\t<div class=\"elementor-video\"><\/div>\t\t<\/div>\n\t\t\t\t\t\t<\/div>\n\t\t\t\t<\/div>\n\t\t\t\t\t<\/div>\n\t\t<\/div>\n\t\t\t\t\t<\/div>\n\t\t<\/section>\n\t\t\t\t<div class=\"elementor-element elementor-element-a694f75 elementor-widget elementor-widget-heading\" data-id=\"a694f75\" data-element_type=\"widget\" data-widget_type=\"heading.default\">\n\t\t\t\t<div class=\"elementor-widget-container\">\n\t\t\t\t\t<h3 class=\"elementor-heading-title elementor-size-default\">Preise im Webshop<\/h3>\t\t\t\t<\/div>\n\t\t\t\t<\/div>\n\t\t\t\t<div class=\"elementor-element elementor-element-10b02e9b elementor-widget elementor-widget-toggle\" data-id=\"10b02e9b\" data-element_type=\"widget\" data-widget_type=\"toggle.default\">\n\t\t\t\t<div class=\"elementor-widget-container\">\n\t\t\t\t\t\t\t<div class=\"elementor-toggle\">\n\t\t\t\t\t\t\t<div class=\"elementor-toggle-item\">\n\t\t\t\t\t<div id=\"elementor-tab-title-2791\" class=\"elementor-tab-title\" data-tab=\"1\" role=\"button\" aria-controls=\"elementor-tab-content-2791\" aria-expanded=\"false\">\n\t\t\t\t\t\t\t\t\t\t\t\t<span class=\"elementor-toggle-icon elementor-toggle-icon-left\" aria-hidden=\"true\">\n\t\t\t\t\t\t\t\t\t\t\t\t\t\t\t<span class=\"elementor-toggle-icon-closed\"><i class=\"fas fa-caret-right\"><\/i><\/span>\n\t\t\t\t\t\t\t\t<span class=\"elementor-toggle-icon-opened\"><i class=\"elementor-toggle-icon-opened fas fa-caret-up\"><\/i><\/span>\n\t\t\t\t\t\t\t\t\t\t\t\t\t<\/span>\n\t\t\t\t\t\t\t\t\t\t\t\t<a class=\"elementor-toggle-title\" tabindex=\"0\">Fr\u00fchbuchertarif<\/a>\n\t\t\t\t\t<\/div>\n\n\t\t\t\t\t<div id=\"elementor-tab-content-2791\" class=\"elementor-tab-content elementor-clearfix\" data-tab=\"1\" role=\"region\" aria-labelledby=\"elementor-tab-title-2791\"><p>Bestellen Sie rechtzeitig zum niedrigen Fr\u00fchbucherrabatt. Hier k\u00f6nnen Sie die <a href=\"https:\/\/www.rmv-nederland.nl\/exposanten\/ik-ben-exposant\/praktische-informatie-exposant\/deadlines\/\">Frist<\/a> f\u00fcr den Fr\u00fchbucherrabatt einsehen.<\/p>\n<\/div>\n\t\t\t\t<\/div>\n\t\t\t\t\t\t\t<div class=\"elementor-toggle-item\">\n\t\t\t\t\t<div id=\"elementor-tab-title-2792\" class=\"elementor-tab-title\" data-tab=\"2\" role=\"button\" aria-controls=\"elementor-tab-content-2792\" aria-expanded=\"false\">\n\t\t\t\t\t\t\t\t\t\t\t\t<span class=\"elementor-toggle-icon elementor-toggle-icon-left\" aria-hidden=\"true\">\n\t\t\t\t\t\t\t\t\t\t\t\t\t\t\t<span class=\"elementor-toggle-icon-closed\"><i class=\"fas fa-caret-right\"><\/i><\/span>\n\t\t\t\t\t\t\t\t<span class=\"elementor-toggle-icon-opened\"><i class=\"elementor-toggle-icon-opened fas fa-caret-up\"><\/i><\/span>\n\t\t\t\t\t\t\t\t\t\t\t\t\t<\/span>\n\t\t\t\t\t\t\t\t\t\t\t\t<a class=\"elementor-toggle-title\" tabindex=\"0\">Reguliere Tarif<\/a>\n\t\t\t\t\t<\/div>\n\n\t\t\t\t\t<div id=\"elementor-tab-content-2792\" class=\"elementor-tab-content elementor-clearfix\" data-tab=\"2\" role=\"region\" aria-labelledby=\"elementor-tab-title-2792\"><p>Nach Ablauf des Fr\u00fchbucherrabatts betr\u00e4gt der Aufschlag 30 %. Bestimmte Produkte wie Drucksachen k\u00f6nnen nur w\u00e4hrend der Fr\u00fchbucherperiode bestellt werden.<\/p>\n<p>Hier finden Sie die aktuellen <a href=\"https:\/\/www.rmv-nederland.nl\/exposanten\/ik-ben-exposant\/praktische-informatie-exposant\/deadlines\/\">Fristen<\/a>.<\/p>\n<\/div>\n\t\t\t\t<\/div>\n\t\t\t\t\t\t\t<div class=\"elementor-toggle-item\">\n\t\t\t\t\t<div id=\"elementor-tab-title-2793\" class=\"elementor-tab-title\" data-tab=\"3\" role=\"button\" aria-controls=\"elementor-tab-content-2793\" aria-expanded=\"false\">\n\t\t\t\t\t\t\t\t\t\t\t\t<span class=\"elementor-toggle-icon elementor-toggle-icon-left\" aria-hidden=\"true\">\n\t\t\t\t\t\t\t\t\t\t\t\t\t\t\t<span class=\"elementor-toggle-icon-closed\"><i class=\"fas fa-caret-right\"><\/i><\/span>\n\t\t\t\t\t\t\t\t<span class=\"elementor-toggle-icon-opened\"><i class=\"elementor-toggle-icon-opened fas fa-caret-up\"><\/i><\/span>\n\t\t\t\t\t\t\t\t\t\t\t\t\t<\/span>\n\t\t\t\t\t\t\t\t\t\t\t\t<a class=\"elementor-toggle-title\" tabindex=\"0\">Schlie\u00dfung des Webshops<\/a>\n\t\t\t\t\t<\/div>\n\n\t\t\t\t\t<div id=\"elementor-tab-content-2793\" class=\"elementor-tab-content elementor-clearfix\" data-tab=\"3\" role=\"region\" aria-labelledby=\"elementor-tab-title-2793\"><p>Sie die aktuellen <a href=\"https:\/\/www.rmv-nederland.nl\/exposanten\/ik-ben-exposant\/praktische-informatie-exposant\/deadlines\/\">Fristen<\/a>.<\/p>\n<\/div>\n\t\t\t\t<\/div>\n\t\t\t\t\t\t\t<div class=\"elementor-toggle-item\">\n\t\t\t\t\t<div id=\"elementor-tab-title-2794\" class=\"elementor-tab-title\" data-tab=\"4\" role=\"button\" aria-controls=\"elementor-tab-content-2794\" aria-expanded=\"false\">\n\t\t\t\t\t\t\t\t\t\t\t\t<span class=\"elementor-toggle-icon elementor-toggle-icon-left\" aria-hidden=\"true\">\n\t\t\t\t\t\t\t\t\t\t\t\t\t\t\t<span class=\"elementor-toggle-icon-closed\"><i class=\"fas fa-caret-right\"><\/i><\/span>\n\t\t\t\t\t\t\t\t<span class=\"elementor-toggle-icon-opened\"><i class=\"elementor-toggle-icon-opened fas fa-caret-up\"><\/i><\/span>\n\t\t\t\t\t\t\t\t\t\t\t\t\t<\/span>\n\t\t\t\t\t\t\t\t\t\t\t\t<a class=\"elementor-toggle-title\" tabindex=\"0\">Bestellungen vor Ort<\/a>\n\t\t\t\t\t<\/div>\n\n\t\t\t\t\t<div id=\"elementor-tab-content-2794\" class=\"elementor-tab-content elementor-clearfix\" data-tab=\"4\" role=\"region\" aria-labelledby=\"elementor-tab-title-2794\"><p>Die Bestellung von Nachbestellungen nach Schlie\u00dfung des Webshops ist nur w\u00e4hrend des Aufbaus an der Aussteller-Theke m\u00f6glich.<\/p>\n<p>Achtung:<\/p>\n<ul>\n<li>F\u00fcr die Beantragung von technischen Einrichtungen w\u00e4hrend des Aufbaus wird eine Geb\u00fchr von 100% erhoben.<\/li>\n<li>Es steht nur ein begrenztes Sortiment w\u00e4hrend des Aufbaus zur Verf\u00fcgung, solange der Vorrat reicht.<\/li>\n<li>Die Lieferung von Nachbestellungen \u00fcber den Webshop hat jederzeit Vorrang vor Nachbestellungen, die w\u00e4hrend des Aufbaus aufgegeben werden.<\/li>\n<\/ul>\n<\/div>\n\t\t\t\t<\/div>\n\t\t\t\t\t\t\t<div class=\"elementor-toggle-item\">\n\t\t\t\t\t<div id=\"elementor-tab-title-2795\" class=\"elementor-tab-title\" data-tab=\"5\" role=\"button\" aria-controls=\"elementor-tab-content-2795\" aria-expanded=\"false\">\n\t\t\t\t\t\t\t\t\t\t\t\t<span class=\"elementor-toggle-icon elementor-toggle-icon-left\" aria-hidden=\"true\">\n\t\t\t\t\t\t\t\t\t\t\t\t\t\t\t<span class=\"elementor-toggle-icon-closed\"><i class=\"fas fa-caret-right\"><\/i><\/span>\n\t\t\t\t\t\t\t\t<span class=\"elementor-toggle-icon-opened\"><i class=\"elementor-toggle-icon-opened fas fa-caret-up\"><\/i><\/span>\n\t\t\t\t\t\t\t\t\t\t\t\t\t<\/span>\n\t\t\t\t\t\t\t\t\t\t\t\t<a class=\"elementor-toggle-title\" tabindex=\"0\">Stornierung<\/a>\n\t\t\t\t\t<\/div>\n\n\t\t\t\t\t<div id=\"elementor-tab-content-2795\" class=\"elementor-tab-content elementor-clearfix\" data-tab=\"5\" role=\"region\" aria-labelledby=\"elementor-tab-title-2795\"><p>Die Stornierung von Zusatzbestellungen kann bis zu 15 Tage vor Beginn der Veranstaltung erfolgen. Danach werden 100 % Stornokosten berechnet. Drucksachen wie nahtlose Drucke, gedruckte Paneele und Aufkleber k\u00f6nnen nicht storniert werden.<\/p>\n<\/div>\n\t\t\t\t<\/div>\n\t\t\t\t\t\t\t<div class=\"elementor-toggle-item\">\n\t\t\t\t\t<div id=\"elementor-tab-title-2796\" class=\"elementor-tab-title\" data-tab=\"6\" role=\"button\" aria-controls=\"elementor-tab-content-2796\" aria-expanded=\"false\">\n\t\t\t\t\t\t\t\t\t\t\t\t<span class=\"elementor-toggle-icon elementor-toggle-icon-left\" aria-hidden=\"true\">\n\t\t\t\t\t\t\t\t\t\t\t\t\t\t\t<span class=\"elementor-toggle-icon-closed\"><i class=\"fas fa-caret-right\"><\/i><\/span>\n\t\t\t\t\t\t\t\t<span class=\"elementor-toggle-icon-opened\"><i class=\"elementor-toggle-icon-opened fas fa-caret-up\"><\/i><\/span>\n\t\t\t\t\t\t\t\t\t\t\t\t\t<\/span>\n\t\t\t\t\t\t\t\t\t\t\t\t<a class=\"elementor-toggle-title\" tabindex=\"0\">Schaden und\/oder Verlust<\/a>\n\t\t\t\t\t<\/div>\n\n\t\t\t\t\t<div id=\"elementor-tab-content-2796\" class=\"elementor-tab-content elementor-clearfix\" data-tab=\"6\" role=\"region\" aria-labelledby=\"elementor-tab-title-2796\"><p>Webshopartikel sind mietweise und bleiben somit Eigentum von Easyfairs Nederland BV und\/oder den Lieferanten. Bei Sch\u00e4den und\/oder Verlust werden die Kosten dem Aussteller in Rechnung gestellt.<\/p>\n<\/div>\n\t\t\t\t<\/div>\n\t\t\t\t\t\t\t\t<\/div>\n\t\t\t\t\t\t<\/div>\n\t\t\t\t<\/div>\n\t\t\t\t\t<\/div>\n\t\t<\/div>\n\t\t\t\t\t<\/div>\n\t\t<\/section>\n\t\t\t\t<section class=\"elementor-section elementor-top-section elementor-element elementor-element-3935cdc6 elementor-section-boxed elementor-section-height-default elementor-section-height-default\" data-id=\"3935cdc6\" data-element_type=\"section\">\n\t\t\t\t\t\t<div class=\"elementor-container elementor-column-gap-default\">\n\t\t\t\t\t<div class=\"elementor-column elementor-col-100 elementor-top-column elementor-element elementor-element-2d5b306a\" data-id=\"2d5b306a\" data-element_type=\"column\">\n\t\t\t<div class=\"elementor-widget-wrap elementor-element-populated\">\n\t\t\t\t\t\t<div class=\"elementor-element elementor-element-7f4e1c29 elementor-widget elementor-widget-menu-anchor\" data-id=\"7f4e1c29\" data-element_type=\"widget\" data-widget_type=\"menu-anchor.default\">\n\t\t\t\t<div class=\"elementor-widget-container\">\n\t\t\t\t\t\t\t<div class=\"elementor-menu-anchor\" id=\"Angebot\"><\/div>\n\t\t\t\t\t\t<\/div>\n\t\t\t\t<\/div>\n\t\t\t\t<div class=\"elementor-element elementor-element-2bf86c45 elementor-widget elementor-widget-heading\" data-id=\"2bf86c45\" data-element_type=\"widget\" data-widget_type=\"heading.default\">\n\t\t\t\t<div class=\"elementor-widget-container\">\n\t\t\t\t\t<h2 class=\"elementor-heading-title elementor-size-default\">Ma\u00dfgeschneidertes Angebot<\/h2>\t\t\t\t<\/div>\n\t\t\t\t<\/div>\n\t\t\t\t<div class=\"elementor-element elementor-element-13cef6a3 elementor-widget-divider--view-line elementor-widget elementor-widget-divider\" data-id=\"13cef6a3\" data-element_type=\"widget\" data-widget_type=\"divider.default\">\n\t\t\t\t<div class=\"elementor-widget-container\">\n\t\t\t\t\t\t\t<div class=\"elementor-divider\">\n\t\t\t<span class=\"elementor-divider-separator\">\n\t\t\t\t\t\t<\/span>\n\t\t<\/div>\n\t\t\t\t\t\t<\/div>\n\t\t\t\t<\/div>\n\t\t\t\t<div class=\"elementor-element elementor-element-1f6a61dd elementor-widget elementor-widget-text-editor\" data-id=\"1f6a61dd\" data-element_type=\"widget\" data-widget_type=\"text-editor.default\">\n\t\t\t\t<div class=\"elementor-widget-container\">\n\t\t\t\t\t\t\t\t\t<p>Neben dem Sortiment im Webshop bieten wir auch ma\u00dfgeschneiderte Angebote an. Suchst du nach einer einzigartigen Messestandgestaltung? Dann denken wir gerne mit dir mit. Event Services erstellt gerne ein v\u00f6llig unverbindliches Angebot, das auf dein Budget und deine Bed\u00fcrfnisse abgestimmt ist. Warte nicht zu lange und nimm Kontakt mit Event Services auf, um die M\u00f6glichkeiten zu besprechen.<\/p>\n\t\t\t\t\t\t\t\t<\/div>\n\t\t\t\t<\/div>\n\t\t\t\t<div class=\"elementor-element elementor-element-5bd4e47c elementor-button-align-stretch elementor-widget elementor-widget-form\" data-id=\"5bd4e47c\" data-element_type=\"widget\" data-settings=\"{&quot;step_next_label&quot;:&quot;N\\u00e4chste&quot;,&quot;step_previous_label&quot;:&quot;Vorherige&quot;,&quot;button_width&quot;:&quot;100&quot;,&quot;step_type&quot;:&quot;number_text&quot;,&quot;step_icon_shape&quot;:&quot;circle&quot;}\" data-widget_type=\"form.default\">\n\t\t\t\t<div class=\"elementor-widget-container\">\n\t\t\t\t\t\t\t<form class=\"elementor-form\" method=\"post\" name=\"NeueForm\" aria-label=\"NeueForm\">\n\t\t\t<input type=\"hidden\" name=\"post_id\" value=\"135063\"\/>\n\t\t\t<input type=\"hidden\" name=\"form_id\" value=\"5bd4e47c\"\/>\n\t\t\t<input type=\"hidden\" name=\"referer_title\" value=\"\" \/>\n\n\t\t\t\n\t\t\t<div class=\"elementor-form-fields-wrapper elementor-labels-above\">\n\t\t\t\t\t\t\t\t<div class=\"elementor-field-type-text elementor-field-group elementor-column elementor-field-group-name elementor-col-50 elementor-field-required\">\n\t\t\t\t\t\t\t\t\t\t\t\t<label for=\"form-field-name\" class=\"elementor-field-label\">\n\t\t\t\t\t\t\t\tVorname\t\t\t\t\t\t\t<\/label>\n\t\t\t\t\t\t\t\t\t\t\t\t\t\t<input size=\"1\" type=\"text\" name=\"form_fields[name]\" id=\"form-field-name\" class=\"elementor-field elementor-size-sm  elementor-field-textual\" placeholder=\"Vorname\" required=\"required\">\n\t\t\t\t\t\t\t\t\t\t\t<\/div>\n\t\t\t\t\t\t\t\t<div class=\"elementor-field-type-text elementor-field-group elementor-column elementor-field-group-field_6e2bfb6 elementor-col-50 elementor-field-required\">\n\t\t\t\t\t\t\t\t\t\t\t\t<label for=\"form-field-field_6e2bfb6\" class=\"elementor-field-label\">\n\t\t\t\t\t\t\t\tNachname\t\t\t\t\t\t\t<\/label>\n\t\t\t\t\t\t\t\t\t\t\t\t\t\t<input size=\"1\" type=\"text\" name=\"form_fields[field_6e2bfb6]\" id=\"form-field-field_6e2bfb6\" class=\"elementor-field elementor-size-sm  elementor-field-textual\" placeholder=\"Nachname\" required=\"required\">\n\t\t\t\t\t\t\t\t\t\t\t<\/div>\n\t\t\t\t\t\t\t\t<div class=\"elementor-field-type-text elementor-field-group elementor-column elementor-field-group-field_8e235b2 elementor-col-50 elementor-field-required\">\n\t\t\t\t\t\t\t\t\t\t\t\t<label for=\"form-field-field_8e235b2\" class=\"elementor-field-label\">\n\t\t\t\t\t\t\t\tFirmenname\t\t\t\t\t\t\t<\/label>\n\t\t\t\t\t\t\t\t\t\t\t\t\t\t<input size=\"1\" type=\"text\" name=\"form_fields[field_8e235b2]\" id=\"form-field-field_8e235b2\" class=\"elementor-field elementor-size-sm  elementor-field-textual\" placeholder=\"Firmenname\" required=\"required\">\n\t\t\t\t\t\t\t\t\t\t\t<\/div>\n\t\t\t\t\t\t\t\t<div class=\"elementor-field-type-email elementor-field-group elementor-column elementor-field-group-email elementor-col-50 elementor-field-required\">\n\t\t\t\t\t\t\t\t\t\t\t\t<label for=\"form-field-email\" class=\"elementor-field-label\">\n\t\t\t\t\t\t\t\tE-mail\t\t\t\t\t\t\t<\/label>\n\t\t\t\t\t\t\t\t\t\t\t\t\t\t<input size=\"1\" type=\"email\" name=\"form_fields[email]\" id=\"form-field-email\" class=\"elementor-field elementor-size-sm  elementor-field-textual\" placeholder=\"E-mail\" required=\"required\">\n\t\t\t\t\t\t\t\t\t\t\t<\/div>\n\t\t\t\t\t\t\t\t<div class=\"elementor-field-type-textarea elementor-field-group elementor-column elementor-field-group-message elementor-col-100\">\n\t\t\t\t\t\t\t\t\t\t\t\t<label for=\"form-field-message\" class=\"elementor-field-label\">\n\t\t\t\t\t\t\t\tIhre Nachricht\t\t\t\t\t\t\t<\/label>\n\t\t\t\t\t\t<textarea class=\"elementor-field-textual elementor-field  elementor-size-sm\" name=\"form_fields[message]\" id=\"form-field-message\" rows=\"4\" placeholder=\"Ihre Nachricht\"><\/textarea>\t\t\t\t<\/div>\n\t\t\t\t\t\t\t\t<div class=\"elementor-field-type-recaptcha_v3 elementor-field-group elementor-column elementor-field-group-field_39c4787 elementor-col-100 recaptcha_v3-inline\">\n\t\t\t\t\t<div class=\"elementor-field\" id=\"form-field-field_39c4787\"><div class=\"elementor-g-recaptcha\" data-sitekey=\"6LfkFuoUAAAAAM78oQ8edJ74ji2ZMiCa6DPAwOFb\" data-type=\"v3\" data-action=\"Form\" data-badge=\"inline\" data-size=\"invisible\"><\/div><\/div>\t\t\t\t<\/div>\n\t\t\t\t\t\t\t\t<div class=\"elementor-field-group elementor-column elementor-field-type-submit elementor-col-100 e-form__buttons\">\n\t\t\t\t\t<button class=\"elementor-button elementor-size-sm\" type=\"submit\">\n\t\t\t\t\t\t<span class=\"elementor-button-content-wrapper\">\n\t\t\t\t\t\t\t\t\t\t\t\t\t\t\t\t\t\t\t\t\t\t<span class=\"elementor-button-text\">Schicken<\/span>\n\t\t\t\t\t\t\t\t\t\t\t\t\t<\/span>\n\t\t\t\t\t<\/button>\n\t\t\t\t<\/div>\n\t\t\t<\/div>\n\t\t<\/form>\n\t\t\t\t\t\t<\/div>\n\t\t\t\t<\/div>\n\t\t\t\t\t<\/div>\n\t\t<\/div>\n\t\t\t\t\t<\/div>\n\t\t<\/section>\n\t\t\t\t<\/div>\n\t\t","protected":false},"excerpt":{"rendered":"<p>Nachbestellungen Home Alles, was du brauchst, um deinen Stand einzurichten oder besser zur Geltung zu bringen, kannst du ganz einfach bei uns bestellen. Event Services von Easyfairs bietet dir ein gro\u00dfes Sortiment an M\u00f6beln, Dekoration, Drucksachen, AV-Technik, Eyecatchern und mehr. Lass dich rundum entlasten und bestelle \u00fcber den Webshop oder fordere ein individuelles Angebot an. [&hellip;]<\/p>\n","protected":false},"author":109,"featured_media":0,"parent":135076,"menu_order":0,"comment_status":"closed","ping_status":"closed","template":"","meta":{"_seopress_robots_primary_cat":"","_seopress_titles_title":"","_seopress_titles_desc":"","_seopress_robots_index":"","footnotes":""},"class_list":["post-135063","page","type-page","status-publish","hentry"],"_links":{"self":[{"href":"https:\/\/www.rmv-nederland.nl\/de\/wp-json\/wp\/v2\/pages\/135063","targetHints":{"allow":["GET"]}}],"collection":[{"href":"https:\/\/www.rmv-nederland.nl\/de\/wp-json\/wp\/v2\/pages"}],"about":[{"href":"https:\/\/www.rmv-nederland.nl\/de\/wp-json\/wp\/v2\/types\/page"}],"author":[{"embeddable":true,"href":"https:\/\/www.rmv-nederland.nl\/de\/wp-json\/wp\/v2\/users\/109"}],"replies":[{"embeddable":true,"href":"https:\/\/www.rmv-nederland.nl\/de\/wp-json\/wp\/v2\/comments?post=135063"}],"version-history":[{"count":1,"href":"https:\/\/www.rmv-nederland.nl\/de\/wp-json\/wp\/v2\/pages\/135063\/revisions"}],"predecessor-version":[{"id":135064,"href":"https:\/\/www.rmv-nederland.nl\/de\/wp-json\/wp\/v2\/pages\/135063\/revisions\/135064"}],"up":[{"embeddable":true,"href":"https:\/\/www.rmv-nederland.nl\/de\/wp-json\/wp\/v2\/pages\/135076"}],"wp:attachment":[{"href":"https:\/\/www.rmv-nederland.nl\/de\/wp-json\/wp\/v2\/media?parent=135063"}],"curies":[{"name":"wp","href":"https:\/\/api.w.org\/{rel}","templated":true}]}}