{"id":135060,"date":"2025-06-16T14:49:47","date_gmt":"2025-06-16T12:49:47","guid":{"rendered":"https:\/\/www.rmv-nederland.nl\/spezifikationen\/"},"modified":"2025-06-16T14:49:48","modified_gmt":"2025-06-16T12:49:48","slug":"spezifikationen","status":"publish","type":"page","link":"https:\/\/www.rmv-nederland.nl\/de\/ich-bin-aussteller\/praktische-informationen-fuer-aussteller\/spezifikationen\/","title":{"rendered":"Spezifikationen"},"content":{"rendered":"\t\t<div data-elementor-type=\"wp-page\" data-elementor-id=\"135060\" class=\"elementor elementor-135060 elementor-133401\" data-elementor-post-type=\"page\">\n\t\t\t\t\t\t<section class=\"elementor-section elementor-top-section elementor-element elementor-element-7e00dfe2 elementor-section-boxed elementor-section-height-default elementor-section-height-default\" data-id=\"7e00dfe2\" data-element_type=\"section\">\n\t\t\t\t\t\t<div class=\"elementor-container elementor-column-gap-default\">\n\t\t\t\t\t<div class=\"elementor-column elementor-col-100 elementor-top-column elementor-element elementor-element-65a6a102\" data-id=\"65a6a102\" data-element_type=\"column\">\n\t\t\t<div class=\"elementor-widget-wrap elementor-element-populated\">\n\t\t\t\t\t\t<div class=\"elementor-element elementor-element-1dda0240 elementor-widget elementor-widget-heading\" data-id=\"1dda0240\" data-element_type=\"widget\" data-widget_type=\"heading.default\">\n\t\t\t\t<div class=\"elementor-widget-container\">\n\t\t\t\t\t<h1 class=\"elementor-heading-title elementor-size-default\">Spezifikationen<\/h1>\t\t\t\t<\/div>\n\t\t\t\t<\/div>\n\t\t\t\t<div class=\"elementor-element elementor-element-78e0730b elementor-widget elementor-widget-seopress-breadcrumbs\" data-id=\"78e0730b\" data-element_type=\"widget\" data-widget_type=\"seopress-breadcrumbs.default\">\n\t\t\t\t<div class=\"elementor-widget-container\">\n\t\t\t\t\t<span ><nav  aria-label=\"breadcrumb\"><ol class=\"breadcrumb\" itemscope itemtype=\"https:\/\/schema.org\/BreadcrumbList\"><li class=\"breadcrumb-item active\" aria-current=\"page\" itemprop=\"itemListElement\" itemscope itemtype=\"https:\/\/schema.org\/ListItem\"><span itemprop=\"name\">Home<\/span><meta itemprop=\"position\" content=\"1\"><\/li><\/ol><\/nav><\/span>\t\t\t\t<\/div>\n\t\t\t\t<\/div>\n\t\t\t\t<div class=\"elementor-element elementor-element-19b994cd elementor-widget elementor-widget-text-editor\" data-id=\"19b994cd\" data-element_type=\"widget\" data-widget_type=\"text-editor.default\">\n\t\t\t\t<div class=\"elementor-widget-container\">\n\t\t\t\t\t\t\t\t\t<article class=\"text-token-text-primary w-full\" dir=\"auto\" data-testid=\"conversation-turn-70\" data-scroll-anchor=\"true\">\n<div class=\"text-base my-auto mx-auto py-5 [--thread-content-margin:--spacing(4)] @[37rem]:[--thread-content-margin:--spacing(6)] @[72rem]:[--thread-content-margin:--spacing(16)] px-(--thread-content-margin)\">\n<div class=\"[--thread-content-max-width:32rem] @[34rem]:[--thread-content-max-width:40rem] @[64rem]:[--thread-content-max-width:48rem] mx-auto flex max-w-(--thread-content-max-width) flex-1 text-base gap-4 md:gap-5 lg:gap-6 group\/turn-messages focus-visible:outline-hidden\" tabindex=\"-1\">\n<div class=\"group\/conversation-turn relative flex w-full min-w-0 flex-col agent-turn\">\n<div class=\"relative flex-col gap-1 md:gap-3\">\n<div class=\"flex max-w-full flex-col grow\">\n<div class=\"min-h-8 text-message relative flex w-full flex-col items-end gap-2 text-start break-words whitespace-normal [.text-message+&amp;]:mt-5\" dir=\"auto\" data-message-author-role=\"assistant\" data-message-id=\"0c45a2f4-0ead-437b-b3e5-b09b4a6bf1dd\" data-message-model-slug=\"gpt-4-1-mini\">\n<div class=\"flex w-full flex-col gap-1 empty:hidden first:pt-[3px]\">\n<div class=\"markdown prose dark:prose-invert w-full break-words light\">\n<p data-start=\"38\" data-end=\"243\" data-is-last-node=\"\" data-is-only-node=\"\">Wenn du Druckauftr\u00e4ge bestellt hast, musst du die Entw\u00fcrfe rechtzeitig einreichen. Pr\u00fcfe die <a href=\"https:\/\/www.rmv-nederland.nl\/exposanten\/ik-ben-exposant\/praktische-informatie-exposant\/deadlines\/\">deadlines<\/a>, bis wann die Entw\u00fcrfe bei uns eingegangen sein m\u00fcssen, und siehe unten die Einreichungsspezifikationen.<\/p>\n<\/div>\n<\/div>\n<\/div>\n<\/div>\n<\/div>\n<\/div>\n<\/div>\n<\/div>\n<\/article>\n\t\t\t\t\t\t\t\t<\/div>\n\t\t\t\t<\/div>\n\t\t\t\t<section class=\"elementor-section elementor-inner-section elementor-element elementor-element-36371c29 elementor-section-boxed elementor-section-height-default elementor-section-height-default\" data-id=\"36371c29\" data-element_type=\"section\">\n\t\t\t\t\t\t<div class=\"elementor-container elementor-column-gap-default\">\n\t\t\t\t\t<div class=\"elementor-column elementor-col-50 elementor-inner-column elementor-element elementor-element-44f33821\" data-id=\"44f33821\" data-element_type=\"column\" data-settings=\"{&quot;background_background&quot;:&quot;classic&quot;}\">\n\t\t\t<div class=\"elementor-widget-wrap elementor-element-populated\">\n\t\t\t\t\t\t<div class=\"elementor-element elementor-element-32ec90bb elementor-widget elementor-widget-heading\" data-id=\"32ec90bb\" data-element_type=\"widget\" data-widget_type=\"heading.default\">\n\t\t\t\t<div class=\"elementor-widget-container\">\n\t\t\t\t\t<h2 class=\"elementor-heading-title elementor-size-default\">Nahtlose Drucke<\/h2>\t\t\t\t<\/div>\n\t\t\t\t<\/div>\n\t\t\t\t<div class=\"elementor-element elementor-element-691b06b2 elementor-widget elementor-widget-text-editor\" data-id=\"691b06b2\" data-element_type=\"widget\" data-widget_type=\"text-editor.default\">\n\t\t\t\t<div class=\"elementor-widget-container\">\n\t\t\t\t\t\t\t\t\t<p data-start=\"38\" data-end=\"375\">Die Planen der nahtlosen Drucke sind Eigentum des Ausstellers (ausgenommen das Gestell). Wenn du die Plane nach Ende der Veranstaltung behalten m\u00f6chtest, muss sie direkt nach dem letzten Messetag mitgenommen werden. Die Plane l\u00e4sst sich ganz einfach aus dem Gestell entfernen, indem man an der kleinen Schlaufe in der unteren Ecke zieht.<\/p>\n<p data-start=\"377\" data-end=\"535\">Planen, die eine Stunde nach Ende des letzten Messetags noch im Gestell sind, werden entfernt und zum Recycling entsorgt und sind danach nicht mehr verf\u00fcgbar.<\/p>\n<p data-start=\"537\" data-end=\"566\">Anlieferung der Druckdateien:<\/p>\n<p data-start=\"568\" data-end=\"775\">Grafische Dateien k\u00f6nnen in unserem Event-Uploader hochgeladen werden. Nachdem du eine Bestellung aufgegeben hast, erh\u00e4ltst du per E-Mail einen Direktlink und weitere Informationen zum Hochladen der Dateien.<\/p>\n<p data-start=\"777\" data-end=\"847\" data-is-last-node=\"\" data-is-only-node=\"\">Die Anlieferspezifikationen findest du \u00fcber den untenstehenden Button.<\/p>\n\t\t\t\t\t\t\t\t<\/div>\n\t\t\t\t<\/div>\n\t\t\t\t<div class=\"elementor-element elementor-element-56dec236 elementor-widget elementor-widget-button\" data-id=\"56dec236\" data-element_type=\"widget\" data-widget_type=\"button.default\">\n\t\t\t\t<div class=\"elementor-widget-container\">\n\t\t\t\t\t\t\t\t\t<div class=\"elementor-button-wrapper\">\n\t\t\t\t\t<a class=\"elementor-button elementor-button-link elementor-size-sm\" href=\"https:\/\/www.rmv-nederland.nl\/wp-content\/uploads\/sites\/286\/2025\/05\/Specificaties-Naadloze-Print.pdf\" target=\"_blank\">\n\t\t\t\t\t\t<span class=\"elementor-button-content-wrapper\">\n\t\t\t\t\t\t\t\t\t<span class=\"elementor-button-text\">Spezifikationen f\u00fcr nahtlose Drucke<\/span>\n\t\t\t\t\t<\/span>\n\t\t\t\t\t<\/a>\n\t\t\t\t<\/div>\n\t\t\t\t\t\t\t\t<\/div>\n\t\t\t\t<\/div>\n\t\t\t\t\t<\/div>\n\t\t<\/div>\n\t\t\t\t<div class=\"elementor-column elementor-col-50 elementor-inner-column elementor-element elementor-element-28683fc3\" data-id=\"28683fc3\" data-element_type=\"column\" data-settings=\"{&quot;background_background&quot;:&quot;classic&quot;}\">\n\t\t\t<div class=\"elementor-widget-wrap elementor-element-populated\">\n\t\t\t\t\t\t<div class=\"elementor-element elementor-element-3786b54b elementor-widget elementor-widget-heading\" data-id=\"3786b54b\" data-element_type=\"widget\" data-widget_type=\"heading.default\">\n\t\t\t\t<div class=\"elementor-widget-container\">\n\t\t\t\t\t<h2 class=\"elementor-heading-title elementor-size-default\">Bedruckte Standpaneele<\/h2>\t\t\t\t<\/div>\n\t\t\t\t<\/div>\n\t\t\t\t<div class=\"elementor-element elementor-element-56dd9847 elementor-widget elementor-widget-text-editor\" data-id=\"56dd9847\" data-element_type=\"widget\" data-widget_type=\"text-editor.default\">\n\t\t\t\t<div class=\"elementor-widget-container\">\n\t\t\t\t\t\t\t\t\t<p data-start=\"38\" data-end=\"446\">Bedruckte Standpaneele k\u00f6nnen, falls gew\u00fcnscht, nach Ende der Veranstaltung vom Aussteller mitgenommen werden (ohne das Gestell). Wenn du die Standpaneele mitnehmen m\u00f6chtest, musst du dies bis zum Ende des ersten Messetags an der Aussteller-Rezeption oder bei Event Services melden. Die Paneele m\u00fcssen direkt nach Ende der Veranstaltung mitgenommen werden. Eine Lagerung der Paneele ist leider nicht m\u00f6glich.<\/p>\n<p data-start=\"448\" data-end=\"612\" data-is-last-node=\"\" data-is-only-node=\"\">Wenn bis zum Ende des ersten Messetags nicht mitgeteilt wird, dass du die Standpaneele mitnehmen m\u00f6chtest, werden diese direkt nach Ende der Veranstaltung recycelt.<\/p>\n\t\t\t\t\t\t\t\t<\/div>\n\t\t\t\t<\/div>\n\t\t\t\t<div class=\"elementor-element elementor-element-27945b18 elementor-widget elementor-widget-button\" data-id=\"27945b18\" data-element_type=\"widget\" data-widget_type=\"button.default\">\n\t\t\t\t<div class=\"elementor-widget-container\">\n\t\t\t\t\t\t\t\t\t<div class=\"elementor-button-wrapper\">\n\t\t\t\t\t<a class=\"elementor-button elementor-button-link elementor-size-sm\" href=\"https:\/\/www.rmv-nederland.nl\/wp-content\/uploads\/sites\/286\/2025\/05\/Specificaties-Geprint-Paneel.pdf\" target=\"_blank\">\n\t\t\t\t\t\t<span class=\"elementor-button-content-wrapper\">\n\t\t\t\t\t\t\t\t\t<span class=\"elementor-button-text\">Spezifikationen f\u00fcr bedruckte Standpaneele<\/span>\n\t\t\t\t\t<\/span>\n\t\t\t\t\t<\/a>\n\t\t\t\t<\/div>\n\t\t\t\t\t\t\t\t<\/div>\n\t\t\t\t<\/div>\n\t\t\t\t\t<\/div>\n\t\t<\/div>\n\t\t\t\t\t<\/div>\n\t\t<\/section>\n\t\t\t\t<section class=\"elementor-section elementor-inner-section elementor-element elementor-element-3ce6df91 elementor-section-boxed elementor-section-height-default elementor-section-height-default\" data-id=\"3ce6df91\" data-element_type=\"section\">\n\t\t\t\t\t\t<div class=\"elementor-container elementor-column-gap-default\">\n\t\t\t\t\t<div class=\"elementor-column elementor-col-50 elementor-inner-column elementor-element elementor-element-79107ce1\" data-id=\"79107ce1\" data-element_type=\"column\" data-settings=\"{&quot;background_background&quot;:&quot;classic&quot;}\">\n\t\t\t<div class=\"elementor-widget-wrap elementor-element-populated\">\n\t\t\t\t\t\t<div class=\"elementor-element elementor-element-9ba9058 elementor-widget elementor-widget-heading\" data-id=\"9ba9058\" data-element_type=\"widget\" data-widget_type=\"heading.default\">\n\t\t\t\t<div class=\"elementor-widget-container\">\n\t\t\t\t\t<h2 class=\"elementor-heading-title elementor-size-default\">Sonstige Druckarbeiten<\/h2>\t\t\t\t<\/div>\n\t\t\t\t<\/div>\n\t\t\t\t<div class=\"elementor-element elementor-element-6a85fef5 elementor-widget elementor-widget-text-editor\" data-id=\"6a85fef5\" data-element_type=\"widget\" data-widget_type=\"text-editor.default\">\n\t\t\t\t<div class=\"elementor-widget-container\">\n\t\t\t\t\t\t\t\t\t<p data-start=\"38\" data-end=\"745\">Die Spezifikationen f\u00fcr sonstige Druckarbeiten wie All-in Plus Banner, bedruckte Friesleisten, Easy Eyecatchers Prints, Thekenaufkleber etc. erh\u00e4ltst du nach Bestellung des gew\u00fcnschten Produkts.<br data-start=\"232\" data-end=\"235\" \/>Alle Banner, bedruckten Planen und Paneele k\u00f6nnen, falls gew\u00fcnscht, nach Ende der Veranstaltung vom Aussteller mitgenommen werden (ohne das Gestell). Wenn du die Drucksachen mitnehmen m\u00f6chtest, musst du dies bis zum Ende des ersten Messetags an der Aussteller-Rezeption oder bei Event Services melden. Die Drucksachen m\u00fcssen direkt nach Ende des letzten Messetags mitgenommen werden. Der Abbau erfolgt durch Easyfairs und\/oder den jeweiligen Lieferanten. Eine Lagerung der Drucksachen ist leider nicht m\u00f6glich.<\/p>\n<p data-start=\"747\" data-end=\"923\" data-is-last-node=\"\" data-is-only-node=\"\">Wenn bis zum Ende des ersten Messetags nicht mitgeteilt wird, dass du die Drucksachen mitnehmen m\u00f6chtest, werden diese direkt nach Ende der Veranstaltung entfernt und recycelt.<\/p>\n\t\t\t\t\t\t\t\t<\/div>\n\t\t\t\t<\/div>\n\t\t\t\t\t<\/div>\n\t\t<\/div>\n\t\t\t\t<div class=\"elementor-column elementor-col-50 elementor-inner-column elementor-element elementor-element-57abe007\" data-id=\"57abe007\" data-element_type=\"column\" data-settings=\"{&quot;background_background&quot;:&quot;classic&quot;}\">\n\t\t\t<div class=\"elementor-widget-wrap\">\n\t\t\t\t\t\t\t<\/div>\n\t\t<\/div>\n\t\t\t\t\t<\/div>\n\t\t<\/section>\n\t\t\t\t\t<\/div>\n\t\t<\/div>\n\t\t\t\t\t<\/div>\n\t\t<\/section>\n\t\t\t\t<\/div>\n\t\t","protected":false},"excerpt":{"rendered":"<p>Spezifikationen Home Wenn du Druckauftr\u00e4ge bestellt hast, musst du die Entw\u00fcrfe rechtzeitig einreichen. Pr\u00fcfe die deadlines, bis wann die Entw\u00fcrfe bei uns eingegangen sein m\u00fcssen, und siehe unten die Einreichungsspezifikationen. Nahtlose Drucke Die Planen der nahtlosen Drucke sind Eigentum des Ausstellers (ausgenommen das Gestell). Wenn du die Plane nach Ende der Veranstaltung behalten m\u00f6chtest, muss [&hellip;]<\/p>\n","protected":false},"author":109,"featured_media":0,"parent":135076,"menu_order":0,"comment_status":"closed","ping_status":"closed","template":"","meta":{"_seopress_robots_primary_cat":"","_seopress_titles_title":"","_seopress_titles_desc":"","_seopress_robots_index":"","footnotes":""},"class_list":["post-135060","page","type-page","status-publish","hentry"],"_links":{"self":[{"href":"https:\/\/www.rmv-nederland.nl\/de\/wp-json\/wp\/v2\/pages\/135060","targetHints":{"allow":["GET"]}}],"collection":[{"href":"https:\/\/www.rmv-nederland.nl\/de\/wp-json\/wp\/v2\/pages"}],"about":[{"href":"https:\/\/www.rmv-nederland.nl\/de\/wp-json\/wp\/v2\/types\/page"}],"author":[{"embeddable":true,"href":"https:\/\/www.rmv-nederland.nl\/de\/wp-json\/wp\/v2\/users\/109"}],"replies":[{"embeddable":true,"href":"https:\/\/www.rmv-nederland.nl\/de\/wp-json\/wp\/v2\/comments?post=135060"}],"version-history":[{"count":1,"href":"https:\/\/www.rmv-nederland.nl\/de\/wp-json\/wp\/v2\/pages\/135060\/revisions"}],"predecessor-version":[{"id":135061,"href":"https:\/\/www.rmv-nederland.nl\/de\/wp-json\/wp\/v2\/pages\/135060\/revisions\/135061"}],"up":[{"embeddable":true,"href":"https:\/\/www.rmv-nederland.nl\/de\/wp-json\/wp\/v2\/pages\/135076"}],"wp:attachment":[{"href":"https:\/\/www.rmv-nederland.nl\/de\/wp-json\/wp\/v2\/media?parent=135060"}],"curies":[{"name":"wp","href":"https:\/\/api.w.org\/{rel}","templated":true}]}}