{"id":128699,"date":"2025-03-06T14:15:43","date_gmt":"2025-03-06T13:15:43","guid":{"rendered":"https:\/\/www.rmv-nederland.nl\/easyfairs-nl-app-besucher\/"},"modified":"2025-03-06T14:15:44","modified_gmt":"2025-03-06T13:15:44","slug":"easyfairs-nl-app-besucher","status":"publish","type":"page","link":"https:\/\/www.rmv-nederland.nl\/de\/easyfairs-nl-app-besucher\/","title":{"rendered":"Easyfairs NL App \u2013 Besucher"},"content":{"rendered":"\t\t<div data-elementor-type=\"wp-page\" data-elementor-id=\"128699\" class=\"elementor elementor-128699 elementor-94087\" data-elementor-post-type=\"page\">\n\t\t\t\t\t\t<section class=\"elementor-section elementor-top-section elementor-element elementor-element-d84ceec elementor-section-boxed elementor-section-height-default elementor-section-height-default\" data-id=\"d84ceec\" data-element_type=\"section\">\n\t\t\t\t\t\t<div class=\"elementor-container elementor-column-gap-default\">\n\t\t\t\t\t<div class=\"elementor-column elementor-col-100 elementor-top-column elementor-element elementor-element-5d42728\" data-id=\"5d42728\" data-element_type=\"column\">\n\t\t\t<div class=\"elementor-widget-wrap elementor-element-populated\">\n\t\t\t\t\t\t<div class=\"elementor-element elementor-element-c4f2e30 elementor-widget elementor-widget-heading\" data-id=\"c4f2e30\" data-element_type=\"widget\" data-widget_type=\"heading.default\">\n\t\t\t\t<div class=\"elementor-widget-container\">\n\t\t\t\t\t<h2 class=\"elementor-heading-title elementor-size-default\">Easyfairs NL App: Optimieren Sie Ihren Messebesuch mit der Event-App!<\/h2>\t\t\t\t<\/div>\n\t\t\t\t<\/div>\n\t\t\t\t<div class=\"elementor-element elementor-element-2994370 elementor-widget elementor-widget-heading\" data-id=\"2994370\" data-element_type=\"widget\" data-widget_type=\"heading.default\">\n\t\t\t\t<div class=\"elementor-widget-container\">\n\t\t\t\t\t<h4 class=\"elementor-heading-title elementor-size-default\">Lernen Sie unsere neue Event-App kennen, die Ihr Messeerlebnis auf das n\u00e4chste Level hebt!<\/h4>\t\t\t\t<\/div>\n\t\t\t\t<\/div>\n\t\t\t\t<section class=\"elementor-section elementor-inner-section elementor-element elementor-element-5be161c elementor-section-boxed elementor-section-height-default elementor-section-height-default\" data-id=\"5be161c\" data-element_type=\"section\">\n\t\t\t\t\t\t<div class=\"elementor-container elementor-column-gap-default\">\n\t\t\t\t\t<div class=\"elementor-column elementor-col-50 elementor-inner-column elementor-element elementor-element-04cc1fb\" data-id=\"04cc1fb\" data-element_type=\"column\">\n\t\t\t<div class=\"elementor-widget-wrap elementor-element-populated\">\n\t\t\t\t\t\t<div class=\"elementor-element elementor-element-011f195 elementor-widget elementor-widget-text-editor\" data-id=\"011f195\" data-element_type=\"widget\" data-widget_type=\"text-editor.default\">\n\t\t\t\t<div class=\"elementor-widget-container\">\n\t\t\t\t\t\t\t\t\t<p><strong>\ud83d\ude80 Beginnen Sie mit der Planung, bevor Sie ankommen!<\/strong><br \/>\nWir verstehen, dass die Planung Ihres Besuchs bei RMV Hardenberg und RMV Gorinchem von entscheidender Bedeutung ist, um das Beste aus der Messe herauszuholen. Mit unserer App k\u00f6nnen Sie Ihren Messetag bereits vor Beginn bis ins Detail vorbereiten.<\/p>\n<p><strong>\ud83e\udd1d Erhalten Sie ma\u00dfgeschneiderte Empfehlungen<\/strong><br \/>\nErhalten Sie ma\u00dfgeschneiderte Vorschl\u00e4ge, wen Sie treffen m\u00f6chten. Unsere intelligenten Algorithmen analysieren Ihre Pr\u00e4ferenzen und schlagen die relevantesten Verbindungen vor.<\/p>\n<p><strong>\ud83d\udcc5 Entdecken &amp; planen<\/strong><\/p>\n<p>Verpassen Sie nie wieder eine wichtige Wissenssitzung! Entdecken Sie die verschiedenen Referenten, lesen Sie mehr \u00fcber die Themen und Referenten und f\u00fcgen Sie die f\u00fcr Sie interessanten Sessions direkt in Ihre pers\u00f6nliche Agenda ein. Dar\u00fcber hinaus bietet Ihnen unsere App die M\u00f6glichkeit, die Karte zu konsultieren, damit Sie sich m\u00fchelos zurechtfinden!<\/p>\n\t\t\t\t\t\t\t\t<\/div>\n\t\t\t\t<\/div>\n\t\t\t\t\t<\/div>\n\t\t<\/div>\n\t\t\t\t<div class=\"elementor-column elementor-col-50 elementor-inner-column elementor-element elementor-element-eb1b080\" data-id=\"eb1b080\" data-element_type=\"column\">\n\t\t\t<div class=\"elementor-widget-wrap elementor-element-populated\">\n\t\t\t\t\t\t<div class=\"elementor-element elementor-element-cf5d389 elementor-widget elementor-widget-image\" data-id=\"cf5d389\" data-element_type=\"widget\" data-widget_type=\"image.default\">\n\t\t\t\t<div class=\"elementor-widget-container\">\n\t\t\t\t\t\t\t\t\t\t\t\t\t\t\t<img fetchpriority=\"high\" decoding=\"async\" width=\"768\" height=\"512\" src=\"https:\/\/easyfairsassets.com\/sites\/286\/2023\/12\/Seijbel-Photography-2326-768x512.jpg\" class=\"attachment-medium_large size-medium_large wp-image-84303\" alt=\"\" srcset=\"https:\/\/easyfairsassets.com\/sites\/286\/2023\/12\/Seijbel-Photography-2326-768x512.jpg 768w, https:\/\/easyfairsassets.com\/sites\/286\/2023\/12\/Seijbel-Photography-2326-300x200.jpg 300w, https:\/\/easyfairsassets.com\/sites\/286\/2023\/12\/Seijbel-Photography-2326-1024x683.jpg 1024w, https:\/\/easyfairsassets.com\/sites\/286\/2023\/12\/Seijbel-Photography-2326-1536x1025.jpg 1536w, https:\/\/easyfairsassets.com\/sites\/286\/2023\/12\/Seijbel-Photography-2326.jpg 1920w\" sizes=\"(max-width: 768px) 100vw, 768px\" \/>\t\t\t\t\t\t\t\t\t\t\t\t\t\t\t<\/div>\n\t\t\t\t<\/div>\n\t\t\t\t\t<\/div>\n\t\t<\/div>\n\t\t\t\t\t<\/div>\n\t\t<\/section>\n\t\t\t\t\t<\/div>\n\t\t<\/div>\n\t\t\t\t\t<\/div>\n\t\t<\/section>\n\t\t\t\t<section class=\"elementor-section elementor-top-section elementor-element elementor-element-385b00e elementor-section-boxed elementor-section-height-default elementor-section-height-default\" data-id=\"385b00e\" data-element_type=\"section\" data-settings=\"{&quot;background_background&quot;:&quot;gradient&quot;}\">\n\t\t\t\t\t\t<div class=\"elementor-container elementor-column-gap-default\">\n\t\t\t\t\t<div class=\"elementor-column elementor-col-33 elementor-top-column elementor-element elementor-element-c88c222\" data-id=\"c88c222\" data-element_type=\"column\" data-settings=\"{&quot;background_background&quot;:&quot;classic&quot;}\">\n\t\t\t<div class=\"elementor-widget-wrap elementor-element-populated\">\n\t\t\t\t\t\t<div class=\"elementor-element elementor-element-3049375 elementor-widget elementor-widget-heading\" data-id=\"3049375\" data-element_type=\"widget\" data-widget_type=\"heading.default\">\n\t\t\t\t<div class=\"elementor-widget-container\">\n\t\t\t\t\t<h3 class=\"elementor-heading-title elementor-size-default\">Vorteile der Easyfairs NL-App<\/h3>\t\t\t\t<\/div>\n\t\t\t\t<\/div>\n\t\t\t\t<div class=\"elementor-element elementor-element-9877d20 elementor-widget elementor-widget-text-editor\" data-id=\"9877d20\" data-element_type=\"widget\" data-widget_type=\"text-editor.default\">\n\t\t\t\t<div class=\"elementor-widget-container\">\n\t\t\t\t\t\t\t\t\t<ol>\n<li><strong>Effizientes Networking:<\/strong> Finden Sie schnell und einfach die Fachkr\u00e4fte und Experten, die Sie suchen, und vereinbaren Sie Ihre Termine effizient.<\/li>\n<li><strong>Personalisierte Erfahrung:<\/strong> Erhalten Sie Empfehlungen, die auf Ihre Interessen und Gesch\u00e4ftsanforderungen zugeschnitten sind.<\/li>\n<li><strong>Bleiben Sie organisiert:<\/strong> Bewahren Sie Ihre Planungen, Termine und Wissenssitzungen, die Sie nicht verpassen m\u00f6chten, an einem Ort auf.<\/li>\n<li><strong>Haben Sie die Karte immer zur Hand:<\/strong> Ob Sie einen bestimmten Aussteller, das Wissenstheater oder einen Treffpunkt suchen, die digitale Karte weist Ihnen stets den Weg.<\/li>\n<li><strong>Immer auf dem neuesten Stand:<\/strong> Erhalten Sie Echtzeit-Updates und Benachrichtigungen \u00fcber RMV Hardenberg und RMV Gorinchem.<\/li>\n<\/ol>\n\t\t\t\t\t\t\t\t<\/div>\n\t\t\t\t<\/div>\n\t\t\t\t\t<\/div>\n\t\t<\/div>\n\t\t\t\t<div class=\"elementor-column elementor-col-33 elementor-top-column elementor-element elementor-element-0438372\" data-id=\"0438372\" data-element_type=\"column\">\n\t\t\t<div class=\"elementor-widget-wrap\">\n\t\t\t\t\t\t\t<\/div>\n\t\t<\/div>\n\t\t\t\t<div class=\"elementor-column elementor-col-33 elementor-top-column elementor-element elementor-element-d62a07a\" data-id=\"d62a07a\" data-element_type=\"column\" data-settings=\"{&quot;background_background&quot;:&quot;classic&quot;}\">\n\t\t\t<div class=\"elementor-widget-wrap elementor-element-populated\">\n\t\t\t\t\t\t<div class=\"elementor-element elementor-element-216a6b2 elementor-widget elementor-widget-heading\" data-id=\"216a6b2\" data-element_type=\"widget\" data-widget_type=\"heading.default\">\n\t\t\t\t<div class=\"elementor-widget-container\">\n\t\t\t\t\t<h3 class=\"elementor-heading-title elementor-size-default\">Wie funktionert es?<\/h3>\t\t\t\t<\/div>\n\t\t\t\t<\/div>\n\t\t\t\t<div class=\"elementor-element elementor-element-4d8cff7 elementor-widget elementor-widget-text-editor\" data-id=\"4d8cff7\" data-element_type=\"widget\" data-widget_type=\"text-editor.default\">\n\t\t\t\t<div class=\"elementor-widget-container\">\n\t\t\t\t\t\t\t\t\t<ul>\n<li><strong>Registrieren Sie sich zun\u00e4chst f\u00fcr RMV Hardenberg oder Gorinchem:<\/strong> Nach der Registrierung erhalten Sie eine E-Mail, mit der Sie Ihr Konto in der Easyfairs NL-App erstellen k\u00f6nnen.<\/li>\n<li><strong>Laden Sie die Easyfairs NL-App herunter:<\/strong> Die App ist sowohl f\u00fcr Android als auch f\u00fcr iOS verf\u00fcgbar. Folgen Sie dem Link oder scannen Sie den QR-Code, um die App herunterzuladen.<\/li>\n<li><strong>Richten Sie Ihr Profil ein:<\/strong> Teilen Sie uns Ihre Interessen, Firmendetails und Ihre W\u00fcnsche w\u00e4hrend der Messe mit.<\/li>\n<li><strong>Beginnen Sie mit dem Matching:<\/strong> Erkunden Sie unsere Empfehlungen, vernetzen Sie sich mit anderen Branchenexperten und planen Sie Ihren Besuch.<\/li>\n<li><strong>Genie\u00dfen Sie RMV in Hardenberg oder Gorinchem:<\/strong> Mit Ihrem Terminkalender k\u00f6nnen Sie sich darauf konzentrieren, neue Kontakte zu kn\u00fcpfen und wertvolle Erkenntnisse zu gewinnen!<\/li>\n<\/ul>\n\t\t\t\t\t\t\t\t<\/div>\n\t\t\t\t<\/div>\n\t\t\t\t\t<\/div>\n\t\t<\/div>\n\t\t\t\t\t<\/div>\n\t\t<\/section>\n\t\t\t\t<section class=\"elementor-section elementor-top-section elementor-element elementor-element-4695db0 elementor-section-boxed elementor-section-height-default elementor-section-height-default\" data-id=\"4695db0\" data-element_type=\"section\">\n\t\t\t\t\t\t<div class=\"elementor-container elementor-column-gap-default\">\n\t\t\t\t\t<div class=\"elementor-column elementor-col-100 elementor-top-column elementor-element elementor-element-f8a6bba\" data-id=\"f8a6bba\" data-element_type=\"column\">\n\t\t\t<div class=\"elementor-widget-wrap elementor-element-populated\">\n\t\t\t\t\t\t<div class=\"elementor-element elementor-element-3b5860e elementor-widget elementor-widget-heading\" data-id=\"3b5860e\" data-element_type=\"widget\" data-widget_type=\"heading.default\">\n\t\t\t\t<div class=\"elementor-widget-container\">\n\t\t\t\t\t<h2 class=\"elementor-heading-title elementor-size-default\">Machen Sie das Beste aus Ihrem Besuch!<\/h2>\t\t\t\t<\/div>\n\t\t\t\t<\/div>\n\t\t\t\t<div class=\"elementor-element elementor-element-41d9630 elementor-widget elementor-widget-text-editor\" data-id=\"41d9630\" data-element_type=\"widget\" data-widget_type=\"text-editor.default\">\n\t\t\t\t<div class=\"elementor-widget-container\">\n\t\t\t\t\t\t\t\t\t<p>Die App geht ca. zwei Wochen vor Veranstaltungsbeginn live. Die Links zum App Store (iOS) und Google Play Store (Android) finden Sie jeweils hier.<\/p>\n\t\t\t\t\t\t\t\t<\/div>\n\t\t\t\t<\/div>\n\t\t\t\t<section class=\"elementor-section elementor-inner-section elementor-element elementor-element-927a165 elementor-hidden-desktop elementor-hidden-tablet elementor-hidden-mobile elementor-section-boxed elementor-section-height-default elementor-section-height-default\" data-id=\"927a165\" data-element_type=\"section\">\n\t\t\t\t\t\t<div class=\"elementor-container elementor-column-gap-default\">\n\t\t\t\t\t<div class=\"elementor-column elementor-col-50 elementor-inner-column elementor-element elementor-element-790fb7b\" data-id=\"790fb7b\" data-element_type=\"column\">\n\t\t\t<div class=\"elementor-widget-wrap elementor-element-populated\">\n\t\t\t\t\t\t<div class=\"elementor-element elementor-element-e3f8879 elementor-widget elementor-widget-image\" data-id=\"e3f8879\" data-element_type=\"widget\" data-widget_type=\"image.default\">\n\t\t\t\t<div class=\"elementor-widget-container\">\n\t\t\t\t\t\t\t\t\t\t\t\t\t\t\t<img decoding=\"async\" width=\"233\" height=\"76\" src=\"https:\/\/easyfairsassets.com\/sites\/286\/2024\/04\/MicrosoftTeams-image-5.png\" class=\"attachment-medium size-medium wp-image-94092\" alt=\"\" \/>\t\t\t\t\t\t\t\t\t\t\t\t\t\t\t<\/div>\n\t\t\t\t<\/div>\n\t\t\t\t\t<\/div>\n\t\t<\/div>\n\t\t\t\t<div class=\"elementor-column elementor-col-50 elementor-inner-column elementor-element elementor-element-a502627\" data-id=\"a502627\" data-element_type=\"column\">\n\t\t\t<div class=\"elementor-widget-wrap elementor-element-populated\">\n\t\t\t\t\t\t<div class=\"elementor-element elementor-element-3641770 elementor-widget elementor-widget-image\" data-id=\"3641770\" data-element_type=\"widget\" data-widget_type=\"image.default\">\n\t\t\t\t<div class=\"elementor-widget-container\">\n\t\t\t\t\t\t\t\t\t\t\t\t\t\t\t<img decoding=\"async\" width=\"223\" height=\"73\" src=\"https:\/\/easyfairsassets.com\/sites\/286\/2024\/04\/MicrosoftTeams-image-6.png\" class=\"attachment-medium size-medium wp-image-94094\" alt=\"\" \/>\t\t\t\t\t\t\t\t\t\t\t\t\t\t\t<\/div>\n\t\t\t\t<\/div>\n\t\t\t\t\t<\/div>\n\t\t<\/div>\n\t\t\t\t\t<\/div>\n\t\t<\/section>\n\t\t\t\t\t<\/div>\n\t\t<\/div>\n\t\t\t\t\t<\/div>\n\t\t<\/section>\n\t\t\t\t<section class=\"elementor-section elementor-top-section elementor-element elementor-element-831c52d elementor-section-boxed elementor-section-height-default elementor-section-height-default\" data-id=\"831c52d\" data-element_type=\"section\">\n\t\t\t\t\t\t<div class=\"elementor-container elementor-column-gap-default\">\n\t\t\t\t\t<div class=\"elementor-column elementor-col-100 elementor-top-column elementor-element elementor-element-036b4ce\" data-id=\"036b4ce\" data-element_type=\"column\">\n\t\t\t<div class=\"elementor-widget-wrap elementor-element-populated\">\n\t\t\t\t\t\t<div class=\"elementor-element elementor-element-16e4d79 elementor-widget elementor-widget-heading\" data-id=\"16e4d79\" data-element_type=\"widget\" data-widget_type=\"heading.default\">\n\t\t\t\t<div class=\"elementor-widget-container\">\n\t\t\t\t\t<h2 class=\"elementor-heading-title elementor-size-default\">FAQ<\/h2>\t\t\t\t<\/div>\n\t\t\t\t<\/div>\n\t\t\t\t<div class=\"elementor-element elementor-element-737e56e elementor-widget elementor-widget-accordion\" data-id=\"737e56e\" data-element_type=\"widget\" data-widget_type=\"accordion.default\">\n\t\t\t\t<div class=\"elementor-widget-container\">\n\t\t\t\t\t\t\t<div class=\"elementor-accordion\">\n\t\t\t\t\t\t\t<div class=\"elementor-accordion-item\">\n\t\t\t\t\t<div id=\"elementor-tab-title-1211\" class=\"elementor-tab-title\" data-tab=\"1\" role=\"button\" aria-controls=\"elementor-tab-content-1211\" aria-expanded=\"false\">\n\t\t\t\t\t\t\t\t\t\t\t\t\t<span class=\"elementor-accordion-icon elementor-accordion-icon-left\" aria-hidden=\"true\">\n\t\t\t\t\t\t\t\t\t\t\t\t\t\t\t<span class=\"elementor-accordion-icon-closed\"><i class=\"fas fa-plus\"><\/i><\/span>\n\t\t\t\t\t\t\t\t<span class=\"elementor-accordion-icon-opened\"><i class=\"fas fa-minus\"><\/i><\/span>\n\t\t\t\t\t\t\t\t\t\t\t\t\t\t<\/span>\n\t\t\t\t\t\t\t\t\t\t\t\t<a class=\"elementor-accordion-title\" tabindex=\"0\">Was ist die Easyfairs NL-App?<\/a>\n\t\t\t\t\t<\/div>\n\t\t\t\t\t<div id=\"elementor-tab-content-1211\" class=\"elementor-tab-content elementor-clearfix\" data-tab=\"1\" role=\"region\" aria-labelledby=\"elementor-tab-title-1211\"><p>Besucher, Redner und Aussteller k\u00f6nnen sich bei der Easyfairs NL-App anmelden, wo sie die neuesten Nachrichten von der Veranstaltung verfolgen und mit anderen Besuchern, Ausstellern oder Rednern in Kontakt treten k\u00f6nnen. Mit der App k\u00f6nnen sie:<\/p>\n<ul>\n<li>Sehen Sie sich das Wissensprogramm an und planen Sie Sitzungen in ihrer Agenda<\/li>\n<li>Networking mit anderen Besuchern, Ausstellern oder Referenten<\/li>\n<li>Planen Sie w\u00e4hrend der Veranstaltung Termine mit anderen<\/li>\n<li>Sehen Sie sich Informationen zu Referenten und Ausstellern an<\/li>\n<li>Sehen Sie sich die Karte an<\/li>\n<\/ul>\n<\/div>\n\t\t\t\t<\/div>\n\t\t\t\t\t\t\t<div class=\"elementor-accordion-item\">\n\t\t\t\t\t<div id=\"elementor-tab-title-1212\" class=\"elementor-tab-title\" data-tab=\"2\" role=\"button\" aria-controls=\"elementor-tab-content-1212\" aria-expanded=\"false\">\n\t\t\t\t\t\t\t\t\t\t\t\t\t<span class=\"elementor-accordion-icon elementor-accordion-icon-left\" aria-hidden=\"true\">\n\t\t\t\t\t\t\t\t\t\t\t\t\t\t\t<span class=\"elementor-accordion-icon-closed\"><i class=\"fas fa-plus\"><\/i><\/span>\n\t\t\t\t\t\t\t\t<span class=\"elementor-accordion-icon-opened\"><i class=\"fas fa-minus\"><\/i><\/span>\n\t\t\t\t\t\t\t\t\t\t\t\t\t\t<\/span>\n\t\t\t\t\t\t\t\t\t\t\t\t<a class=\"elementor-accordion-title\" tabindex=\"0\">Wie lade ich die App herunter?<\/a>\n\t\t\t\t\t<\/div>\n\t\t\t\t\t<div id=\"elementor-tab-content-1212\" class=\"elementor-tab-content elementor-clearfix\" data-tab=\"2\" role=\"region\" aria-labelledby=\"elementor-tab-title-1212\"><p>Die App kann im App Store (iOS) oder Google Play Store (Android) heruntergeladen werden. Suchen Sie nach Easyfairs NL. Oder klicken Sie in der Willkommens-E-Mail, die Sie erhalten, auf \u201eApp herunterladen\u201c.<\/p>\n<\/div>\n\t\t\t\t<\/div>\n\t\t\t\t\t\t\t<div class=\"elementor-accordion-item\">\n\t\t\t\t\t<div id=\"elementor-tab-title-1213\" class=\"elementor-tab-title\" data-tab=\"3\" role=\"button\" aria-controls=\"elementor-tab-content-1213\" aria-expanded=\"false\">\n\t\t\t\t\t\t\t\t\t\t\t\t\t<span class=\"elementor-accordion-icon elementor-accordion-icon-left\" aria-hidden=\"true\">\n\t\t\t\t\t\t\t\t\t\t\t\t\t\t\t<span class=\"elementor-accordion-icon-closed\"><i class=\"fas fa-plus\"><\/i><\/span>\n\t\t\t\t\t\t\t\t<span class=\"elementor-accordion-icon-opened\"><i class=\"fas fa-minus\"><\/i><\/span>\n\t\t\t\t\t\t\t\t\t\t\t\t\t\t<\/span>\n\t\t\t\t\t\t\t\t\t\t\t\t<a class=\"elementor-accordion-title\" tabindex=\"0\">Wie aktiviere ich mein Konto?<\/a>\n\t\t\t\t\t<\/div>\n\t\t\t\t\t<div id=\"elementor-tab-content-1213\" class=\"elementor-tab-content elementor-clearfix\" data-tab=\"3\" role=\"region\" aria-labelledby=\"elementor-tab-title-1213\"><p>Nach der Anmeldung zur Messe erhalten Sie eine Willkommens-E-Mail zur Aktivierung Ihres Kontos f\u00fcr die Easyfairs NL-App. Geben Sie die E-Mail-Adresse, mit der Sie sich registriert haben, und die Registrierungs-ID\/Badge-ID aus der Willkommens-E-Mail ein. Anschlie\u00dfend erstellen Sie ein Passwort, mit dem Sie sich k\u00fcnftig anmelden k\u00f6nnen.<\/p>\n<\/div>\n\t\t\t\t<\/div>\n\t\t\t\t\t\t\t<div class=\"elementor-accordion-item\">\n\t\t\t\t\t<div id=\"elementor-tab-title-1214\" class=\"elementor-tab-title\" data-tab=\"4\" role=\"button\" aria-controls=\"elementor-tab-content-1214\" aria-expanded=\"false\">\n\t\t\t\t\t\t\t\t\t\t\t\t\t<span class=\"elementor-accordion-icon elementor-accordion-icon-left\" aria-hidden=\"true\">\n\t\t\t\t\t\t\t\t\t\t\t\t\t\t\t<span class=\"elementor-accordion-icon-closed\"><i class=\"fas fa-plus\"><\/i><\/span>\n\t\t\t\t\t\t\t\t<span class=\"elementor-accordion-icon-opened\"><i class=\"fas fa-minus\"><\/i><\/span>\n\t\t\t\t\t\t\t\t\t\t\t\t\t\t<\/span>\n\t\t\t\t\t\t\t\t\t\t\t\t<a class=\"elementor-accordion-title\" tabindex=\"0\">Ich habe keine Willkommens-E-Mail erhalten?<\/a>\n\t\t\t\t\t<\/div>\n\t\t\t\t\t<div id=\"elementor-tab-content-1214\" class=\"elementor-tab-content elementor-clearfix\" data-tab=\"4\" role=\"region\" aria-labelledby=\"elementor-tab-title-1214\"><p>Klicken Sie auf Hilfe? Klicken Sie in der App auf den Button, um mit uns Kontakt aufzunehmen, damit die E-Mail trotzdem versendet werden kann. Oder senden Sie eine E-Mail an <a href=\"mailto:uitnodiging@easyfairs.com\">uitnodiging@easyfairs.com<\/a>.<\/p>\n<\/div>\n\t\t\t\t<\/div>\n\t\t\t\t\t\t\t<div class=\"elementor-accordion-item\">\n\t\t\t\t\t<div id=\"elementor-tab-title-1215\" class=\"elementor-tab-title\" data-tab=\"5\" role=\"button\" aria-controls=\"elementor-tab-content-1215\" aria-expanded=\"false\">\n\t\t\t\t\t\t\t\t\t\t\t\t\t<span class=\"elementor-accordion-icon elementor-accordion-icon-left\" aria-hidden=\"true\">\n\t\t\t\t\t\t\t\t\t\t\t\t\t\t\t<span class=\"elementor-accordion-icon-closed\"><i class=\"fas fa-plus\"><\/i><\/span>\n\t\t\t\t\t\t\t\t<span class=\"elementor-accordion-icon-opened\"><i class=\"fas fa-minus\"><\/i><\/span>\n\t\t\t\t\t\t\t\t\t\t\t\t\t\t<\/span>\n\t\t\t\t\t\t\t\t\t\t\t\t<a class=\"elementor-accordion-title\" tabindex=\"0\">Wie kontaktiere ich einen Aussteller \u00fcber die App?<\/a>\n\t\t\t\t\t<\/div>\n\t\t\t\t\t<div id=\"elementor-tab-content-1215\" class=\"elementor-tab-content elementor-clearfix\" data-tab=\"5\" role=\"region\" aria-labelledby=\"elementor-tab-title-1215\"><p>Alle teilnehmenden Unternehmen finden Sie in der Ausstellerliste. Klicken Sie auf \u201eInteresse zeigen\u201c, um zu zeigen, dass Sie an dem Unternehmen interessiert sind. Wenn der Aussteller Ihr Interesse best\u00e4tigt, k\u00f6nnen Sie miteinander chatten oder einen Termin vereinbaren.<\/p>\n<\/div>\n\t\t\t\t<\/div>\n\t\t\t\t\t\t\t<div class=\"elementor-accordion-item\">\n\t\t\t\t\t<div id=\"elementor-tab-title-1216\" class=\"elementor-tab-title\" data-tab=\"6\" role=\"button\" aria-controls=\"elementor-tab-content-1216\" aria-expanded=\"false\">\n\t\t\t\t\t\t\t\t\t\t\t\t\t<span class=\"elementor-accordion-icon elementor-accordion-icon-left\" aria-hidden=\"true\">\n\t\t\t\t\t\t\t\t\t\t\t\t\t\t\t<span class=\"elementor-accordion-icon-closed\"><i class=\"fas fa-plus\"><\/i><\/span>\n\t\t\t\t\t\t\t\t<span class=\"elementor-accordion-icon-opened\"><i class=\"fas fa-minus\"><\/i><\/span>\n\t\t\t\t\t\t\t\t\t\t\t\t\t\t<\/span>\n\t\t\t\t\t\t\t\t\t\t\t\t<a class=\"elementor-accordion-title\" tabindex=\"0\">Wie verbinde ich mich mit anderen Nutzern der App?<\/a>\n\t\t\t\t\t<\/div>\n\t\t\t\t\t<div id=\"elementor-tab-content-1216\" class=\"elementor-tab-content elementor-clearfix\" data-tab=\"6\" role=\"region\" aria-labelledby=\"elementor-tab-title-1216\"><p>Unter \u201eApp-Benutzer\u201c sehen Sie alle Benutzer der App. Wenn Sie beispielsweise mit einem anderen Messebesucher Kontakt aufnehmen m\u00f6chten, suchen Sie diese Person und klicken Sie auf \u201eInteresse zeigen\u201c, um Ihr Interesse zu bekunden.<\/p>\n<\/div>\n\t\t\t\t<\/div>\n\t\t\t\t\t\t\t<div class=\"elementor-accordion-item\">\n\t\t\t\t\t<div id=\"elementor-tab-title-1217\" class=\"elementor-tab-title\" data-tab=\"7\" role=\"button\" aria-controls=\"elementor-tab-content-1217\" aria-expanded=\"false\">\n\t\t\t\t\t\t\t\t\t\t\t\t\t<span class=\"elementor-accordion-icon elementor-accordion-icon-left\" aria-hidden=\"true\">\n\t\t\t\t\t\t\t\t\t\t\t\t\t\t\t<span class=\"elementor-accordion-icon-closed\"><i class=\"fas fa-plus\"><\/i><\/span>\n\t\t\t\t\t\t\t\t<span class=\"elementor-accordion-icon-opened\"><i class=\"fas fa-minus\"><\/i><\/span>\n\t\t\t\t\t\t\t\t\t\t\t\t\t\t<\/span>\n\t\t\t\t\t\t\t\t\t\t\t\t<a class=\"elementor-accordion-title\" tabindex=\"0\">Wie plane ich eine Wissenssitzung in meiner Agenda \u00fcber die App?<\/a>\n\t\t\t\t\t<\/div>\n\t\t\t\t\t<div id=\"elementor-tab-content-1217\" class=\"elementor-tab-content elementor-clearfix\" data-tab=\"7\" role=\"region\" aria-labelledby=\"elementor-tab-title-1217\"><p>Das gesamte Programm ist in der App unter der Programm\u00fcberschrift sichtbar. Wenn Sie an einer Sitzung teilnehmen m\u00f6chten, k\u00f6nnen Sie diese zur Tagesordnung hinzuf\u00fcgen, indem Sie f\u00fcr die Sitzung auf die Schaltfl\u00e4che \u201eZur Tagesordnung hinzuf\u00fcgen\u201c klicken.<\/p>\n<\/div>\n\t\t\t\t<\/div>\n\t\t\t\t\t\t\t<div class=\"elementor-accordion-item\">\n\t\t\t\t\t<div id=\"elementor-tab-title-1218\" class=\"elementor-tab-title\" data-tab=\"8\" role=\"button\" aria-controls=\"elementor-tab-content-1218\" aria-expanded=\"false\">\n\t\t\t\t\t\t\t\t\t\t\t\t\t<span class=\"elementor-accordion-icon elementor-accordion-icon-left\" aria-hidden=\"true\">\n\t\t\t\t\t\t\t\t\t\t\t\t\t\t\t<span class=\"elementor-accordion-icon-closed\"><i class=\"fas fa-plus\"><\/i><\/span>\n\t\t\t\t\t\t\t\t<span class=\"elementor-accordion-icon-opened\"><i class=\"fas fa-minus\"><\/i><\/span>\n\t\t\t\t\t\t\t\t\t\t\t\t\t\t<\/span>\n\t\t\t\t\t\t\t\t\t\t\t\t<a class=\"elementor-accordion-title\" tabindex=\"0\">Wie werden die Empfehlungen ermittelt, die ich erhalte?<\/a>\n\t\t\t\t\t<\/div>\n\t\t\t\t\t<div id=\"elementor-tab-content-1218\" class=\"elementor-tab-content elementor-clearfix\" data-tab=\"8\" role=\"region\" aria-labelledby=\"elementor-tab-title-1218\"><p>Unter \u201eF\u00fcr Sie empfohlen\u201c sehen Sie Empfehlungen, die speziell f\u00fcr Sie angezeigt werden, z. B. Aussteller, Standpersonal, andere Besucher usw. Diese Empfehlungen basieren auf Ihrem Profil und Ihren Interessen. Sie k\u00f6nnen Interesse an den vorgeschlagenen Personen oder Unternehmen zeigen oder diese \u00fcberspringen.<\/p>\n<\/div>\n\t\t\t\t<\/div>\n\t\t\t\t\t\t\t\t<\/div>\n\t\t\t\t\t\t<\/div>\n\t\t\t\t<\/div>\n\t\t\t\t\t<\/div>\n\t\t<\/div>\n\t\t\t\t\t<\/div>\n\t\t<\/section>\n\t\t\t\t<\/div>\n\t\t","protected":false},"excerpt":{"rendered":"<p>Easyfairs NL App: Optimieren Sie Ihren Messebesuch mit der Event-App! Lernen Sie unsere neue Event-App kennen, die Ihr Messeerlebnis auf das n\u00e4chste Level hebt! \ud83d\ude80 Beginnen Sie mit der Planung, bevor Sie ankommen! Wir verstehen, dass die Planung Ihres Besuchs bei RMV Hardenberg und RMV Gorinchem von entscheidender Bedeutung ist, um das Beste aus der [&hellip;]<\/p>\n","protected":false},"author":109,"featured_media":0,"parent":0,"menu_order":0,"comment_status":"closed","ping_status":"closed","template":"","meta":{"_seopress_robots_primary_cat":"","_seopress_titles_title":"","_seopress_titles_desc":"","_seopress_robots_index":"","footnotes":""},"class_list":["post-128699","page","type-page","status-publish","hentry"],"_links":{"self":[{"href":"https:\/\/www.rmv-nederland.nl\/de\/wp-json\/wp\/v2\/pages\/128699","targetHints":{"allow":["GET"]}}],"collection":[{"href":"https:\/\/www.rmv-nederland.nl\/de\/wp-json\/wp\/v2\/pages"}],"about":[{"href":"https:\/\/www.rmv-nederland.nl\/de\/wp-json\/wp\/v2\/types\/page"}],"author":[{"embeddable":true,"href":"https:\/\/www.rmv-nederland.nl\/de\/wp-json\/wp\/v2\/users\/109"}],"replies":[{"embeddable":true,"href":"https:\/\/www.rmv-nederland.nl\/de\/wp-json\/wp\/v2\/comments?post=128699"}],"version-history":[{"count":1,"href":"https:\/\/www.rmv-nederland.nl\/de\/wp-json\/wp\/v2\/pages\/128699\/revisions"}],"predecessor-version":[{"id":128700,"href":"https:\/\/www.rmv-nederland.nl\/de\/wp-json\/wp\/v2\/pages\/128699\/revisions\/128700"}],"wp:attachment":[{"href":"https:\/\/www.rmv-nederland.nl\/de\/wp-json\/wp\/v2\/media?parent=128699"}],"curies":[{"name":"wp","href":"https:\/\/api.w.org\/{rel}","templated":true}]}}