{"id":11701,"date":"2021-10-19T10:42:52","date_gmt":"2021-10-19T08:42:52","guid":{"rendered":"https:\/\/www.rmv-nederland.nl\/hallenplan\/"},"modified":"2026-01-29T12:14:22","modified_gmt":"2026-01-29T11:14:22","slug":"hallenplan","status":"publish","type":"page","link":"https:\/\/www.rmv-nederland.nl\/de\/hallenplan\/","title":{"rendered":"Hallenplan"},"content":{"rendered":"\t\t<div data-elementor-type=\"wp-page\" data-elementor-id=\"11701\" class=\"elementor elementor-11701 elementor-10373\" data-elementor-post-type=\"page\">\n\t\t\t\t\t\t<section class=\"elementor-section elementor-top-section elementor-element elementor-element-c3c895e elementor-section-boxed elementor-section-height-default elementor-section-height-default\" data-id=\"c3c895e\" data-element_type=\"section\">\n\t\t\t\t\t\t<div class=\"elementor-container elementor-column-gap-default\">\n\t\t\t\t\t<div class=\"elementor-column elementor-col-100 elementor-top-column elementor-element elementor-element-625557d\" data-id=\"625557d\" data-element_type=\"column\">\n\t\t\t<div class=\"elementor-widget-wrap elementor-element-populated\">\n\t\t\t\t\t\t<div class=\"elementor-element elementor-element-c66b0b1 elementor-widget elementor-widget-spacer\" data-id=\"c66b0b1\" data-element_type=\"widget\" data-widget_type=\"spacer.default\">\n\t\t\t\t<div class=\"elementor-widget-container\">\n\t\t\t\t\t\t\t<div class=\"elementor-spacer\">\n\t\t\t<div class=\"elementor-spacer-inner\"><\/div>\n\t\t<\/div>\n\t\t\t\t\t\t<\/div>\n\t\t\t\t<\/div>\n\t\t\t\t<div class=\"elementor-element elementor-element-185a2eb elementor-widget elementor-widget-heading\" data-id=\"185a2eb\" data-element_type=\"widget\" data-widget_type=\"heading.default\">\n\t\t\t\t<div class=\"elementor-widget-container\">\n\t\t\t\t\t<h2 class=\"elementor-heading-title elementor-size-default\">Hallenplan RMV Hardenberg und RMV Gorinchem 2026<\/h2>\t\t\t\t<\/div>\n\t\t\t\t<\/div>\n\t\t\t\t<div class=\"elementor-element elementor-element-a30e34d elementor-widget elementor-widget-text-editor\" data-id=\"a30e34d\" data-element_type=\"widget\" data-widget_type=\"text-editor.default\">\n\t\t\t\t<div class=\"elementor-widget-container\">\n\t\t\t\t\t\t\t\t\t<p>Sehen Sie sich hier die Karten von RMV Hardenberg 2026 und RMV Gorinchem 2026 an. Sind Sie neugierig auf die M\u00f6glichkeiten zur Teilnahme an beiden Ausgaben und m\u00f6chten Sie wissen, welche Standorte noch verf\u00fcgbar sind? Bitte kontaktieren Sie uns unverbindlich.<\/p>\t\t\t\t\t\t\t\t<\/div>\n\t\t\t\t<\/div>\n\t\t\t\t\t<\/div>\n\t\t<\/div>\n\t\t\t\t\t<\/div>\n\t\t<\/section>\n\t\t\t\t<section class=\"elementor-section elementor-top-section elementor-element elementor-element-688838f elementor-section-boxed elementor-section-height-default elementor-section-height-default\" data-id=\"688838f\" data-element_type=\"section\">\n\t\t\t\t\t\t<div class=\"elementor-container elementor-column-gap-wide\">\n\t\t\t\t\t<div class=\"elementor-column elementor-col-50 elementor-top-column elementor-element elementor-element-1db32a2\" data-id=\"1db32a2\" data-element_type=\"column\">\n\t\t\t<div class=\"elementor-widget-wrap elementor-element-populated\">\n\t\t\t\t\t\t<div class=\"elementor-element elementor-element-a5e6735 elementor-widget elementor-widget-heading\" data-id=\"a5e6735\" data-element_type=\"widget\" data-widget_type=\"heading.default\">\n\t\t\t\t<div class=\"elementor-widget-container\">\n\t\t\t\t\t<h3 class=\"elementor-heading-title elementor-size-default\">RMV Hardenberg<\/h3>\t\t\t\t<\/div>\n\t\t\t\t<\/div>\n\t\t\t\t<div class=\"elementor-element elementor-element-55a45c7 elementor-align-center elementor-widget elementor-widget-button\" data-id=\"55a45c7\" data-element_type=\"widget\" data-widget_type=\"button.default\">\n\t\t\t\t<div class=\"elementor-widget-container\">\n\t\t\t\t\t\t\t\t\t<div class=\"elementor-button-wrapper\">\n\t\t\t\t\t<a class=\"elementor-button elementor-button-link elementor-size-sm\" href=\"https:\/\/www.rmv-nederland.nl\/de\/buchen-sie-ihren-stand\/\">\n\t\t\t\t\t\t<span class=\"elementor-button-content-wrapper\">\n\t\t\t\t\t\t\t\t\t<span class=\"elementor-button-text\">Stand buchen RMV Hardenberg<\/span>\n\t\t\t\t\t<\/span>\n\t\t\t\t\t<\/a>\n\t\t\t\t<\/div>\n\t\t\t\t\t\t\t\t<\/div>\n\t\t\t\t<\/div>\n\t\t\t\t<div class=\"elementor-element elementor-element-c034b56 elementor-widget elementor-widget-image\" data-id=\"c034b56\" data-element_type=\"widget\" data-widget_type=\"image.default\">\n\t\t\t\t<div class=\"elementor-widget-container\">\n\t\t\t\t\t\t\t\t\t\t\t\t\t\t\t\t<a href=\"https:\/\/easyfairsassets.com\/sites\/286\/2026\/01\/RMV-Hardenberg-2026.pdf\" target=\"_blank\">\n\t\t\t\t\t\t\t<img fetchpriority=\"high\" decoding=\"async\" width=\"800\" height=\"546\" src=\"https:\/\/easyfairsassets.com\/sites\/286\/2026\/01\/Basisplattegrond-RMV-Hardenberg-2026-1024x699.jpg\" class=\"attachment-large size-large wp-image-162241\" alt=\"\" srcset=\"https:\/\/easyfairsassets.com\/sites\/286\/2026\/01\/Basisplattegrond-RMV-Hardenberg-2026-1024x699.jpg 1024w, https:\/\/easyfairsassets.com\/sites\/286\/2026\/01\/Basisplattegrond-RMV-Hardenberg-2026-300x205.jpg 300w, https:\/\/easyfairsassets.com\/sites\/286\/2026\/01\/Basisplattegrond-RMV-Hardenberg-2026-768x524.jpg 768w, https:\/\/easyfairsassets.com\/sites\/286\/2026\/01\/Basisplattegrond-RMV-Hardenberg-2026-1536x1048.jpg 1536w, https:\/\/easyfairsassets.com\/sites\/286\/2026\/01\/Basisplattegrond-RMV-Hardenberg-2026.jpg 1920w\" sizes=\"(max-width: 800px) 100vw, 800px\" \/>\t\t\t\t\t\t\t\t<\/a>\n\t\t\t\t\t\t\t\t\t\t\t\t\t\t\t<\/div>\n\t\t\t\t<\/div>\n\t\t\t\t\t<\/div>\n\t\t<\/div>\n\t\t\t\t<div class=\"elementor-column elementor-col-50 elementor-top-column elementor-element elementor-element-8a3fb42\" data-id=\"8a3fb42\" data-element_type=\"column\">\n\t\t\t<div class=\"elementor-widget-wrap elementor-element-populated\">\n\t\t\t\t\t\t<div class=\"elementor-element elementor-element-bc0f5da elementor-widget elementor-widget-heading\" data-id=\"bc0f5da\" data-element_type=\"widget\" data-widget_type=\"heading.default\">\n\t\t\t\t<div class=\"elementor-widget-container\">\n\t\t\t\t\t<h3 class=\"elementor-heading-title elementor-size-default\">RMV Gorinchem<\/h3>\t\t\t\t<\/div>\n\t\t\t\t<\/div>\n\t\t\t\t<div class=\"elementor-element elementor-element-9d7c549 elementor-align-center elementor-widget elementor-widget-button\" data-id=\"9d7c549\" data-element_type=\"widget\" data-widget_type=\"button.default\">\n\t\t\t\t<div class=\"elementor-widget-container\">\n\t\t\t\t\t\t\t\t\t<div class=\"elementor-button-wrapper\">\n\t\t\t\t\t<a class=\"elementor-button elementor-button-link elementor-size-sm\" href=\"https:\/\/www.rmv-nederland.nl\/de\/buchen-sie-ihren-stand\/\" target=\"_blank\">\n\t\t\t\t\t\t<span class=\"elementor-button-content-wrapper\">\n\t\t\t\t\t\t\t\t\t<span class=\"elementor-button-text\">Stand buchen RMV Gorinchem<\/span>\n\t\t\t\t\t<\/span>\n\t\t\t\t\t<\/a>\n\t\t\t\t<\/div>\n\t\t\t\t\t\t\t\t<\/div>\n\t\t\t\t<\/div>\n\t\t\t\t<div class=\"elementor-element elementor-element-f7d1cb7 elementor-widget elementor-widget-image\" data-id=\"f7d1cb7\" data-element_type=\"widget\" data-widget_type=\"image.default\">\n\t\t\t\t<div class=\"elementor-widget-container\">\n\t\t\t\t\t\t\t\t\t\t\t\t\t\t\t\t<a href=\"https:\/\/easyfairsassets.com\/sites\/286\/2026\/01\/RMV-Gorinchem-2026.pdf\" target=\"_blank\">\n\t\t\t\t\t\t\t<img decoding=\"async\" width=\"800\" height=\"546\" src=\"https:\/\/easyfairsassets.com\/sites\/286\/2026\/01\/Basisplattegrond-RMV-Gorinchem-2026-1024x699.jpg\" class=\"attachment-large size-large wp-image-162243\" alt=\"\" srcset=\"https:\/\/easyfairsassets.com\/sites\/286\/2026\/01\/Basisplattegrond-RMV-Gorinchem-2026-1024x699.jpg 1024w, https:\/\/easyfairsassets.com\/sites\/286\/2026\/01\/Basisplattegrond-RMV-Gorinchem-2026-300x205.jpg 300w, https:\/\/easyfairsassets.com\/sites\/286\/2026\/01\/Basisplattegrond-RMV-Gorinchem-2026-768x524.jpg 768w, https:\/\/easyfairsassets.com\/sites\/286\/2026\/01\/Basisplattegrond-RMV-Gorinchem-2026-1536x1048.jpg 1536w, https:\/\/easyfairsassets.com\/sites\/286\/2026\/01\/Basisplattegrond-RMV-Gorinchem-2026.jpg 1920w\" sizes=\"(max-width: 800px) 100vw, 800px\" \/>\t\t\t\t\t\t\t\t<\/a>\n\t\t\t\t\t\t\t\t\t\t\t\t\t\t\t<\/div>\n\t\t\t\t<\/div>\n\t\t\t\t\t<\/div>\n\t\t<\/div>\n\t\t\t\t\t<\/div>\n\t\t<\/section>\n\t\t\t\t<\/div>\n\t\t","protected":false},"excerpt":{"rendered":"<p>Hallenplan RMV Hardenberg und RMV Gorinchem 2026 Sehen Sie sich hier die Karten von RMV Hardenberg 2026 und RMV Gorinchem 2026 an. Sind Sie neugierig auf die M\u00f6glichkeiten zur Teilnahme an beiden Ausgaben und m\u00f6chten Sie wissen, welche Standorte noch verf\u00fcgbar sind? Bitte kontaktieren Sie uns unverbindlich. RMV Hardenberg Stand buchen RMV Hardenberg RMV Gorinchem [&hellip;]<\/p>\n","protected":false},"author":456,"featured_media":0,"parent":0,"menu_order":0,"comment_status":"closed","ping_status":"closed","template":"","meta":{"_seopress_robots_primary_cat":"","_seopress_titles_title":"Plattegrond RMV Hardenberg &amp; Gorinchem 2025","_seopress_titles_desc":"Plattegrond RMV Hardenberg &amp; Gorinchem 2025","_seopress_robots_index":"","footnotes":""},"class_list":["post-11701","page","type-page","status-publish","hentry"],"_links":{"self":[{"href":"https:\/\/www.rmv-nederland.nl\/de\/wp-json\/wp\/v2\/pages\/11701","targetHints":{"allow":["GET"]}}],"collection":[{"href":"https:\/\/www.rmv-nederland.nl\/de\/wp-json\/wp\/v2\/pages"}],"about":[{"href":"https:\/\/www.rmv-nederland.nl\/de\/wp-json\/wp\/v2\/types\/page"}],"author":[{"embeddable":true,"href":"https:\/\/www.rmv-nederland.nl\/de\/wp-json\/wp\/v2\/users\/456"}],"replies":[{"embeddable":true,"href":"https:\/\/www.rmv-nederland.nl\/de\/wp-json\/wp\/v2\/comments?post=11701"}],"version-history":[{"count":5,"href":"https:\/\/www.rmv-nederland.nl\/de\/wp-json\/wp\/v2\/pages\/11701\/revisions"}],"predecessor-version":[{"id":162248,"href":"https:\/\/www.rmv-nederland.nl\/de\/wp-json\/wp\/v2\/pages\/11701\/revisions\/162248"}],"wp:attachment":[{"href":"https:\/\/www.rmv-nederland.nl\/de\/wp-json\/wp\/v2\/media?parent=11701"}],"curies":[{"name":"wp","href":"https:\/\/api.w.org\/{rel}","templated":true}]}}